{"id":1992,"date":"2020-10-12T08:38:20","date_gmt":"2020-10-12T06:38:20","guid":{"rendered":"http:\/\/alexdecarvalho.com.br\/brazilianzoukmac\/?page_id=1992"},"modified":"2020-10-12T08:40:56","modified_gmt":"2020-10-12T06:40:56","slug":"luis-floriao-and-adriana-dacri","status":"publish","type":"page","link":"https:\/\/alexdecarvalho.com.br\/brazilianzoukmac\/instructors-for-mac\/luis-floriao-and-adriana-dacri\/","title":{"rendered":"Speaker &#8211; Luis Flori\u00e3o and Adriana D&#8217;acri"},"content":{"rendered":"\t\t<div data-elementor-type=\"wp-post\" data-elementor-id=\"1992\" class=\"elementor elementor-1992\" data-elementor-post-type=\"page\">\n\t\t\t\t\t\t<section class=\"elementor-section elementor-top-section elementor-element elementor-element-619df54d elementor-section-boxed elementor-section-height-default elementor-section-height-default\" data-id=\"619df54d\" data-element_type=\"section\" data-e-type=\"section\">\n\t\t\t\t\t\t<div class=\"elementor-container elementor-column-gap-default\">\n\t\t\t\t\t<div class=\"elementor-column elementor-col-100 elementor-top-column elementor-element elementor-element-6f69c384\" data-id=\"6f69c384\" data-element_type=\"column\" data-e-type=\"column\">\n\t\t\t<div class=\"elementor-widget-wrap elementor-element-populated\">\n\t\t\t\t\t\t<div class=\"elementor-element elementor-element-5a9de530 elementor-widget elementor-widget-image\" data-id=\"5a9de530\" data-element_type=\"widget\" data-e-type=\"widget\" data-widget_type=\"image.default\">\n\t\t\t\t<div class=\"elementor-widget-container\">\n\t\t\t\t\t\t\t\t\t\t\t\t\t\t\t<img decoding=\"async\" width=\"150\" height=\"150\" src=\"https:\/\/alexdecarvalho.com.br\/brazilianzoukmac\/wp-content\/uploads\/2020\/10\/Logo-MAC-150x150.png\" class=\"attachment-thumbnail size-thumbnail wp-image-1955\" alt=\"\" srcset=\"https:\/\/alexdecarvalho.com.br\/brazilianzoukmac\/wp-content\/uploads\/2020\/10\/Logo-MAC-150x150.png 150w, https:\/\/alexdecarvalho.com.br\/brazilianzoukmac\/wp-content\/uploads\/2020\/10\/Logo-MAC-300x300.png 300w, https:\/\/alexdecarvalho.com.br\/brazilianzoukmac\/wp-content\/uploads\/2020\/10\/Logo-MAC-1024x1024.png 1024w, https:\/\/alexdecarvalho.com.br\/brazilianzoukmac\/wp-content\/uploads\/2020\/10\/Logo-MAC-768x767.png 768w, https:\/\/alexdecarvalho.com.br\/brazilianzoukmac\/wp-content\/uploads\/2020\/10\/Logo-MAC-100x100.png 100w, https:\/\/alexdecarvalho.com.br\/brazilianzoukmac\/wp-content\/uploads\/2020\/10\/Logo-MAC-880x879.png 880w, https:\/\/alexdecarvalho.com.br\/brazilianzoukmac\/wp-content\/uploads\/2020\/10\/Logo-MAC-450x450.png 450w, https:\/\/alexdecarvalho.com.br\/brazilianzoukmac\/wp-content\/uploads\/2020\/10\/Logo-MAC-270x270.png 270w, https:\/\/alexdecarvalho.com.br\/brazilianzoukmac\/wp-content\/uploads\/2020\/10\/Logo-MAC.png 1048w\" sizes=\"(max-width: 150px) 100vw, 150px\" \/>\t\t\t\t\t\t\t\t\t\t\t\t\t\t\t<\/div>\n\t\t\t\t<\/div>\n\t\t\t\t<div class=\"elementor-element elementor-element-239ac046 elementor-invisible elementor-widget elementor-widget-heading\" data-id=\"239ac046\" data-element_type=\"widget\" data-e-type=\"widget\" data-settings=\"{&quot;_animation&quot;:&quot;fadeInUp&quot;}\" data-widget_type=\"heading.default\">\n\t\t\t\t<div class=\"elementor-widget-container\">\n\t\t\t\t\t<h1 class=\"elementor-heading-title elementor-size-default\">Luis flori\u00e3o &amp; Adriana d'acri<\/h1>\t\t\t\t<\/div>\n\t\t\t\t<\/div>\n\t\t\t\t<section class=\"elementor-section elementor-inner-section elementor-element elementor-element-526e4d6 elementor-section-content-middle elementor-section-boxed elementor-section-height-default elementor-section-height-default\" data-id=\"526e4d6\" data-element_type=\"section\" data-e-type=\"section\">\n\t\t\t\t\t\t<div class=\"elementor-container elementor-column-gap-default\">\n\t\t\t\t\t<div class=\"elementor-column elementor-col-50 elementor-inner-column elementor-element elementor-element-b3aa6f4\" data-id=\"b3aa6f4\" data-element_type=\"column\" data-e-type=\"column\">\n\t\t\t<div class=\"elementor-widget-wrap elementor-element-populated\">\n\t\t\t\t\t\t<div class=\"elementor-element elementor-element-92b5594 elementor-widget elementor-widget-image\" data-id=\"92b5594\" data-element_type=\"widget\" data-e-type=\"widget\" data-widget_type=\"image.default\">\n\t\t\t\t<div class=\"elementor-widget-container\">\n\t\t\t\t\t\t\t\t\t\t\t\t\t\t\t<img fetchpriority=\"high\" decoding=\"async\" width=\"1024\" height=\"1024\" src=\"https:\/\/alexdecarvalho.com.br\/brazilianzoukmac\/wp-content\/uploads\/2020\/10\/luis-floriao-e-adriana-dacri-1024x1024.jpg\" class=\"attachment-large size-large wp-image-1990\" alt=\"\" srcset=\"https:\/\/alexdecarvalho.com.br\/brazilianzoukmac\/wp-content\/uploads\/2020\/10\/luis-floriao-e-adriana-dacri-1024x1024.jpg 1024w, https:\/\/alexdecarvalho.com.br\/brazilianzoukmac\/wp-content\/uploads\/2020\/10\/luis-floriao-e-adriana-dacri-300x300.jpg 300w, https:\/\/alexdecarvalho.com.br\/brazilianzoukmac\/wp-content\/uploads\/2020\/10\/luis-floriao-e-adriana-dacri-150x150.jpg 150w, https:\/\/alexdecarvalho.com.br\/brazilianzoukmac\/wp-content\/uploads\/2020\/10\/luis-floriao-e-adriana-dacri-768x768.jpg 768w, https:\/\/alexdecarvalho.com.br\/brazilianzoukmac\/wp-content\/uploads\/2020\/10\/luis-floriao-e-adriana-dacri-100x100.jpg 100w, https:\/\/alexdecarvalho.com.br\/brazilianzoukmac\/wp-content\/uploads\/2020\/10\/luis-floriao-e-adriana-dacri-880x880.jpg 880w, https:\/\/alexdecarvalho.com.br\/brazilianzoukmac\/wp-content\/uploads\/2020\/10\/luis-floriao-e-adriana-dacri-450x450.jpg 450w, https:\/\/alexdecarvalho.com.br\/brazilianzoukmac\/wp-content\/uploads\/2020\/10\/luis-floriao-e-adriana-dacri-270x270.jpg 270w, https:\/\/alexdecarvalho.com.br\/brazilianzoukmac\/wp-content\/uploads\/2020\/10\/luis-floriao-e-adriana-dacri.jpg 1126w\" sizes=\"(max-width: 1024px) 100vw, 1024px\" \/>\t\t\t\t\t\t\t\t\t\t\t\t\t\t\t<\/div>\n\t\t\t\t<\/div>\n\t\t\t\t\t<\/div>\n\t\t<\/div>\n\t\t\t\t<div class=\"elementor-column elementor-col-50 elementor-inner-column elementor-element elementor-element-76036a8\" data-id=\"76036a8\" data-element_type=\"column\" data-e-type=\"column\">\n\t\t\t<div class=\"elementor-widget-wrap elementor-element-populated\">\n\t\t\t\t\t\t<div class=\"elementor-element elementor-element-3fb9f4c elementor-widget elementor-widget-text-editor\" data-id=\"3fb9f4c\" data-element_type=\"widget\" data-e-type=\"widget\" data-widget_type=\"text-editor.default\">\n\t\t\t\t<div class=\"elementor-widget-container\">\n\t\t\t\t\t\t\t\t\t<p>Luis Flori\u00e3o has researched Brazilian Dances since 1987, and partnered with Ariana D\u2019Acri to teach ballroom dancing since 1993. Their preferred dances are samba, forr\u00f3 and lambada (also called Brazilian Zouk). They organise workshops and are present at the most important events and congresses of Brazilian Ballroom Dancing in Brazil and countries such as: Germany, Argentina, Spain, England, Netherlands, Peru, Portugal and Switzerland.<\/p><p>They dedicate themselves to the dances most representative of Brazil with special care in traditions, research of creative moves, and new techniques. And to\u00a0 make it happen you are sure to find them in many conferences, workshops and dance events.<\/p><p>Manager of various projects such as the Academy of Dance Luis Flori\u00e3o (created in 1993 with the name of the Sindicato da Dan\u00e7a) and the Br Dan\u00e7as \u2013 International Congress of Brazilian Dances (annual event with its first edition in 2005), Luis is also President of Andan\u00e7as- National Organization of Ballroom Dancing and is part of the management of F\u00f3rum Nacional de Dan\u00e7a.<\/p>\t\t\t\t\t\t\t\t<\/div>\n\t\t\t\t<\/div>\n\t\t\t\t<div class=\"elementor-element elementor-element-4fa7ec0 elementor-button-info elementor-widget elementor-widget-button\" data-id=\"4fa7ec0\" data-element_type=\"widget\" data-e-type=\"widget\" data-widget_type=\"button.default\">\n\t\t\t\t<div class=\"elementor-widget-container\">\n\t\t\t\t\t\t\t\t\t<div class=\"elementor-button-wrapper\">\n\t\t\t\t\t<a class=\"elementor-button elementor-button-link elementor-size-sm\" href=\"http:\/\/alexdecarvalho.com.br\/brazilianzoukmac\/instructors-for-mac\/\">\n\t\t\t\t\t\t<span class=\"elementor-button-content-wrapper\">\n\t\t\t\t\t\t\t\t\t<span class=\"elementor-button-text\">Back<\/span>\n\t\t\t\t\t<\/span>\n\t\t\t\t\t<\/a>\n\t\t\t\t<\/div>\n\t\t\t\t\t\t\t\t<\/div>\n\t\t\t\t<\/div>\n\t\t\t\t\t<\/div>\n\t\t<\/div>\n\t\t\t\t\t<\/div>\n\t\t<\/section>\n\t\t\t\t\t<\/div>\n\t\t<\/div>\n\t\t\t\t\t<\/div>\n\t\t<\/section>\n\t\t\t\t<\/div>\n\t\t","protected":false},"excerpt":{"rendered":"<p>Luis flori\u00e3o &amp; Adriana d&#8217;acri Luis Flori\u00e3o has researched Brazilian Dances since 1987, and partnered with Ariana D\u2019Acri to teach ballroom dancing since 1993. Their preferred dances are samba, forr\u00f3 and lambada (also called Brazilian Zouk). They organise workshops and are present at the most important events and congresses of Brazilian Ballroom Dancing in Brazil and countries such as: Germany, Argentina, Spain, England, Netherlands, Peru, Portugal and Switzerland. They dedicate [&hellip;]<\/p>\n","protected":false},"author":1,"featured_media":0,"parent":26,"menu_order":0,"comment_status":"closed","ping_status":"closed","template":"template-onepager.php","meta":{"footnotes":""},"class_list":["post-1992","page","type-page","status-publish","hentry"],"_links":{"self":[{"href":"https:\/\/alexdecarvalho.com.br\/brazilianzoukmac\/wp-json\/wp\/v2\/pages\/1992","targetHints":{"allow":["GET"]}}],"collection":[{"href":"https:\/\/alexdecarvalho.com.br\/brazilianzoukmac\/wp-json\/wp\/v2\/pages"}],"about":[{"href":"https:\/\/alexdecarvalho.com.br\/brazilianzoukmac\/wp-json\/wp\/v2\/types\/page"}],"author":[{"embeddable":true,"href":"https:\/\/alexdecarvalho.com.br\/brazilianzoukmac\/wp-json\/wp\/v2\/users\/1"}],"replies":[{"embeddable":true,"href":"https:\/\/alexdecarvalho.com.br\/brazilianzoukmac\/wp-json\/wp\/v2\/comments?post=1992"}],"version-history":[{"count":3,"href":"https:\/\/alexdecarvalho.com.br\/brazilianzoukmac\/wp-json\/wp\/v2\/pages\/1992\/revisions"}],"predecessor-version":[{"id":1996,"href":"https:\/\/alexdecarvalho.com.br\/brazilianzoukmac\/wp-json\/wp\/v2\/pages\/1992\/revisions\/1996"}],"up":[{"embeddable":true,"href":"https:\/\/alexdecarvalho.com.br\/brazilianzoukmac\/wp-json\/wp\/v2\/pages\/26"}],"wp:attachment":[{"href":"https:\/\/alexdecarvalho.com.br\/brazilianzoukmac\/wp-json\/wp\/v2\/media?parent=1992"}],"curies":[{"name":"wp","href":"https:\/\/api.w.org\/{rel}","templated":true}]}}