{"id":2075,"date":"2020-10-12T16:11:56","date_gmt":"2020-10-12T14:11:56","guid":{"rendered":"http:\/\/alexdecarvalho.com.br\/brazilianzoukmac\/?page_id=2075"},"modified":"2020-10-12T16:17:06","modified_gmt":"2020-10-12T14:17:06","slug":"jaime-aroxa-and-kiri-chapman","status":"publish","type":"page","link":"https:\/\/alexdecarvalho.com.br\/brazilianzoukmac\/instructors-for-mac\/jaime-aroxa-and-kiri-chapman\/","title":{"rendered":"Speaker &#8211; Jaime Ar\u00f4xa and Kiri Chapman"},"content":{"rendered":"\t\t<div data-elementor-type=\"wp-post\" data-elementor-id=\"2075\" class=\"elementor elementor-2075\" data-elementor-post-type=\"page\">\n\t\t\t\t\t\t<section class=\"elementor-section elementor-top-section elementor-element elementor-element-619df54d elementor-section-boxed elementor-section-height-default elementor-section-height-default\" data-id=\"619df54d\" data-element_type=\"section\" data-e-type=\"section\">\n\t\t\t\t\t\t<div class=\"elementor-container elementor-column-gap-default\">\n\t\t\t\t\t<div class=\"elementor-column elementor-col-100 elementor-top-column elementor-element elementor-element-6f69c384\" data-id=\"6f69c384\" data-element_type=\"column\" data-e-type=\"column\">\n\t\t\t<div class=\"elementor-widget-wrap elementor-element-populated\">\n\t\t\t\t\t\t<div class=\"elementor-element elementor-element-5a9de530 elementor-widget elementor-widget-image\" data-id=\"5a9de530\" data-element_type=\"widget\" data-e-type=\"widget\" data-widget_type=\"image.default\">\n\t\t\t\t<div class=\"elementor-widget-container\">\n\t\t\t\t\t\t\t\t\t\t\t\t\t\t\t<img decoding=\"async\" width=\"150\" height=\"150\" src=\"https:\/\/alexdecarvalho.com.br\/brazilianzoukmac\/wp-content\/uploads\/2020\/10\/Logo-MAC-150x150.png\" class=\"attachment-thumbnail size-thumbnail wp-image-1955\" alt=\"\" srcset=\"https:\/\/alexdecarvalho.com.br\/brazilianzoukmac\/wp-content\/uploads\/2020\/10\/Logo-MAC-150x150.png 150w, https:\/\/alexdecarvalho.com.br\/brazilianzoukmac\/wp-content\/uploads\/2020\/10\/Logo-MAC-300x300.png 300w, https:\/\/alexdecarvalho.com.br\/brazilianzoukmac\/wp-content\/uploads\/2020\/10\/Logo-MAC-1024x1024.png 1024w, https:\/\/alexdecarvalho.com.br\/brazilianzoukmac\/wp-content\/uploads\/2020\/10\/Logo-MAC-768x767.png 768w, https:\/\/alexdecarvalho.com.br\/brazilianzoukmac\/wp-content\/uploads\/2020\/10\/Logo-MAC-100x100.png 100w, https:\/\/alexdecarvalho.com.br\/brazilianzoukmac\/wp-content\/uploads\/2020\/10\/Logo-MAC-880x879.png 880w, https:\/\/alexdecarvalho.com.br\/brazilianzoukmac\/wp-content\/uploads\/2020\/10\/Logo-MAC-450x450.png 450w, https:\/\/alexdecarvalho.com.br\/brazilianzoukmac\/wp-content\/uploads\/2020\/10\/Logo-MAC-270x270.png 270w, https:\/\/alexdecarvalho.com.br\/brazilianzoukmac\/wp-content\/uploads\/2020\/10\/Logo-MAC.png 1048w\" sizes=\"(max-width: 150px) 100vw, 150px\" \/>\t\t\t\t\t\t\t\t\t\t\t\t\t\t\t<\/div>\n\t\t\t\t<\/div>\n\t\t\t\t<div class=\"elementor-element elementor-element-239ac046 elementor-invisible elementor-widget elementor-widget-heading\" data-id=\"239ac046\" data-element_type=\"widget\" data-e-type=\"widget\" data-settings=\"{&quot;_animation&quot;:&quot;fadeInUp&quot;}\" data-widget_type=\"heading.default\">\n\t\t\t\t<div class=\"elementor-widget-container\">\n\t\t\t\t\t<h1 class=\"elementor-heading-title elementor-size-default\">jaime ar\u00f4xa and kiri chapman<\/h1>\t\t\t\t<\/div>\n\t\t\t\t<\/div>\n\t\t\t\t<section class=\"elementor-section elementor-inner-section elementor-element elementor-element-526e4d6 elementor-section-content-middle elementor-section-boxed elementor-section-height-default elementor-section-height-default\" data-id=\"526e4d6\" data-element_type=\"section\" data-e-type=\"section\">\n\t\t\t\t\t\t<div class=\"elementor-container elementor-column-gap-default\">\n\t\t\t\t\t<div class=\"elementor-column elementor-col-50 elementor-inner-column elementor-element elementor-element-b3aa6f4\" data-id=\"b3aa6f4\" data-element_type=\"column\" data-e-type=\"column\">\n\t\t\t<div class=\"elementor-widget-wrap elementor-element-populated\">\n\t\t\t\t\t\t<div class=\"elementor-element elementor-element-92b5594 elementor-widget elementor-widget-image\" data-id=\"92b5594\" data-element_type=\"widget\" data-e-type=\"widget\" data-widget_type=\"image.default\">\n\t\t\t\t<div class=\"elementor-widget-container\">\n\t\t\t\t\t\t\t\t\t\t\t\t\t\t\t<img fetchpriority=\"high\" decoding=\"async\" width=\"1024\" height=\"1024\" src=\"https:\/\/alexdecarvalho.com.br\/brazilianzoukmac\/wp-content\/uploads\/2020\/10\/jaime-aroxa-e-kiri-chapman-1024x1024.jpg\" class=\"attachment-large size-large wp-image-2073\" alt=\"\" srcset=\"https:\/\/alexdecarvalho.com.br\/brazilianzoukmac\/wp-content\/uploads\/2020\/10\/jaime-aroxa-e-kiri-chapman-1024x1024.jpg 1024w, https:\/\/alexdecarvalho.com.br\/brazilianzoukmac\/wp-content\/uploads\/2020\/10\/jaime-aroxa-e-kiri-chapman-300x300.jpg 300w, https:\/\/alexdecarvalho.com.br\/brazilianzoukmac\/wp-content\/uploads\/2020\/10\/jaime-aroxa-e-kiri-chapman-150x150.jpg 150w, https:\/\/alexdecarvalho.com.br\/brazilianzoukmac\/wp-content\/uploads\/2020\/10\/jaime-aroxa-e-kiri-chapman-768x768.jpg 768w, https:\/\/alexdecarvalho.com.br\/brazilianzoukmac\/wp-content\/uploads\/2020\/10\/jaime-aroxa-e-kiri-chapman-100x100.jpg 100w, https:\/\/alexdecarvalho.com.br\/brazilianzoukmac\/wp-content\/uploads\/2020\/10\/jaime-aroxa-e-kiri-chapman-880x880.jpg 880w, https:\/\/alexdecarvalho.com.br\/brazilianzoukmac\/wp-content\/uploads\/2020\/10\/jaime-aroxa-e-kiri-chapman-450x450.jpg 450w, https:\/\/alexdecarvalho.com.br\/brazilianzoukmac\/wp-content\/uploads\/2020\/10\/jaime-aroxa-e-kiri-chapman-270x270.jpg 270w, https:\/\/alexdecarvalho.com.br\/brazilianzoukmac\/wp-content\/uploads\/2020\/10\/jaime-aroxa-e-kiri-chapman.jpg 1125w\" sizes=\"(max-width: 1024px) 100vw, 1024px\" \/>\t\t\t\t\t\t\t\t\t\t\t\t\t\t\t<\/div>\n\t\t\t\t<\/div>\n\t\t\t\t\t<\/div>\n\t\t<\/div>\n\t\t\t\t<div class=\"elementor-column elementor-col-50 elementor-inner-column elementor-element elementor-element-76036a8\" data-id=\"76036a8\" data-element_type=\"column\" data-e-type=\"column\">\n\t\t\t<div class=\"elementor-widget-wrap elementor-element-populated\">\n\t\t\t\t\t\t<div class=\"elementor-element elementor-element-3fb9f4c elementor-widget elementor-widget-text-editor\" data-id=\"3fb9f4c\" data-element_type=\"widget\" data-e-type=\"widget\" data-widget_type=\"text-editor.default\">\n\t\t\t\t<div class=\"elementor-widget-container\">\n\t\t\t\t\t\t\t\t\t<p>Jaime Ar\u00f4xa created a pedagogy of teaching ballroom dancing where the dance is considered as the expression of the emotions of the dancer through their movements, and the research of a better knowledge of the partner. In 1986, he founded his school \u00ab Centro de Dan\u00e7a Jaime Ar\u00f4xa \u00bb where more than 30,000 students have registered. He has also trained more than 100 dance instructors so far, and he is still training new professionals across the entire country.<br \/><br \/>Jaime Ar\u00f4xa is not only a dancer, but also a choreographer. He has worked for theatre, movies, and TV shows. He has created more than 50 choreographies for the most varied performing arts events, even for \u201ccomiss\u00e3o de frente\u201d of Samba schools. While he was in an exchange programme in Cuba at the National School of Cuba, he learned to dance salsa. He also studied this dance in Costa Rica and travelled to France, Italy and Germany to compete.<br \/><br \/>Jaime Ar\u00f4xa has studied tango for more than ten years in Argentina with the best teachers of Buenos Aires. He brought Lambada to Rio de Janeiro in 1989. He learned Jazz with Enid Sauer and Classical Ballet with Jean-Marie Debret. He gained great experience in everything that relies on improvisation. He developed his drama skills working for important directors such as Mauro Rasi, Domingos Oliveira, Amir Haddad, Moacyr Goes, Paulo Betti, Henrique Dias, etc\u2026<br \/><br \/>He has been pioneering, idealising, directing and choreographing popular ballroom dancing shows such as Salao Brazil, Lambada Alada, Com o Brilho do teu olhar, Viva Brasil, Rio de V\u00e1rios Sambas, C\u00e1 entre N\u00f3s, and more\u2026<br \/><br \/>Kiri Chapman started ballet at an early age, leaving home at the age of thirteen to study at the Kirov Academy of Ballet in Washington DC. She received full scholarships for her studies at the Kirov Academy and for summer programs at the School of American Ballet and American Ballet Theater. Upon graduating from the Kirov Academy in 2005 and immediately joined the corps of Tulsa Ballet Theater in Tulsa, Oklahoma. In her three seasons with the company, from 2005-2008, she performed nationally and internationally in choreography from Twyla Tharp, George Balanchine, Nacho Duato, Ma Cong, Marius Petipa and many others. She has been recognized in several internationally acclaimed ballet competitions: Youth America Grand Prix New York Finals (top twelve), Jackson USA IBC (competitor), and New York IBC (semi-finalist) and has been featured in Pointe Magazine.\u00a0<br \/><br \/>Chapman began ballroom and latin dance in NYC in 2010 and since then has been training, teaching and competing in festivals around the world. She placed 2nd in the Michigan Dance Challenge cabaret division and was a finalist in the Millennium Dancesport Championship 2014. She has taught and performed all over the world, Mexico, France, Angola, Brazil, Canada, Japan, and throughout the US. She loves to fuse her classical background and aesthetics with the energy and flair of latin dance and strives to create work that connects dancers from all backgrounds. Awards include World Salsa Open finalist, World Bachata Fusion Champion, Bachata Cabaret and Salsa Cabaret Rising Star Champion and Ultimate Latin Dance Bachata Open Champion.<br \/><br \/>She currently lives in Brazil where she and her partner, Jaime Ar\u00f4xa, train and teach out of their school \u2018Jaime Ar\u00f4xa Iguaba\u2019<\/p>\t\t\t\t\t\t\t\t<\/div>\n\t\t\t\t<\/div>\n\t\t\t\t<div class=\"elementor-element elementor-element-4fa7ec0 elementor-button-info elementor-widget elementor-widget-button\" data-id=\"4fa7ec0\" data-element_type=\"widget\" data-e-type=\"widget\" data-widget_type=\"button.default\">\n\t\t\t\t<div class=\"elementor-widget-container\">\n\t\t\t\t\t\t\t\t\t<div class=\"elementor-button-wrapper\">\n\t\t\t\t\t<a class=\"elementor-button elementor-button-link elementor-size-sm\" href=\"http:\/\/alexdecarvalho.com.br\/brazilianzoukmac\/instructors-for-mac\/\">\n\t\t\t\t\t\t<span class=\"elementor-button-content-wrapper\">\n\t\t\t\t\t\t\t\t\t<span class=\"elementor-button-text\">Back<\/span>\n\t\t\t\t\t<\/span>\n\t\t\t\t\t<\/a>\n\t\t\t\t<\/div>\n\t\t\t\t\t\t\t\t<\/div>\n\t\t\t\t<\/div>\n\t\t\t\t\t<\/div>\n\t\t<\/div>\n\t\t\t\t\t<\/div>\n\t\t<\/section>\n\t\t\t\t\t<\/div>\n\t\t<\/div>\n\t\t\t\t\t<\/div>\n\t\t<\/section>\n\t\t\t\t<\/div>\n\t\t","protected":false},"excerpt":{"rendered":"<p>jaime ar\u00f4xa and kiri chapman Jaime Ar\u00f4xa created a pedagogy of teaching ballroom dancing where the dance is considered as the expression of the emotions of the dancer through their movements, and the research of a better knowledge of the partner. In 1986, he founded his school \u00ab Centro de Dan\u00e7a Jaime Ar\u00f4xa \u00bb where more than 30,000 students have registered. He has also trained more than 100 dance instructors [&hellip;]<\/p>\n","protected":false},"author":1,"featured_media":0,"parent":26,"menu_order":0,"comment_status":"closed","ping_status":"closed","template":"template-onepager.php","meta":{"footnotes":""},"class_list":["post-2075","page","type-page","status-publish","hentry"],"_links":{"self":[{"href":"https:\/\/alexdecarvalho.com.br\/brazilianzoukmac\/wp-json\/wp\/v2\/pages\/2075","targetHints":{"allow":["GET"]}}],"collection":[{"href":"https:\/\/alexdecarvalho.com.br\/brazilianzoukmac\/wp-json\/wp\/v2\/pages"}],"about":[{"href":"https:\/\/alexdecarvalho.com.br\/brazilianzoukmac\/wp-json\/wp\/v2\/types\/page"}],"author":[{"embeddable":true,"href":"https:\/\/alexdecarvalho.com.br\/brazilianzoukmac\/wp-json\/wp\/v2\/users\/1"}],"replies":[{"embeddable":true,"href":"https:\/\/alexdecarvalho.com.br\/brazilianzoukmac\/wp-json\/wp\/v2\/comments?post=2075"}],"version-history":[{"count":2,"href":"https:\/\/alexdecarvalho.com.br\/brazilianzoukmac\/wp-json\/wp\/v2\/pages\/2075\/revisions"}],"predecessor-version":[{"id":2078,"href":"https:\/\/alexdecarvalho.com.br\/brazilianzoukmac\/wp-json\/wp\/v2\/pages\/2075\/revisions\/2078"}],"up":[{"embeddable":true,"href":"https:\/\/alexdecarvalho.com.br\/brazilianzoukmac\/wp-json\/wp\/v2\/pages\/26"}],"wp:attachment":[{"href":"https:\/\/alexdecarvalho.com.br\/brazilianzoukmac\/wp-json\/wp\/v2\/media?parent=2075"}],"curies":[{"name":"wp","href":"https:\/\/api.w.org\/{rel}","templated":true}]}}