{"id":8374,"date":"2024-11-07T18:58:42","date_gmt":"2024-11-07T17:58:42","guid":{"rendered":"https:\/\/alexdecarvalho.com.br\/brazilianzoukmac\/?page_id=8374"},"modified":"2024-11-07T19:01:16","modified_gmt":"2024-11-07T18:01:16","slug":"speaker-cristovao-and-carolina","status":"publish","type":"page","link":"https:\/\/alexdecarvalho.com.br\/brazilianzoukmac\/instructors-for-mac\/speaker-cristovao-and-carolina\/","title":{"rendered":"Speaker &#8211; cristovao and carolina"},"content":{"rendered":"\t\t<div data-elementor-type=\"wp-post\" data-elementor-id=\"8374\" class=\"elementor elementor-8374\" data-elementor-post-type=\"page\">\n\t\t\t\t\t\t<section class=\"elementor-section elementor-top-section elementor-element elementor-element-619df54d elementor-section-boxed elementor-section-height-default elementor-section-height-default\" data-id=\"619df54d\" data-element_type=\"section\" data-e-type=\"section\">\n\t\t\t\t\t\t<div class=\"elementor-container elementor-column-gap-default\">\n\t\t\t\t\t<div class=\"elementor-column elementor-col-100 elementor-top-column elementor-element elementor-element-6f69c384\" data-id=\"6f69c384\" data-element_type=\"column\" data-e-type=\"column\">\n\t\t\t<div class=\"elementor-widget-wrap elementor-element-populated\">\n\t\t\t\t\t\t<div class=\"elementor-element elementor-element-5a9de530 elementor-widget elementor-widget-image\" data-id=\"5a9de530\" data-element_type=\"widget\" data-e-type=\"widget\" data-widget_type=\"image.default\">\n\t\t\t\t<div class=\"elementor-widget-container\">\n\t\t\t\t\t\t\t\t\t\t\t\t\t\t\t<img decoding=\"async\" width=\"150\" height=\"150\" src=\"https:\/\/alexdecarvalho.com.br\/brazilianzoukmac\/wp-content\/uploads\/2020\/10\/Logo-MAC-150x150.png\" class=\"attachment-thumbnail size-thumbnail wp-image-1955\" alt=\"\" srcset=\"https:\/\/alexdecarvalho.com.br\/brazilianzoukmac\/wp-content\/uploads\/2020\/10\/Logo-MAC-150x150.png 150w, https:\/\/alexdecarvalho.com.br\/brazilianzoukmac\/wp-content\/uploads\/2020\/10\/Logo-MAC-300x300.png 300w, https:\/\/alexdecarvalho.com.br\/brazilianzoukmac\/wp-content\/uploads\/2020\/10\/Logo-MAC-1024x1024.png 1024w, https:\/\/alexdecarvalho.com.br\/brazilianzoukmac\/wp-content\/uploads\/2020\/10\/Logo-MAC-768x767.png 768w, https:\/\/alexdecarvalho.com.br\/brazilianzoukmac\/wp-content\/uploads\/2020\/10\/Logo-MAC-100x100.png 100w, https:\/\/alexdecarvalho.com.br\/brazilianzoukmac\/wp-content\/uploads\/2020\/10\/Logo-MAC-880x879.png 880w, https:\/\/alexdecarvalho.com.br\/brazilianzoukmac\/wp-content\/uploads\/2020\/10\/Logo-MAC-450x450.png 450w, https:\/\/alexdecarvalho.com.br\/brazilianzoukmac\/wp-content\/uploads\/2020\/10\/Logo-MAC-270x270.png 270w, https:\/\/alexdecarvalho.com.br\/brazilianzoukmac\/wp-content\/uploads\/2020\/10\/Logo-MAC.png 1048w\" sizes=\"(max-width: 150px) 100vw, 150px\" \/>\t\t\t\t\t\t\t\t\t\t\t\t\t\t\t<\/div>\n\t\t\t\t<\/div>\n\t\t\t\t<div class=\"elementor-element elementor-element-239ac046 elementor-invisible elementor-widget elementor-widget-heading\" data-id=\"239ac046\" data-element_type=\"widget\" data-e-type=\"widget\" data-settings=\"{&quot;_animation&quot;:&quot;fadeInUp&quot;}\" data-widget_type=\"heading.default\">\n\t\t\t\t<div class=\"elementor-widget-container\">\n\t\t\t\t\t<h1 class=\"elementor-heading-title elementor-size-default\">Cristov\u00e3o christianis and carolina castro<\/h1>\t\t\t\t<\/div>\n\t\t\t\t<\/div>\n\t\t\t\t<section class=\"elementor-section elementor-inner-section elementor-element elementor-element-526e4d6 elementor-section-content-middle elementor-section-boxed elementor-section-height-default elementor-section-height-default\" data-id=\"526e4d6\" data-element_type=\"section\" data-e-type=\"section\">\n\t\t\t\t\t\t<div class=\"elementor-container elementor-column-gap-default\">\n\t\t\t\t\t<div class=\"elementor-column elementor-col-50 elementor-inner-column elementor-element elementor-element-b3aa6f4\" data-id=\"b3aa6f4\" data-element_type=\"column\" data-e-type=\"column\">\n\t\t\t<div class=\"elementor-widget-wrap elementor-element-populated\">\n\t\t\t\t\t\t<div class=\"elementor-element elementor-element-92b5594 elementor-widget elementor-widget-image\" data-id=\"92b5594\" data-element_type=\"widget\" data-e-type=\"widget\" data-widget_type=\"image.default\">\n\t\t\t\t<div class=\"elementor-widget-container\">\n\t\t\t\t\t\t\t\t\t\t\t\t\t\t\t<img fetchpriority=\"high\" decoding=\"async\" width=\"563\" height=\"563\" src=\"https:\/\/alexdecarvalho.com.br\/brazilianzoukmac\/wp-content\/uploads\/2020\/11\/cristovao-christianis-e-carolina-castro.jpg\" class=\"attachment-large size-large wp-image-2486\" alt=\"\" srcset=\"https:\/\/alexdecarvalho.com.br\/brazilianzoukmac\/wp-content\/uploads\/2020\/11\/cristovao-christianis-e-carolina-castro.jpg 563w, https:\/\/alexdecarvalho.com.br\/brazilianzoukmac\/wp-content\/uploads\/2020\/11\/cristovao-christianis-e-carolina-castro-300x300.jpg 300w, https:\/\/alexdecarvalho.com.br\/brazilianzoukmac\/wp-content\/uploads\/2020\/11\/cristovao-christianis-e-carolina-castro-150x150.jpg 150w, https:\/\/alexdecarvalho.com.br\/brazilianzoukmac\/wp-content\/uploads\/2020\/11\/cristovao-christianis-e-carolina-castro-100x100.jpg 100w, https:\/\/alexdecarvalho.com.br\/brazilianzoukmac\/wp-content\/uploads\/2020\/11\/cristovao-christianis-e-carolina-castro-450x450.jpg 450w, https:\/\/alexdecarvalho.com.br\/brazilianzoukmac\/wp-content\/uploads\/2020\/11\/cristovao-christianis-e-carolina-castro-270x270.jpg 270w\" sizes=\"(max-width: 563px) 100vw, 563px\" \/>\t\t\t\t\t\t\t\t\t\t\t\t\t\t\t<\/div>\n\t\t\t\t<\/div>\n\t\t\t\t\t<\/div>\n\t\t<\/div>\n\t\t\t\t<div class=\"elementor-column elementor-col-50 elementor-inner-column elementor-element elementor-element-76036a8\" data-id=\"76036a8\" data-element_type=\"column\" data-e-type=\"column\">\n\t\t\t<div class=\"elementor-widget-wrap elementor-element-populated\">\n\t\t\t\t\t\t<div class=\"elementor-element elementor-element-3fb9f4c elementor-widget elementor-widget-text-editor\" data-id=\"3fb9f4c\" data-element_type=\"widget\" data-e-type=\"widget\" data-widget_type=\"text-editor.default\">\n\t\t\t\t<div class=\"elementor-widget-container\">\n\t\t\t\t\t\t\t\t\t<ul><li>Carolina Castro<\/li><\/ul><p>Graduated as dancer in Classical Ballet in the year of 1997, was component of dance groups in different genres: Cia Line of classic ballet, Vindan\u00e7a of folkloric dance and Group of Laces of contemporary hall dance.<\/p><p>Currently co-owner of a unit of Oito Tempos School of Dance in Porto Alegre, acting as manager and teacher.<\/p><p>Until 2010 she participated in events, festivals and dance shows, acting as a classical dancer and folklore, such as Bento in Dance, Ballet Gala, International Folklore Festival of Porto Alegre, among others.\u00a0In 2012 attended, in SPEI School at Curitiba &#8211; PR, to a Course for Teachers of Social Dance training, with emphasis on Didactics and Methodology.\u00a0In 2013 attended, in the same SPEI School at Curitiba &#8211; PR, to a Course for Teachers of Social Dance training, with emphasis on the dance itself in its various genres.\u00a0He was a jury, teacher and performed artistic performances in the most diverse dance festivals in Brazil, such as: Dan\u00e7ando a Bordo, Baila Floripa, Baila Cost\u00e3o, Premio Desterro, amongst others.<\/p><ul><li>Cristov\u00e3o Cristianis<\/li><\/ul><p>Teacher of Social Dance since 1993, was a member of the Jaime Ar\u00f4xa Dance Company in Rio de Janeiro for 13 years, participating in the main dance congresses and festivals in the country representing this school. Currently co-owner, acting as the technical director of Oito Tempos Dan\u00e7a de Sal\u00e3o, the reference company in couple dance in Brazil, now with fifteen units, spreaded amongst the states of Paran\u00e1, S\u00e3o Paulo, Mato Grosso and Rio Grande do Sul.<\/p><p>Former teacher of Post-Graduation in Dance Theory and Movement, with emphasis on Social Dance from FAMEC &#8211; Metropolitan College of Curitiba, now coordinates the training course for social dance teachers (CCDS), certified by FSG\/Caxias do Sul &#8211; Faculdade da Serra Ga\u00facha and the Faculdade Cam\u00f5es\/Curitiba.<\/p><p>He wrote, between 2011 and 2015, a column in the digital magazine, Dan\u00e7a em Pauta, on the subject of Dance and Education, an area where for some years he has been engaged in research on effective methods and didactics for teaching several social dance genres.<\/p><p>He is also co-author of the books 200 anos de Dan\u00e7a de Sal\u00e3o no Brasil Vol.1 and 2 and Tango e Samba, Um Encontro de Duas Culturas.\u00a0Champion of the Brazilian Tango Championship, in the Escenario category and represented Brazil in the world rhythm championship, which took place in Buenos Aires in August 2010.\u00a0<\/p><p>He was a jury, teacher and performed artistic performances in the most diverse dance festivals in Brazil, such as: Dan\u00e7ando a Bordo, Baila Floripa, Baila Cost\u00e3o, Premio Desterro, amongst others.<\/p>\t\t\t\t\t\t\t\t<\/div>\n\t\t\t\t<\/div>\n\t\t\t\t<div class=\"elementor-element elementor-element-4fa7ec0 elementor-button-info elementor-widget elementor-widget-button\" data-id=\"4fa7ec0\" data-element_type=\"widget\" data-e-type=\"widget\" data-widget_type=\"button.default\">\n\t\t\t\t<div class=\"elementor-widget-container\">\n\t\t\t\t\t\t\t\t\t<div class=\"elementor-button-wrapper\">\n\t\t\t\t\t<a class=\"elementor-button elementor-button-link elementor-size-sm\" href=\"http:\/\/alexdecarvalho.com.br\/brazilianzoukmac\/instructors-for-mac\/\">\n\t\t\t\t\t\t<span class=\"elementor-button-content-wrapper\">\n\t\t\t\t\t\t\t\t\t<span class=\"elementor-button-text\">Back<\/span>\n\t\t\t\t\t<\/span>\n\t\t\t\t\t<\/a>\n\t\t\t\t<\/div>\n\t\t\t\t\t\t\t\t<\/div>\n\t\t\t\t<\/div>\n\t\t\t\t\t<\/div>\n\t\t<\/div>\n\t\t\t\t\t<\/div>\n\t\t<\/section>\n\t\t\t\t\t<\/div>\n\t\t<\/div>\n\t\t\t\t\t<\/div>\n\t\t<\/section>\n\t\t\t\t<\/div>\n\t\t","protected":false},"excerpt":{"rendered":"<p>Cristov\u00e3o christianis and carolina castro Carolina Castro Graduated as dancer in Classical Ballet in the year of 1997, was component of dance groups in different genres: Cia Line of classic ballet, Vindan\u00e7a of folkloric dance and Group of Laces of contemporary hall dance. Currently co-owner of a unit of Oito Tempos School of Dance in Porto Alegre, acting as manager and teacher. Until 2010 she participated in events, festivals and [&hellip;]<\/p>\n","protected":false},"author":1,"featured_media":0,"parent":26,"menu_order":0,"comment_status":"closed","ping_status":"closed","template":"template-onepager.php","meta":{"footnotes":""},"class_list":["post-8374","page","type-page","status-publish","hentry"],"_links":{"self":[{"href":"https:\/\/alexdecarvalho.com.br\/brazilianzoukmac\/wp-json\/wp\/v2\/pages\/8374","targetHints":{"allow":["GET"]}}],"collection":[{"href":"https:\/\/alexdecarvalho.com.br\/brazilianzoukmac\/wp-json\/wp\/v2\/pages"}],"about":[{"href":"https:\/\/alexdecarvalho.com.br\/brazilianzoukmac\/wp-json\/wp\/v2\/types\/page"}],"author":[{"embeddable":true,"href":"https:\/\/alexdecarvalho.com.br\/brazilianzoukmac\/wp-json\/wp\/v2\/users\/1"}],"replies":[{"embeddable":true,"href":"https:\/\/alexdecarvalho.com.br\/brazilianzoukmac\/wp-json\/wp\/v2\/comments?post=8374"}],"version-history":[{"count":4,"href":"https:\/\/alexdecarvalho.com.br\/brazilianzoukmac\/wp-json\/wp\/v2\/pages\/8374\/revisions"}],"predecessor-version":[{"id":8378,"href":"https:\/\/alexdecarvalho.com.br\/brazilianzoukmac\/wp-json\/wp\/v2\/pages\/8374\/revisions\/8378"}],"up":[{"embeddable":true,"href":"https:\/\/alexdecarvalho.com.br\/brazilianzoukmac\/wp-json\/wp\/v2\/pages\/26"}],"wp:attachment":[{"href":"https:\/\/alexdecarvalho.com.br\/brazilianzoukmac\/wp-json\/wp\/v2\/media?parent=8374"}],"curies":[{"name":"wp","href":"https:\/\/api.w.org\/{rel}","templated":true}]}}