{"id":21030,"date":"2019-06-26T16:08:16","date_gmt":"2019-06-26T19:08:16","guid":{"rendered":"http:\/\/alexdecarvalho.com.br\/ilhadozouk\/?page_id=21030"},"modified":"2021-04-17T18:51:16","modified_gmt":"2021-04-17T21:51:16","slug":"ramalhos","status":"publish","type":"page","link":"https:\/\/alexdecarvalho.com.br\/ilhadozouk\/pt-br\/ramalhos\/","title":{"rendered":"Ramalhos"},"content":{"rendered":"\t\t<div data-elementor-type=\"wp-post\" data-elementor-id=\"21030\" class=\"elementor elementor-21030\" data-elementor-post-type=\"page\">\n\t\t\t\t\t\t<section class=\"elementor-section elementor-top-section elementor-element elementor-element-17f1b410 elementor-section-boxed elementor-section-height-default elementor-section-height-default\" data-id=\"17f1b410\" data-element_type=\"section\" data-e-type=\"section\">\n\t\t\t\t\t\t<div class=\"elementor-container elementor-column-gap-default\">\n\t\t\t\t\t<div class=\"elementor-column elementor-col-100 elementor-top-column elementor-element elementor-element-18c8d318\" data-id=\"18c8d318\" data-element_type=\"column\" data-e-type=\"column\">\n\t\t\t<div class=\"elementor-widget-wrap elementor-element-populated\">\n\t\t\t\t\t\t<div class=\"elementor-element elementor-element-5767aa8 elementor-widget elementor-widget-image\" data-id=\"5767aa8\" data-element_type=\"widget\" data-e-type=\"widget\" data-widget_type=\"image.default\">\n\t\t\t\t<div class=\"elementor-widget-container\">\n\t\t\t\t\t\t\t\t\t\t\t\t\t\t\t<img fetchpriority=\"high\" decoding=\"async\" width=\"843\" height=\"310\" src=\"https:\/\/alexdecarvalho.com.br\/ilhadozouk\/wp-content\/uploads\/2021\/04\/capa-facebook-IDZ-45-1024x376.jpg\" class=\"attachment-large size-large wp-image-23687\" alt=\"\" srcset=\"https:\/\/alexdecarvalho.com.br\/ilhadozouk\/wp-content\/uploads\/2021\/04\/capa-facebook-IDZ-45-1024x376.jpg 1024w, https:\/\/alexdecarvalho.com.br\/ilhadozouk\/wp-content\/uploads\/2021\/04\/capa-facebook-IDZ-45-300x110.jpg 300w, https:\/\/alexdecarvalho.com.br\/ilhadozouk\/wp-content\/uploads\/2021\/04\/capa-facebook-IDZ-45-768x282.jpg 768w, https:\/\/alexdecarvalho.com.br\/ilhadozouk\/wp-content\/uploads\/2021\/04\/capa-facebook-IDZ-45-1536x565.jpg 1536w, https:\/\/alexdecarvalho.com.br\/ilhadozouk\/wp-content\/uploads\/2021\/04\/capa-facebook-IDZ-45-2048x753.jpg 2048w, https:\/\/alexdecarvalho.com.br\/ilhadozouk\/wp-content\/uploads\/2021\/04\/capa-facebook-IDZ-45-1670x614.jpg 1670w, https:\/\/alexdecarvalho.com.br\/ilhadozouk\/wp-content\/uploads\/2021\/04\/capa-facebook-IDZ-45-880x323.jpg 880w, https:\/\/alexdecarvalho.com.br\/ilhadozouk\/wp-content\/uploads\/2021\/04\/capa-facebook-IDZ-45-450x165.jpg 450w\" sizes=\"(max-width: 843px) 100vw, 843px\" \/>\t\t\t\t\t\t\t\t\t\t\t\t\t\t\t<\/div>\n\t\t\t\t<\/div>\n\t\t\t\t<div class=\"elementor-element elementor-element-3c62f407 elementor-widget elementor-widget-heading\" data-id=\"3c62f407\" data-element_type=\"widget\" data-e-type=\"widget\" data-widget_type=\"heading.default\">\n\t\t\t\t<div class=\"elementor-widget-container\">\n\t\t\t\t\t<h2 class=\"elementor-heading-title elementor-size-default\">renato, rachel &amp; rodrigo ramalho\n<\/h2>\t\t\t\t<\/div>\n\t\t\t\t<\/div>\n\t\t\t\t<div class=\"elementor-element elementor-element-f4b7491 elementor-widget elementor-widget-text-editor\" data-id=\"f4b7491\" data-element_type=\"widget\" data-e-type=\"widget\" data-widget_type=\"text-editor.default\">\n\t\t\t\t<div class=\"elementor-widget-container\">\n\t\t\t\t\t\t\t\t\t<p><strong>::::: Temas das aulas \/ Topics of workshops<\/strong><\/p><p>&#8211; Brincando com o b\u00e1sico \/ Playing with the basic<\/p><p>&#8211; Misturando Zouk com Lambada \/ Mixing Zouk-Lambada<\/p><p>&#8211; Fluidez dos movimentos \/Fluidity of movemets<\/p>\t\t\t\t\t\t\t\t<\/div>\n\t\t\t\t<\/div>\n\t\t\t\t\t<\/div>\n\t\t<\/div>\n\t\t\t\t\t<\/div>\n\t\t<\/section>\n\t\t\t\t<section class=\"elementor-section elementor-top-section elementor-element elementor-element-1a1e6ff elementor-section-boxed elementor-section-height-default elementor-section-height-default\" data-id=\"1a1e6ff\" data-element_type=\"section\" data-e-type=\"section\" data-settings=\"{&quot;background_background&quot;:&quot;video&quot;,&quot;background_video_link&quot;:&quot;https:\\\/\\\/youtu.be\\\/REJurejf59s&quot;,&quot;background_video_start&quot;:0,&quot;background_video_end&quot;:45,&quot;background_play_on_mobile&quot;:&quot;yes&quot;}\">\n\t\t\t\t\t\t\t\t<div class=\"elementor-background-video-container\">\n\t\t\t\t\t\t\t\t\t\t\t\t\t<div class=\"elementor-background-video-embed\" role=\"presentation\"><\/div>\n\t\t\t\t\t\t\t\t\t\t\t\t<\/div>\n\t\t\t\t\t\t\t\t<div class=\"elementor-container elementor-column-gap-default\">\n\t\t\t\t\t<div class=\"elementor-column elementor-col-100 elementor-top-column elementor-element elementor-element-049a1d9\" data-id=\"049a1d9\" data-element_type=\"column\" data-e-type=\"column\">\n\t\t\t<div class=\"elementor-widget-wrap\">\n\t\t\t\t\t\t\t<\/div>\n\t\t<\/div>\n\t\t\t\t\t<\/div>\n\t\t<\/section>\n\t\t\t\t<section class=\"elementor-section elementor-top-section elementor-element elementor-element-5d3feca elementor-section-boxed elementor-section-height-default elementor-section-height-default\" data-id=\"5d3feca\" data-element_type=\"section\" data-e-type=\"section\">\n\t\t\t\t\t\t<div class=\"elementor-container elementor-column-gap-default\">\n\t\t\t\t\t<div class=\"elementor-column elementor-col-100 elementor-top-column elementor-element elementor-element-58a946b8\" data-id=\"58a946b8\" data-element_type=\"column\" data-e-type=\"column\">\n\t\t\t<div class=\"elementor-widget-wrap elementor-element-populated\">\n\t\t\t\t\t\t<div class=\"elementor-element elementor-element-105dcedf elementor-tabs-view-horizontal elementor-widget elementor-widget-tabs\" data-id=\"105dcedf\" data-element_type=\"widget\" data-e-type=\"widget\" data-widget_type=\"tabs.default\">\n\t\t\t\t<div class=\"elementor-widget-container\">\n\t\t\t\t\t\t\t<div class=\"elementor-tabs\">\n\t\t\t<div class=\"elementor-tabs-wrapper\" role=\"tablist\" >\n\t\t\t\t\t\t\t\t\t<div id=\"elementor-tab-title-2741\" class=\"elementor-tab-title elementor-tab-desktop-title\" aria-selected=\"true\" data-tab=\"1\" role=\"tab\" tabindex=\"0\" aria-controls=\"elementor-tab-content-2741\" aria-expanded=\"false\">English<\/div>\n\t\t\t\t\t\t\t\t\t<div id=\"elementor-tab-title-2742\" class=\"elementor-tab-title elementor-tab-desktop-title\" aria-selected=\"false\" data-tab=\"2\" role=\"tab\" tabindex=\"-1\" aria-controls=\"elementor-tab-content-2742\" aria-expanded=\"false\">Portugu\u00eas<\/div>\n\t\t\t\t\t\t\t<\/div>\n\t\t\t<div class=\"elementor-tabs-content-wrapper\" role=\"tablist\" aria-orientation=\"vertical\">\n\t\t\t\t\t\t\t\t\t<div class=\"elementor-tab-title elementor-tab-mobile-title\" aria-selected=\"true\" data-tab=\"1\" role=\"tab\" tabindex=\"0\" aria-controls=\"elementor-tab-content-2741\" aria-expanded=\"false\">English<\/div>\n\t\t\t\t\t<div id=\"elementor-tab-content-2741\" class=\"elementor-tab-content elementor-clearfix\" data-tab=\"1\" role=\"tabpanel\" aria-labelledby=\"elementor-tab-title-2741\" tabindex=\"0\" hidden=\"false\"><p><strong>Rachel Ramalho, Rodrigo Ramalho and Renato Ramalho are siblings and dance teachers from Brazil. In 2008 they opened up the doors to their own Dance school In Rio de Janeiro, \u201cAcademia de dan\u00e7a Ramalho&#8217;s\u201d, where they teach varieties of dances!\u00a0 They are known for having a pedagogical and fun approach while teaching. It is difficult to not be affected by their true passion for the dance!\u00a0<\/strong><\/p><p><br \/><strong>They are also known for organizing the yearly Zouk Festival in December in Rio &#8211; Ramalho\u2019s Zouk Festival inviting teachers and students all over the world.<\/strong><br \/><strong>And they new event in Berlin &#8211; Berlin Brazilian Zouk United.<\/strong><br \/><br \/><br \/><\/p><\/div>\n\t\t\t\t\t\t\t\t\t<div class=\"elementor-tab-title elementor-tab-mobile-title\" aria-selected=\"false\" data-tab=\"2\" role=\"tab\" tabindex=\"-1\" aria-controls=\"elementor-tab-content-2742\" aria-expanded=\"false\">Portugu\u00eas<\/div>\n\t\t\t\t\t<div id=\"elementor-tab-content-2742\" class=\"elementor-tab-content elementor-clearfix\" data-tab=\"2\" role=\"tabpanel\" aria-labelledby=\"elementor-tab-title-2742\" tabindex=\"0\" hidden=\"hidden\"><p><strong>Rachel Ramalho, Rodrigo Ramalho e Renato Ramalho s\u00e3o irm\u00e3os e professores de dan\u00e7a. Em 2008 abriram as portas da sua pr\u00f3pria Escola de Dan\u00e7a no Rio de Janeiro, a \u201cAcademia de Dan\u00e7a Ramalho&#8217;s\u201d, onde ensinam diversos estilos de dan\u00e7as, entre eles o Zouk &#8211; Lambada.<\/strong><br \/><strong>\u00a0 Eles s\u00e3o conhecidos por terem uma abordagem pedag\u00f3gica e divertida durante o ensino. \u00c9 dif\u00edcil n\u00e3o ser afetado por sua verdadeira paix\u00e3o pela dan\u00e7a!<\/strong><br \/><strong>\u00a0\u00a0<\/strong><br \/><strong>Eles tamb\u00e9m s\u00e3o conhecidos por organizarem o Festival de Zouk anual em dezembro no Rio &#8211; Ramalho&#8217;s\u00a0Zouk Festival que convida professores e alunos de todo o mundo.<\/strong><br \/><strong>E eles tem um novo evento em Berlim &#8211; Berlin Brazilian Zouk United.<\/strong><br \/><br \/><br \/><\/p><\/div>\n\t\t\t\t\t\t\t<\/div>\n\t\t<\/div>\n\t\t\t\t\t\t<\/div>\n\t\t\t\t<\/div>\n\t\t\t\t\t<\/div>\n\t\t<\/div>\n\t\t\t\t\t<\/div>\n\t\t<\/section>\n\t\t\t\t<section class=\"elementor-section elementor-top-section elementor-element elementor-element-4005cdb elementor-section-boxed elementor-section-height-default elementor-section-height-default\" data-id=\"4005cdb\" data-element_type=\"section\" data-e-type=\"section\" data-settings=\"{&quot;background_background&quot;:&quot;classic&quot;}\">\n\t\t\t\t\t\t<div class=\"elementor-container elementor-column-gap-default\">\n\t\t\t\t\t<div class=\"elementor-column elementor-col-100 elementor-top-column elementor-element elementor-element-e061a42\" data-id=\"e061a42\" data-element_type=\"column\" data-e-type=\"column\">\n\t\t\t<div class=\"elementor-widget-wrap elementor-element-populated\">\n\t\t\t\t\t\t<section class=\"elementor-section elementor-inner-section elementor-element elementor-element-92ad426 elementor-section-boxed elementor-section-height-default elementor-section-height-default\" data-id=\"92ad426\" data-element_type=\"section\" data-e-type=\"section\">\n\t\t\t\t\t\t<div class=\"elementor-container elementor-column-gap-default\">\n\t\t\t\t\t<div class=\"elementor-column elementor-col-25 elementor-inner-column elementor-element elementor-element-61cfcc2\" data-id=\"61cfcc2\" data-element_type=\"column\" data-e-type=\"column\">\n\t\t\t<div class=\"elementor-widget-wrap elementor-element-populated\">\n\t\t\t\t\t\t<div class=\"elementor-element elementor-element-f9d91c1 elementor-align-center elementor-widget elementor-widget-button\" data-id=\"f9d91c1\" data-element_type=\"widget\" data-e-type=\"widget\" data-widget_type=\"button.default\">\n\t\t\t\t<div class=\"elementor-widget-container\">\n\t\t\t\t\t\t\t\t\t<div class=\"elementor-button-wrapper\">\n\t\t\t\t\t<a class=\"elementor-button elementor-button-link elementor-size-sm\" href=\"https:\/\/www.eventbrite.com.br\/e\/ilha-do-zouk-2022-tickets-146616575123\" target=\"_blank\">\n\t\t\t\t\t\t<span class=\"elementor-button-content-wrapper\">\n\t\t\t\t\t\t\t\t\t<span class=\"elementor-button-text\">INSCREVA-SE AGORA!!! BUY YOUR TICKET NOW!!<\/span>\n\t\t\t\t\t<\/span>\n\t\t\t\t\t<\/a>\n\t\t\t\t<\/div>\n\t\t\t\t\t\t\t\t<\/div>\n\t\t\t\t<\/div>\n\t\t\t\t\t<\/div>\n\t\t<\/div>\n\t\t\t\t<div class=\"elementor-column elementor-col-25 elementor-inner-column elementor-element elementor-element-fa96c6c\" data-id=\"fa96c6c\" data-element_type=\"column\" data-e-type=\"column\">\n\t\t\t<div class=\"elementor-widget-wrap elementor-element-populated\">\n\t\t\t\t\t\t<div class=\"elementor-element elementor-element-723fa0e elementor-widget elementor-widget-image\" data-id=\"723fa0e\" data-element_type=\"widget\" data-e-type=\"widget\" data-widget_type=\"image.default\">\n\t\t\t\t<div class=\"elementor-widget-container\">\n\t\t\t\t\t\t\t\t\t\t\t\t\t\t\t\t<a href=\"https:\/\/www.eventbrite.com.br\/e\/ilha-do-zouk-2022-tickets-146616575123\" target=\"_blank\">\n\t\t\t\t\t\t\t<img decoding=\"async\" src=\"https:\/\/alexdecarvalho.com.br\/ilhadozouk\/wp-content\/uploads\/elementor\/thumbs\/eventbrite-oyqu0qn7yv86032jnzbohua2b9a1px86lhrci02fri.png\" title=\"eventbrite\" alt=\"eventbrite\" loading=\"lazy\" \/>\t\t\t\t\t\t\t\t<\/a>\n\t\t\t\t\t\t\t\t\t\t\t\t\t\t\t<\/div>\n\t\t\t\t<\/div>\n\t\t\t\t\t<\/div>\n\t\t<\/div>\n\t\t\t\t<div class=\"elementor-column elementor-col-25 elementor-inner-column elementor-element elementor-element-fae0ace\" data-id=\"fae0ace\" data-element_type=\"column\" data-e-type=\"column\">\n\t\t\t<div class=\"elementor-widget-wrap elementor-element-populated\">\n\t\t\t\t\t\t<div class=\"elementor-element elementor-element-1085fd3 elementor-widget elementor-widget-image\" data-id=\"1085fd3\" data-element_type=\"widget\" data-e-type=\"widget\" data-widget_type=\"image.default\">\n\t\t\t\t<div class=\"elementor-widget-container\">\n\t\t\t\t\t\t\t\t\t\t\t\t\t\t\t\t<a href=\"https:\/\/www.paypal.com\/paypalme\/alexdecarvalhozouk?locale.x=fr_FR\" target=\"_blank\">\n\t\t\t\t\t\t\t<img decoding=\"async\" src=\"https:\/\/alexdecarvalho.com.br\/ilhadozouk\/wp-content\/uploads\/elementor\/thumbs\/paypal-logo-oyqu4dascu70tvsrh1stmfb4vte2fumvfgfu7gopq2.png\" title=\"paypal logo\" alt=\"paypal logo\" loading=\"lazy\" \/>\t\t\t\t\t\t\t\t<\/a>\n\t\t\t\t\t\t\t\t\t\t\t\t\t\t\t<\/div>\n\t\t\t\t<\/div>\n\t\t\t\t\t<\/div>\n\t\t<\/div>\n\t\t\t\t<div class=\"elementor-column elementor-col-25 elementor-inner-column elementor-element elementor-element-ecd0580\" data-id=\"ecd0580\" data-element_type=\"column\" data-e-type=\"column\">\n\t\t\t<div class=\"elementor-widget-wrap elementor-element-populated\">\n\t\t\t\t\t\t<div class=\"elementor-element elementor-element-ae5092a elementor-widget elementor-widget-image\" data-id=\"ae5092a\" data-element_type=\"widget\" data-e-type=\"widget\" data-widget_type=\"image.default\">\n\t\t\t\t<div class=\"elementor-widget-container\">\n\t\t\t\t\t\t\t\t\t\t\t\t\t\t\t\t<a href=\"https:\/\/www.itau.com.br\/\" target=\"_blank\">\n\t\t\t\t\t\t\t<img decoding=\"async\" src=\"https:\/\/alexdecarvalho.com.br\/ilhadozouk\/wp-content\/uploads\/elementor\/thumbs\/758px-Banco_Itau_logo.svg-oyqu9691gklzg0ldava3zr5f7h2gpcuohru6bpmwdw.png\" title=\"758px-Banco_Ita\u00fa_logo.svg\" alt=\"758px-Banco_Ita\u00fa_logo.svg\" loading=\"lazy\" \/>\t\t\t\t\t\t\t\t<\/a>\n\t\t\t\t\t\t\t\t\t\t\t\t\t\t\t<\/div>\n\t\t\t\t<\/div>\n\t\t\t\t\t<\/div>\n\t\t<\/div>\n\t\t\t\t\t<\/div>\n\t\t<\/section>\n\t\t\t\t\t<\/div>\n\t\t<\/div>\n\t\t\t\t\t<\/div>\n\t\t<\/section>\n\t\t\t\t<\/div>\n\t\t","protected":false},"excerpt":{"rendered":"<p>renato, rachel &amp; rodrigo ramalho ::::: Temas das aulas \/ Topics of workshops &#8211; Brincando com o b\u00e1sico \/ Playing with the basic &#8211; Misturando&hellip;<\/p>\n","protected":false},"author":2,"featured_media":0,"parent":0,"menu_order":0,"comment_status":"closed","ping_status":"closed","template":"elementor_header_footer","meta":{"footnotes":""},"folder":[526],"class_list":["post-21030","page","type-page","status-publish","hentry"],"yoast_head":"<!-- This site is optimized with the Yoast SEO Premium plugin v16.1 (Yoast SEO v27.4) - https:\/\/yoast.com\/product\/yoast-seo-premium-wordpress\/ -->\n<title>Ramalhos &#8211; Ilha do Zouk<\/title>\n<meta name=\"robots\" content=\"index, follow, max-snippet:-1, max-image-preview:large, max-video-preview:-1\" \/>\n<link rel=\"canonical\" href=\"https:\/\/alexdecarvalho.com.br\/ilhadozouk\/pt-br\/ramalhos\/\" \/>\n<meta property=\"og:locale\" content=\"pt_BR\" \/>\n<meta property=\"og:type\" content=\"article\" \/>\n<meta property=\"og:title\" content=\"Ramalhos &#8211; Ilha do Zouk\" \/>\n<meta property=\"og:description\" content=\"renato, rachel &amp; rodrigo ramalho ::::: Temas das aulas \/ Topics of workshops &#8211; Brincando com o b\u00e1sico \/ Playing with the basic &#8211; Misturando&hellip;\" \/>\n<meta property=\"og:url\" content=\"https:\/\/alexdecarvalho.com.br\/ilhadozouk\/pt-br\/ramalhos\/\" \/>\n<meta property=\"og:site_name\" content=\"Ilha do Zouk\" \/>\n<meta property=\"article:publisher\" content=\"https:\/\/www.facebook.com\/ilhadozouk\" \/>\n<meta property=\"article:modified_time\" content=\"2021-04-17T21:51:16+00:00\" \/>\n<meta property=\"og:image\" content=\"https:\/\/alexdecarvalho.com.br\/ilhadozouk\/wp-content\/uploads\/2021\/04\/capa-facebook-IDZ-45-1024x376.jpg\" \/>\n<meta name=\"twitter:card\" content=\"summary_large_image\" \/>\n<meta name=\"twitter:label1\" content=\"Est. tempo de leitura\" \/>\n\t<meta name=\"twitter:data1\" content=\"1 minuto\" \/>\n<script type=\"application\/ld+json\" class=\"yoast-schema-graph\">{\"@context\":\"https:\\\/\\\/schema.org\",\"@graph\":[{\"@type\":\"WebPage\",\"@id\":\"https:\\\/\\\/alexdecarvalho.com.br\\\/ilhadozouk\\\/pt-br\\\/ramalhos\\\/\",\"url\":\"https:\\\/\\\/alexdecarvalho.com.br\\\/ilhadozouk\\\/pt-br\\\/ramalhos\\\/\",\"name\":\"Ramalhos &#8211; Ilha do Zouk\",\"isPartOf\":{\"@id\":\"https:\\\/\\\/alexdecarvalho.com.br\\\/ilhadozouk\\\/#website\"},\"primaryImageOfPage\":{\"@id\":\"https:\\\/\\\/alexdecarvalho.com.br\\\/ilhadozouk\\\/pt-br\\\/ramalhos\\\/#primaryimage\"},\"image\":{\"@id\":\"https:\\\/\\\/alexdecarvalho.com.br\\\/ilhadozouk\\\/pt-br\\\/ramalhos\\\/#primaryimage\"},\"thumbnailUrl\":\"https:\\\/\\\/alexdecarvalho.com.br\\\/ilhadozouk\\\/wp-content\\\/uploads\\\/2021\\\/04\\\/capa-facebook-IDZ-45-1024x376.jpg\",\"datePublished\":\"2019-06-26T19:08:16+00:00\",\"dateModified\":\"2021-04-17T21:51:16+00:00\",\"breadcrumb\":{\"@id\":\"https:\\\/\\\/alexdecarvalho.com.br\\\/ilhadozouk\\\/pt-br\\\/ramalhos\\\/#breadcrumb\"},\"inLanguage\":\"pt-BR\",\"potentialAction\":[{\"@type\":\"ReadAction\",\"target\":[\"https:\\\/\\\/alexdecarvalho.com.br\\\/ilhadozouk\\\/pt-br\\\/ramalhos\\\/\"]}]},{\"@type\":\"ImageObject\",\"inLanguage\":\"pt-BR\",\"@id\":\"https:\\\/\\\/alexdecarvalho.com.br\\\/ilhadozouk\\\/pt-br\\\/ramalhos\\\/#primaryimage\",\"url\":\"https:\\\/\\\/alexdecarvalho.com.br\\\/ilhadozouk\\\/wp-content\\\/uploads\\\/2021\\\/04\\\/capa-facebook-IDZ-45.jpg\",\"contentUrl\":\"https:\\\/\\\/alexdecarvalho.com.br\\\/ilhadozouk\\\/wp-content\\\/uploads\\\/2021\\\/04\\\/capa-facebook-IDZ-45.jpg\",\"width\":2212,\"height\":813},{\"@type\":\"BreadcrumbList\",\"@id\":\"https:\\\/\\\/alexdecarvalho.com.br\\\/ilhadozouk\\\/pt-br\\\/ramalhos\\\/#breadcrumb\",\"itemListElement\":[{\"@type\":\"ListItem\",\"position\":1,\"name\":\"In\u00edcio\",\"item\":\"https:\\\/\\\/alexdecarvalho.com.br\\\/ilhadozouk\\\/pt-br\\\/\"},{\"@type\":\"ListItem\",\"position\":2,\"name\":\"Ramalhos\"}]},{\"@type\":\"WebSite\",\"@id\":\"https:\\\/\\\/alexdecarvalho.com.br\\\/ilhadozouk\\\/#website\",\"url\":\"https:\\\/\\\/alexdecarvalho.com.br\\\/ilhadozouk\\\/\",\"name\":\"Ilha do Zouk\",\"description\":\"\",\"publisher\":{\"@id\":\"https:\\\/\\\/alexdecarvalho.com.br\\\/ilhadozouk\\\/#organization\"},\"potentialAction\":[{\"@type\":\"SearchAction\",\"target\":{\"@type\":\"EntryPoint\",\"urlTemplate\":\"https:\\\/\\\/alexdecarvalho.com.br\\\/ilhadozouk\\\/?s={search_term_string}\"},\"query-input\":{\"@type\":\"PropertyValueSpecification\",\"valueRequired\":true,\"valueName\":\"search_term_string\"}}],\"inLanguage\":\"pt-BR\"},{\"@type\":\"Organization\",\"@id\":\"https:\\\/\\\/alexdecarvalho.com.br\\\/ilhadozouk\\\/#organization\",\"name\":\"Ilha do Zouk\",\"url\":\"https:\\\/\\\/alexdecarvalho.com.br\\\/ilhadozouk\\\/\",\"logo\":{\"@type\":\"ImageObject\",\"inLanguage\":\"pt-BR\",\"@id\":\"https:\\\/\\\/alexdecarvalho.com.br\\\/ilhadozouk\\\/#\\\/schema\\\/logo\\\/image\\\/\",\"url\":\"https:\\\/\\\/alexdecarvalho.com.br\\\/ilhadozouk\\\/wp-content\\\/uploads\\\/2021\\\/05\\\/app-idz-512.png\",\"contentUrl\":\"https:\\\/\\\/alexdecarvalho.com.br\\\/ilhadozouk\\\/wp-content\\\/uploads\\\/2021\\\/05\\\/app-idz-512.png\",\"width\":512,\"height\":512,\"caption\":\"Ilha do Zouk\"},\"image\":{\"@id\":\"https:\\\/\\\/alexdecarvalho.com.br\\\/ilhadozouk\\\/#\\\/schema\\\/logo\\\/image\\\/\"},\"sameAs\":[\"https:\\\/\\\/www.facebook.com\\\/ilhadozouk\",\"https:\\\/\\\/www.instagram.com\\\/ilhadozouk\\\/\",\"https:\\\/\\\/www.youtube.com\\\/user\\\/CDalexdecarvalho\"]}]}<\/script>\n<!-- \/ Yoast SEO Premium plugin. -->","yoast_head_json":{"title":"Ramalhos &#8211; Ilha do Zouk","robots":{"index":"index","follow":"follow","max-snippet":"max-snippet:-1","max-image-preview":"max-image-preview:large","max-video-preview":"max-video-preview:-1"},"canonical":"https:\/\/alexdecarvalho.com.br\/ilhadozouk\/pt-br\/ramalhos\/","og_locale":"pt_BR","og_type":"article","og_title":"Ramalhos &#8211; Ilha do Zouk","og_description":"renato, rachel &amp; rodrigo ramalho ::::: Temas das aulas \/ Topics of workshops &#8211; Brincando com o b\u00e1sico \/ Playing with the basic &#8211; Misturando&hellip;","og_url":"https:\/\/alexdecarvalho.com.br\/ilhadozouk\/pt-br\/ramalhos\/","og_site_name":"Ilha do Zouk","article_publisher":"https:\/\/www.facebook.com\/ilhadozouk","article_modified_time":"2021-04-17T21:51:16+00:00","og_image":[{"url":"https:\/\/alexdecarvalho.com.br\/ilhadozouk\/wp-content\/uploads\/2021\/04\/capa-facebook-IDZ-45-1024x376.jpg","type":"","width":"","height":""}],"twitter_card":"summary_large_image","twitter_misc":{"Est. tempo de leitura":"1 minuto"},"schema":{"@context":"https:\/\/schema.org","@graph":[{"@type":"WebPage","@id":"https:\/\/alexdecarvalho.com.br\/ilhadozouk\/pt-br\/ramalhos\/","url":"https:\/\/alexdecarvalho.com.br\/ilhadozouk\/pt-br\/ramalhos\/","name":"Ramalhos &#8211; Ilha do Zouk","isPartOf":{"@id":"https:\/\/alexdecarvalho.com.br\/ilhadozouk\/#website"},"primaryImageOfPage":{"@id":"https:\/\/alexdecarvalho.com.br\/ilhadozouk\/pt-br\/ramalhos\/#primaryimage"},"image":{"@id":"https:\/\/alexdecarvalho.com.br\/ilhadozouk\/pt-br\/ramalhos\/#primaryimage"},"thumbnailUrl":"https:\/\/alexdecarvalho.com.br\/ilhadozouk\/wp-content\/uploads\/2021\/04\/capa-facebook-IDZ-45-1024x376.jpg","datePublished":"2019-06-26T19:08:16+00:00","dateModified":"2021-04-17T21:51:16+00:00","breadcrumb":{"@id":"https:\/\/alexdecarvalho.com.br\/ilhadozouk\/pt-br\/ramalhos\/#breadcrumb"},"inLanguage":"pt-BR","potentialAction":[{"@type":"ReadAction","target":["https:\/\/alexdecarvalho.com.br\/ilhadozouk\/pt-br\/ramalhos\/"]}]},{"@type":"ImageObject","inLanguage":"pt-BR","@id":"https:\/\/alexdecarvalho.com.br\/ilhadozouk\/pt-br\/ramalhos\/#primaryimage","url":"https:\/\/alexdecarvalho.com.br\/ilhadozouk\/wp-content\/uploads\/2021\/04\/capa-facebook-IDZ-45.jpg","contentUrl":"https:\/\/alexdecarvalho.com.br\/ilhadozouk\/wp-content\/uploads\/2021\/04\/capa-facebook-IDZ-45.jpg","width":2212,"height":813},{"@type":"BreadcrumbList","@id":"https:\/\/alexdecarvalho.com.br\/ilhadozouk\/pt-br\/ramalhos\/#breadcrumb","itemListElement":[{"@type":"ListItem","position":1,"name":"In\u00edcio","item":"https:\/\/alexdecarvalho.com.br\/ilhadozouk\/pt-br\/"},{"@type":"ListItem","position":2,"name":"Ramalhos"}]},{"@type":"WebSite","@id":"https:\/\/alexdecarvalho.com.br\/ilhadozouk\/#website","url":"https:\/\/alexdecarvalho.com.br\/ilhadozouk\/","name":"Ilha do Zouk","description":"","publisher":{"@id":"https:\/\/alexdecarvalho.com.br\/ilhadozouk\/#organization"},"potentialAction":[{"@type":"SearchAction","target":{"@type":"EntryPoint","urlTemplate":"https:\/\/alexdecarvalho.com.br\/ilhadozouk\/?s={search_term_string}"},"query-input":{"@type":"PropertyValueSpecification","valueRequired":true,"valueName":"search_term_string"}}],"inLanguage":"pt-BR"},{"@type":"Organization","@id":"https:\/\/alexdecarvalho.com.br\/ilhadozouk\/#organization","name":"Ilha do Zouk","url":"https:\/\/alexdecarvalho.com.br\/ilhadozouk\/","logo":{"@type":"ImageObject","inLanguage":"pt-BR","@id":"https:\/\/alexdecarvalho.com.br\/ilhadozouk\/#\/schema\/logo\/image\/","url":"https:\/\/alexdecarvalho.com.br\/ilhadozouk\/wp-content\/uploads\/2021\/05\/app-idz-512.png","contentUrl":"https:\/\/alexdecarvalho.com.br\/ilhadozouk\/wp-content\/uploads\/2021\/05\/app-idz-512.png","width":512,"height":512,"caption":"Ilha do Zouk"},"image":{"@id":"https:\/\/alexdecarvalho.com.br\/ilhadozouk\/#\/schema\/logo\/image\/"},"sameAs":["https:\/\/www.facebook.com\/ilhadozouk","https:\/\/www.instagram.com\/ilhadozouk\/","https:\/\/www.youtube.com\/user\/CDalexdecarvalho"]}]}},"_links":{"self":[{"href":"https:\/\/alexdecarvalho.com.br\/ilhadozouk\/wp-json\/wp\/v2\/pages\/21030","targetHints":{"allow":["GET"]}}],"collection":[{"href":"https:\/\/alexdecarvalho.com.br\/ilhadozouk\/wp-json\/wp\/v2\/pages"}],"about":[{"href":"https:\/\/alexdecarvalho.com.br\/ilhadozouk\/wp-json\/wp\/v2\/types\/page"}],"author":[{"embeddable":true,"href":"https:\/\/alexdecarvalho.com.br\/ilhadozouk\/wp-json\/wp\/v2\/users\/2"}],"replies":[{"embeddable":true,"href":"https:\/\/alexdecarvalho.com.br\/ilhadozouk\/wp-json\/wp\/v2\/comments?post=21030"}],"version-history":[{"count":31,"href":"https:\/\/alexdecarvalho.com.br\/ilhadozouk\/wp-json\/wp\/v2\/pages\/21030\/revisions"}],"predecessor-version":[{"id":24025,"href":"https:\/\/alexdecarvalho.com.br\/ilhadozouk\/wp-json\/wp\/v2\/pages\/21030\/revisions\/24025"}],"wp:attachment":[{"href":"https:\/\/alexdecarvalho.com.br\/ilhadozouk\/wp-json\/wp\/v2\/media?parent=21030"}],"wp:term":[{"taxonomy":"folder","embeddable":true,"href":"https:\/\/alexdecarvalho.com.br\/ilhadozouk\/wp-json\/wp\/v2\/folder?post=21030"}],"curies":[{"name":"wp","href":"https:\/\/api.w.org\/{rel}","templated":true}]}}