{"id":21036,"date":"2019-06-26T16:11:40","date_gmt":"2019-06-26T19:11:40","guid":{"rendered":"http:\/\/alexdecarvalho.com.br\/ilhadozouk\/?page_id=21036"},"modified":"2021-04-14T05:49:40","modified_gmt":"2021-04-14T08:49:40","slug":"freddy-andressa","status":"publish","type":"page","link":"https:\/\/alexdecarvalho.com.br\/ilhadozouk\/pt-br\/freddy-andressa\/","title":{"rendered":"Freddy &#038; Andressa"},"content":{"rendered":"\t\t<div data-elementor-type=\"wp-post\" data-elementor-id=\"21036\" class=\"elementor elementor-21036\" data-elementor-post-type=\"page\">\n\t\t\t\t\t\t<section class=\"elementor-section elementor-top-section elementor-element elementor-element-770d985d elementor-section-boxed elementor-section-height-default elementor-section-height-default\" data-id=\"770d985d\" data-element_type=\"section\" data-e-type=\"section\">\n\t\t\t\t\t\t<div class=\"elementor-container elementor-column-gap-default\">\n\t\t\t\t\t<div class=\"elementor-column elementor-col-100 elementor-top-column elementor-element elementor-element-2a092ee7\" data-id=\"2a092ee7\" data-element_type=\"column\" data-e-type=\"column\">\n\t\t\t<div class=\"elementor-widget-wrap elementor-element-populated\">\n\t\t\t\t\t\t<div class=\"elementor-element elementor-element-300a0f3 elementor-widget elementor-widget-image\" data-id=\"300a0f3\" data-element_type=\"widget\" data-e-type=\"widget\" data-widget_type=\"image.default\">\n\t\t\t\t<div class=\"elementor-widget-container\">\n\t\t\t\t\t\t\t\t\t\t\t\t\t\t\t<img fetchpriority=\"high\" decoding=\"async\" width=\"843\" height=\"310\" src=\"https:\/\/alexdecarvalho.com.br\/ilhadozouk\/wp-content\/uploads\/2021\/03\/capa-facebook-IDZ-7-1024x376.jpg\" class=\"attachment-large size-large wp-image-23539\" alt=\"\" srcset=\"https:\/\/alexdecarvalho.com.br\/ilhadozouk\/wp-content\/uploads\/2021\/03\/capa-facebook-IDZ-7-1024x376.jpg 1024w, https:\/\/alexdecarvalho.com.br\/ilhadozouk\/wp-content\/uploads\/2021\/03\/capa-facebook-IDZ-7-300x110.jpg 300w, https:\/\/alexdecarvalho.com.br\/ilhadozouk\/wp-content\/uploads\/2021\/03\/capa-facebook-IDZ-7-768x282.jpg 768w, https:\/\/alexdecarvalho.com.br\/ilhadozouk\/wp-content\/uploads\/2021\/03\/capa-facebook-IDZ-7-1536x564.jpg 1536w, https:\/\/alexdecarvalho.com.br\/ilhadozouk\/wp-content\/uploads\/2021\/03\/capa-facebook-IDZ-7-2048x752.jpg 2048w, https:\/\/alexdecarvalho.com.br\/ilhadozouk\/wp-content\/uploads\/2021\/03\/capa-facebook-IDZ-7-1670x613.jpg 1670w, https:\/\/alexdecarvalho.com.br\/ilhadozouk\/wp-content\/uploads\/2021\/03\/capa-facebook-IDZ-7-880x323.jpg 880w, https:\/\/alexdecarvalho.com.br\/ilhadozouk\/wp-content\/uploads\/2021\/03\/capa-facebook-IDZ-7-450x165.jpg 450w\" sizes=\"(max-width: 843px) 100vw, 843px\" \/>\t\t\t\t\t\t\t\t\t\t\t\t\t\t\t<\/div>\n\t\t\t\t<\/div>\n\t\t\t\t<div class=\"elementor-element elementor-element-24065a2e elementor-widget elementor-widget-heading\" data-id=\"24065a2e\" data-element_type=\"widget\" data-e-type=\"widget\" data-widget_type=\"heading.default\">\n\t\t\t\t<div class=\"elementor-widget-container\">\n\t\t\t\t\t<h2 class=\"elementor-heading-title elementor-size-default\">Freddy Marinho &amp; Andressa Castelhano<\/h2>\t\t\t\t<\/div>\n\t\t\t\t<\/div>\n\t\t\t\t<div class=\"elementor-element elementor-element-ff60c53 elementor-widget elementor-widget-text-editor\" data-id=\"ff60c53\" data-element_type=\"widget\" data-e-type=\"widget\" data-widget_type=\"text-editor.default\">\n\t\t\t\t<div class=\"elementor-widget-container\">\n\t\t\t\t\t\t\t\t\t<p><strong>::::: Temas das aulas \/ Topics of workshops<\/strong><\/p><p>&#8211; Incorporando novas tend\u00eancias \/ Incorporating new tendences<br \/>&#8211; Varia\u00e7\u00f5es de din\u00e2micas \/ Dynamics of variations<br \/>&#8211; Linhas e dire\u00e7\u00f5es \/ Lines and directions<\/p>\t\t\t\t\t\t\t\t<\/div>\n\t\t\t\t<\/div>\n\t\t\t\t\t<\/div>\n\t\t<\/div>\n\t\t\t\t\t<\/div>\n\t\t<\/section>\n\t\t\t\t<section class=\"elementor-section elementor-top-section elementor-element elementor-element-fa16bbd elementor-section-boxed elementor-section-height-default elementor-section-height-default\" data-id=\"fa16bbd\" data-element_type=\"section\" data-e-type=\"section\" data-settings=\"{&quot;background_background&quot;:&quot;video&quot;,&quot;background_video_link&quot;:&quot;https:\\\/\\\/youtu.be\\\/wimFb-qR8HU&quot;,&quot;background_video_start&quot;:0,&quot;background_video_end&quot;:40,&quot;background_play_on_mobile&quot;:&quot;yes&quot;}\">\n\t\t\t\t\t\t\t\t<div class=\"elementor-background-video-container\">\n\t\t\t\t\t\t\t\t\t\t\t\t\t<div class=\"elementor-background-video-embed\" role=\"presentation\"><\/div>\n\t\t\t\t\t\t\t\t\t\t\t\t<\/div>\n\t\t\t\t\t\t\t\t<div class=\"elementor-container elementor-column-gap-default\">\n\t\t\t\t\t<div class=\"elementor-column elementor-col-100 elementor-top-column elementor-element elementor-element-5ebf11f\" data-id=\"5ebf11f\" data-element_type=\"column\" data-e-type=\"column\">\n\t\t\t<div class=\"elementor-widget-wrap\">\n\t\t\t\t\t\t\t<\/div>\n\t\t<\/div>\n\t\t\t\t\t<\/div>\n\t\t<\/section>\n\t\t\t\t<section class=\"elementor-section elementor-top-section elementor-element elementor-element-2d8b4a46 elementor-section-boxed elementor-section-height-default elementor-section-height-default\" data-id=\"2d8b4a46\" data-element_type=\"section\" data-e-type=\"section\">\n\t\t\t\t\t\t<div class=\"elementor-container elementor-column-gap-default\">\n\t\t\t\t\t<div class=\"elementor-column elementor-col-100 elementor-top-column elementor-element elementor-element-11a1ae8\" data-id=\"11a1ae8\" data-element_type=\"column\" data-e-type=\"column\">\n\t\t\t<div class=\"elementor-widget-wrap elementor-element-populated\">\n\t\t\t\t\t\t<div class=\"elementor-element elementor-element-43119548 elementor-tabs-view-horizontal elementor-widget elementor-widget-tabs\" data-id=\"43119548\" data-element_type=\"widget\" data-e-type=\"widget\" data-widget_type=\"tabs.default\">\n\t\t\t\t<div class=\"elementor-widget-container\">\n\t\t\t\t\t\t\t<div class=\"elementor-tabs\">\n\t\t\t<div class=\"elementor-tabs-wrapper\" role=\"tablist\" >\n\t\t\t\t\t\t\t\t\t<div id=\"elementor-tab-title-1121\" class=\"elementor-tab-title elementor-tab-desktop-title\" aria-selected=\"true\" data-tab=\"1\" role=\"tab\" tabindex=\"0\" aria-controls=\"elementor-tab-content-1121\" aria-expanded=\"false\">English<\/div>\n\t\t\t\t\t\t\t\t\t<div id=\"elementor-tab-title-1122\" class=\"elementor-tab-title elementor-tab-desktop-title\" aria-selected=\"false\" data-tab=\"2\" role=\"tab\" tabindex=\"-1\" aria-controls=\"elementor-tab-content-1122\" aria-expanded=\"false\">Portugu\u00eas<\/div>\n\t\t\t\t\t\t\t<\/div>\n\t\t\t<div class=\"elementor-tabs-content-wrapper\" role=\"tablist\" aria-orientation=\"vertical\">\n\t\t\t\t\t\t\t\t\t<div class=\"elementor-tab-title elementor-tab-mobile-title\" aria-selected=\"true\" data-tab=\"1\" role=\"tab\" tabindex=\"0\" aria-controls=\"elementor-tab-content-1121\" aria-expanded=\"false\">English<\/div>\n\t\t\t\t\t<div id=\"elementor-tab-content-1121\" class=\"elementor-tab-content elementor-clearfix\" data-tab=\"1\" role=\"tabpanel\" aria-labelledby=\"elementor-tab-title-1121\" tabindex=\"0\" hidden=\"false\"><p><strong>They are both Brazilians, specialised in Brazilian Zouk due to their years of experience studying and teaching in Rio de Janeiro &#8211; Brazil, in the most respected Zouk school in the world, where they were also formed as teachers, and due to their many years travelling around the globe spreading this dance in many different countries. Other dance styles like Jazz, Classic and Contemporary Ballet, were studied for long years increasing their techniques. As part of the Dance Company &#8211; Prima Facie, they made shows of Jazz and Contemporary Dance. Worked as ballet dancers for Walt Disney World Brazil making Disney Parades in different states within Brazil. <\/strong><\/p><p><strong>After successfully introducing, developing and establishing Brazilian Zouk and Samba de Gafieira in Moscow &#8211; Russia for 2 years, they currently have been developing the same dances in Helsinki &#8211; Finland, where they built one of the best Zouk scenes in Europe when it comes to quality, and also, organize the biggest Zouk Festival of Scandinavia. Owners of the Helsinki Dance Central &#8211; Dance Academy, and champions of different Zouk Festivals in Brazil, they also judge several Zouk Championships and Jack &amp; Jill competitions around the world. Freddy &amp; Andressa became highly respected instructors and performers and one of the main couples spreading Brazilian Zouk world wide!<\/strong><\/p><\/div>\n\t\t\t\t\t\t\t\t\t<div class=\"elementor-tab-title elementor-tab-mobile-title\" aria-selected=\"false\" data-tab=\"2\" role=\"tab\" tabindex=\"-1\" aria-controls=\"elementor-tab-content-1122\" aria-expanded=\"false\">Portugu\u00eas<\/div>\n\t\t\t\t\t<div id=\"elementor-tab-content-1122\" class=\"elementor-tab-content elementor-clearfix\" data-tab=\"2\" role=\"tabpanel\" aria-labelledby=\"elementor-tab-title-1122\" tabindex=\"0\" hidden=\"hidden\"><p><strong>S\u00e3o ambos do Brasil, especializados em Zouk Brasileiro devido aos anos de experi\u00eancia estudando e ensinando no Rio de Janeiro &#8211; Brasil, em uma das escolas mais respeitadas do mundo, onde foram tamb\u00e9m formados como professores, e devido aos muitos anos viajando ao redor do mundo divulgando essa dan\u00e7a and diferentes pa\u00edses. Outros estilos de dan\u00e7a como jazz, ballet cl\u00e1ssico e contempor\u00e2neo foram estudados por varias anos aumentando e melhorando suas t\u00e9cnicas. Como parte da Cia de Dan\u00e7a Prima Facie, eles fizeram shows de jazz e dan\u00e7a contempor\u00e2nea. Trabalharam como bailarinos para Walt Disney World Brasil fazendo Disney Parades em diferentes estados dentro do Brasil. <\/strong><\/p><p><strong>Ap\u00f3s introduzirem, desenvolverem e estabelecerem com sucesso o Zouk Brasileiro e Samba de Gafieira em Moscou &#8211; Russia por 2 anos, atualmente eles vem desenvolvendo as mesmas dan\u00e7as em Helsinki &#8211; Finl\u00e2ndia, onde constru\u00edram uma das melhores cenas de Zouk da Europa em termos de qualidade, tamb\u00e9m organizam o maior festival de Zouk da Escandin\u00e1via. Donos da academia de dan\u00e7a Helsinki Dance Central e campe\u00f5es de diferentes festivais de Zouk no Brasil, eles tamb\u00e9m julgam diversos campeonatos e competi\u00e7\u00f5es de Jack &amp; Jill ao redor do mundo. Freddy &amp; Andressa se tronaram instrutores e performers altamente respeitados e um dos principais casais difundindo o Zouk Brasileiro a n\u00edvel mundial.<\/strong><\/p><\/div>\n\t\t\t\t\t\t\t<\/div>\n\t\t<\/div>\n\t\t\t\t\t\t<\/div>\n\t\t\t\t<\/div>\n\t\t\t\t\t<\/div>\n\t\t<\/div>\n\t\t\t\t\t<\/div>\n\t\t<\/section>\n\t\t\t\t<section class=\"elementor-section elementor-top-section elementor-element elementor-element-fb0a672 elementor-section-boxed elementor-section-height-default elementor-section-height-default\" data-id=\"fb0a672\" data-element_type=\"section\" data-e-type=\"section\" data-settings=\"{&quot;background_background&quot;:&quot;classic&quot;}\">\n\t\t\t\t\t\t<div class=\"elementor-container elementor-column-gap-default\">\n\t\t\t\t\t<div class=\"elementor-column elementor-col-100 elementor-top-column elementor-element elementor-element-4831aa4\" data-id=\"4831aa4\" data-element_type=\"column\" data-e-type=\"column\">\n\t\t\t<div class=\"elementor-widget-wrap elementor-element-populated\">\n\t\t\t\t\t\t<section class=\"elementor-section elementor-inner-section elementor-element elementor-element-e41df4a elementor-section-boxed elementor-section-height-default elementor-section-height-default\" data-id=\"e41df4a\" data-element_type=\"section\" data-e-type=\"section\">\n\t\t\t\t\t\t<div class=\"elementor-container elementor-column-gap-default\">\n\t\t\t\t\t<div class=\"elementor-column elementor-col-25 elementor-inner-column elementor-element elementor-element-7ba847a\" data-id=\"7ba847a\" data-element_type=\"column\" data-e-type=\"column\">\n\t\t\t<div class=\"elementor-widget-wrap elementor-element-populated\">\n\t\t\t\t\t\t<div class=\"elementor-element elementor-element-bf8bea4 elementor-align-center elementor-widget elementor-widget-button\" data-id=\"bf8bea4\" data-element_type=\"widget\" data-e-type=\"widget\" data-widget_type=\"button.default\">\n\t\t\t\t<div class=\"elementor-widget-container\">\n\t\t\t\t\t\t\t\t\t<div class=\"elementor-button-wrapper\">\n\t\t\t\t\t<a class=\"elementor-button elementor-button-link elementor-size-sm\" href=\"https:\/\/www.eventbrite.com.br\/e\/ilha-do-zouk-2022-tickets-146616575123\" target=\"_blank\">\n\t\t\t\t\t\t<span class=\"elementor-button-content-wrapper\">\n\t\t\t\t\t\t\t\t\t<span class=\"elementor-button-text\">INSCREVA-SE AGORA!!! BUY YOUR TICKET NOW!!<\/span>\n\t\t\t\t\t<\/span>\n\t\t\t\t\t<\/a>\n\t\t\t\t<\/div>\n\t\t\t\t\t\t\t\t<\/div>\n\t\t\t\t<\/div>\n\t\t\t\t\t<\/div>\n\t\t<\/div>\n\t\t\t\t<div class=\"elementor-column elementor-col-25 elementor-inner-column elementor-element elementor-element-51c9df2\" data-id=\"51c9df2\" data-element_type=\"column\" data-e-type=\"column\">\n\t\t\t<div class=\"elementor-widget-wrap elementor-element-populated\">\n\t\t\t\t\t\t<div class=\"elementor-element elementor-element-d32ce87 elementor-widget elementor-widget-image\" data-id=\"d32ce87\" data-element_type=\"widget\" data-e-type=\"widget\" data-widget_type=\"image.default\">\n\t\t\t\t<div class=\"elementor-widget-container\">\n\t\t\t\t\t\t\t\t\t\t\t\t\t\t\t\t<a href=\"https:\/\/www.eventbrite.com.br\/e\/ilha-do-zouk-2022-tickets-146616575123\" target=\"_blank\">\n\t\t\t\t\t\t\t<img decoding=\"async\" src=\"https:\/\/alexdecarvalho.com.br\/ilhadozouk\/wp-content\/uploads\/elementor\/thumbs\/eventbrite-oyqu0qn7yv86032jnzbohua2b9a1px86lhrci02fri.png\" title=\"eventbrite\" alt=\"eventbrite\" loading=\"lazy\" \/>\t\t\t\t\t\t\t\t<\/a>\n\t\t\t\t\t\t\t\t\t\t\t\t\t\t\t<\/div>\n\t\t\t\t<\/div>\n\t\t\t\t\t<\/div>\n\t\t<\/div>\n\t\t\t\t<div class=\"elementor-column elementor-col-25 elementor-inner-column elementor-element elementor-element-8e9d541\" data-id=\"8e9d541\" data-element_type=\"column\" data-e-type=\"column\">\n\t\t\t<div class=\"elementor-widget-wrap elementor-element-populated\">\n\t\t\t\t\t\t<div class=\"elementor-element elementor-element-6d29966 elementor-widget elementor-widget-image\" data-id=\"6d29966\" data-element_type=\"widget\" data-e-type=\"widget\" data-widget_type=\"image.default\">\n\t\t\t\t<div class=\"elementor-widget-container\">\n\t\t\t\t\t\t\t\t\t\t\t\t\t\t\t\t<a href=\"https:\/\/www.paypal.com\/paypalme\/alexdecarvalhozouk?locale.x=fr_FR\" target=\"_blank\">\n\t\t\t\t\t\t\t<img decoding=\"async\" src=\"https:\/\/alexdecarvalho.com.br\/ilhadozouk\/wp-content\/uploads\/elementor\/thumbs\/paypal-logo-oyqu4dascu70tvsrh1stmfb4vte2fumvfgfu7gopq2.png\" title=\"paypal logo\" alt=\"paypal logo\" loading=\"lazy\" \/>\t\t\t\t\t\t\t\t<\/a>\n\t\t\t\t\t\t\t\t\t\t\t\t\t\t\t<\/div>\n\t\t\t\t<\/div>\n\t\t\t\t\t<\/div>\n\t\t<\/div>\n\t\t\t\t<div class=\"elementor-column elementor-col-25 elementor-inner-column elementor-element elementor-element-384dc9b\" data-id=\"384dc9b\" data-element_type=\"column\" data-e-type=\"column\">\n\t\t\t<div class=\"elementor-widget-wrap elementor-element-populated\">\n\t\t\t\t\t\t<div class=\"elementor-element elementor-element-5da0a81 elementor-widget elementor-widget-image\" data-id=\"5da0a81\" data-element_type=\"widget\" data-e-type=\"widget\" data-widget_type=\"image.default\">\n\t\t\t\t<div class=\"elementor-widget-container\">\n\t\t\t\t\t\t\t\t\t\t\t\t\t\t\t\t<a href=\"https:\/\/www.itau.com.br\/\" target=\"_blank\">\n\t\t\t\t\t\t\t<img decoding=\"async\" src=\"https:\/\/alexdecarvalho.com.br\/ilhadozouk\/wp-content\/uploads\/elementor\/thumbs\/758px-Banco_Itau_logo.svg-oyqu9691gklzg0ldava3zr5f7h2gpcuohru6bpmwdw.png\" title=\"758px-Banco_Ita\u00fa_logo.svg\" alt=\"758px-Banco_Ita\u00fa_logo.svg\" loading=\"lazy\" \/>\t\t\t\t\t\t\t\t<\/a>\n\t\t\t\t\t\t\t\t\t\t\t\t\t\t\t<\/div>\n\t\t\t\t<\/div>\n\t\t\t\t\t<\/div>\n\t\t<\/div>\n\t\t\t\t\t<\/div>\n\t\t<\/section>\n\t\t\t\t\t<\/div>\n\t\t<\/div>\n\t\t\t\t\t<\/div>\n\t\t<\/section>\n\t\t\t\t<\/div>\n\t\t","protected":false},"excerpt":{"rendered":"<p>Freddy Marinho &#038; Andressa Castelhano ::::: Temas das aulas \/ Topics of workshops &#8211; Incorporando novas tend\u00eancias \/ Incorporating new tendences&#8211; Varia\u00e7\u00f5es de din\u00e2micas \/&hellip;<\/p>\n","protected":false},"author":2,"featured_media":0,"parent":0,"menu_order":0,"comment_status":"closed","ping_status":"closed","template":"elementor_header_footer","meta":{"footnotes":""},"folder":[526],"class_list":["post-21036","page","type-page","status-publish","hentry"],"yoast_head":"<!-- This site is optimized with the Yoast SEO Premium plugin v16.1 (Yoast SEO v27.4) - https:\/\/yoast.com\/product\/yoast-seo-premium-wordpress\/ -->\n<title>Freddy &amp; Andressa &#8211; Ilha do Zouk<\/title>\n<meta name=\"robots\" content=\"index, follow, max-snippet:-1, max-image-preview:large, max-video-preview:-1\" \/>\n<link rel=\"canonical\" href=\"https:\/\/alexdecarvalho.com.br\/ilhadozouk\/pt-br\/freddy-andressa\/\" \/>\n<meta property=\"og:locale\" content=\"pt_BR\" \/>\n<meta property=\"og:type\" content=\"article\" \/>\n<meta property=\"og:title\" content=\"Freddy &amp; Andressa &#8211; Ilha do Zouk\" \/>\n<meta property=\"og:description\" content=\"Freddy Marinho &#038; Andressa Castelhano ::::: Temas das aulas \/ Topics of workshops &#8211; Incorporando novas tend\u00eancias \/ Incorporating new tendences&#8211; Varia\u00e7\u00f5es de din\u00e2micas \/&hellip;\" \/>\n<meta property=\"og:url\" content=\"https:\/\/alexdecarvalho.com.br\/ilhadozouk\/pt-br\/freddy-andressa\/\" \/>\n<meta property=\"og:site_name\" content=\"Ilha do Zouk\" \/>\n<meta property=\"article:publisher\" content=\"https:\/\/www.facebook.com\/ilhadozouk\" \/>\n<meta property=\"article:modified_time\" content=\"2021-04-14T08:49:40+00:00\" \/>\n<meta property=\"og:image\" content=\"https:\/\/alexdecarvalho.com.br\/ilhadozouk\/wp-content\/uploads\/2021\/03\/capa-facebook-IDZ-7-1024x376.jpg\" \/>\n<meta name=\"twitter:card\" content=\"summary_large_image\" \/>\n<meta name=\"twitter:label1\" content=\"Est. tempo de leitura\" \/>\n\t<meta name=\"twitter:data1\" content=\"2 minutos\" \/>\n<script type=\"application\/ld+json\" class=\"yoast-schema-graph\">{\"@context\":\"https:\\\/\\\/schema.org\",\"@graph\":[{\"@type\":\"WebPage\",\"@id\":\"https:\\\/\\\/alexdecarvalho.com.br\\\/ilhadozouk\\\/pt-br\\\/freddy-andressa\\\/\",\"url\":\"https:\\\/\\\/alexdecarvalho.com.br\\\/ilhadozouk\\\/pt-br\\\/freddy-andressa\\\/\",\"name\":\"Freddy & Andressa &#8211; Ilha do Zouk\",\"isPartOf\":{\"@id\":\"https:\\\/\\\/alexdecarvalho.com.br\\\/ilhadozouk\\\/#website\"},\"primaryImageOfPage\":{\"@id\":\"https:\\\/\\\/alexdecarvalho.com.br\\\/ilhadozouk\\\/pt-br\\\/freddy-andressa\\\/#primaryimage\"},\"image\":{\"@id\":\"https:\\\/\\\/alexdecarvalho.com.br\\\/ilhadozouk\\\/pt-br\\\/freddy-andressa\\\/#primaryimage\"},\"thumbnailUrl\":\"https:\\\/\\\/alexdecarvalho.com.br\\\/ilhadozouk\\\/wp-content\\\/uploads\\\/2021\\\/03\\\/capa-facebook-IDZ-7-1024x376.jpg\",\"datePublished\":\"2019-06-26T19:11:40+00:00\",\"dateModified\":\"2021-04-14T08:49:40+00:00\",\"breadcrumb\":{\"@id\":\"https:\\\/\\\/alexdecarvalho.com.br\\\/ilhadozouk\\\/pt-br\\\/freddy-andressa\\\/#breadcrumb\"},\"inLanguage\":\"pt-BR\",\"potentialAction\":[{\"@type\":\"ReadAction\",\"target\":[\"https:\\\/\\\/alexdecarvalho.com.br\\\/ilhadozouk\\\/pt-br\\\/freddy-andressa\\\/\"]}]},{\"@type\":\"ImageObject\",\"inLanguage\":\"pt-BR\",\"@id\":\"https:\\\/\\\/alexdecarvalho.com.br\\\/ilhadozouk\\\/pt-br\\\/freddy-andressa\\\/#primaryimage\",\"url\":\"https:\\\/\\\/alexdecarvalho.com.br\\\/ilhadozouk\\\/wp-content\\\/uploads\\\/2021\\\/03\\\/capa-facebook-IDZ-7.jpg\",\"contentUrl\":\"https:\\\/\\\/alexdecarvalho.com.br\\\/ilhadozouk\\\/wp-content\\\/uploads\\\/2021\\\/03\\\/capa-facebook-IDZ-7.jpg\",\"width\":2215,\"height\":813},{\"@type\":\"BreadcrumbList\",\"@id\":\"https:\\\/\\\/alexdecarvalho.com.br\\\/ilhadozouk\\\/pt-br\\\/freddy-andressa\\\/#breadcrumb\",\"itemListElement\":[{\"@type\":\"ListItem\",\"position\":1,\"name\":\"In\u00edcio\",\"item\":\"https:\\\/\\\/alexdecarvalho.com.br\\\/ilhadozouk\\\/pt-br\\\/\"},{\"@type\":\"ListItem\",\"position\":2,\"name\":\"Freddy &#038; Andressa\"}]},{\"@type\":\"WebSite\",\"@id\":\"https:\\\/\\\/alexdecarvalho.com.br\\\/ilhadozouk\\\/#website\",\"url\":\"https:\\\/\\\/alexdecarvalho.com.br\\\/ilhadozouk\\\/\",\"name\":\"Ilha do Zouk\",\"description\":\"\",\"publisher\":{\"@id\":\"https:\\\/\\\/alexdecarvalho.com.br\\\/ilhadozouk\\\/#organization\"},\"potentialAction\":[{\"@type\":\"SearchAction\",\"target\":{\"@type\":\"EntryPoint\",\"urlTemplate\":\"https:\\\/\\\/alexdecarvalho.com.br\\\/ilhadozouk\\\/?s={search_term_string}\"},\"query-input\":{\"@type\":\"PropertyValueSpecification\",\"valueRequired\":true,\"valueName\":\"search_term_string\"}}],\"inLanguage\":\"pt-BR\"},{\"@type\":\"Organization\",\"@id\":\"https:\\\/\\\/alexdecarvalho.com.br\\\/ilhadozouk\\\/#organization\",\"name\":\"Ilha do Zouk\",\"url\":\"https:\\\/\\\/alexdecarvalho.com.br\\\/ilhadozouk\\\/\",\"logo\":{\"@type\":\"ImageObject\",\"inLanguage\":\"pt-BR\",\"@id\":\"https:\\\/\\\/alexdecarvalho.com.br\\\/ilhadozouk\\\/#\\\/schema\\\/logo\\\/image\\\/\",\"url\":\"https:\\\/\\\/alexdecarvalho.com.br\\\/ilhadozouk\\\/wp-content\\\/uploads\\\/2021\\\/05\\\/app-idz-512.png\",\"contentUrl\":\"https:\\\/\\\/alexdecarvalho.com.br\\\/ilhadozouk\\\/wp-content\\\/uploads\\\/2021\\\/05\\\/app-idz-512.png\",\"width\":512,\"height\":512,\"caption\":\"Ilha do Zouk\"},\"image\":{\"@id\":\"https:\\\/\\\/alexdecarvalho.com.br\\\/ilhadozouk\\\/#\\\/schema\\\/logo\\\/image\\\/\"},\"sameAs\":[\"https:\\\/\\\/www.facebook.com\\\/ilhadozouk\",\"https:\\\/\\\/www.instagram.com\\\/ilhadozouk\\\/\",\"https:\\\/\\\/www.youtube.com\\\/user\\\/CDalexdecarvalho\"]}]}<\/script>\n<!-- \/ Yoast SEO Premium plugin. -->","yoast_head_json":{"title":"Freddy & Andressa &#8211; Ilha do Zouk","robots":{"index":"index","follow":"follow","max-snippet":"max-snippet:-1","max-image-preview":"max-image-preview:large","max-video-preview":"max-video-preview:-1"},"canonical":"https:\/\/alexdecarvalho.com.br\/ilhadozouk\/pt-br\/freddy-andressa\/","og_locale":"pt_BR","og_type":"article","og_title":"Freddy & Andressa &#8211; Ilha do Zouk","og_description":"Freddy Marinho &#038; Andressa Castelhano ::::: Temas das aulas \/ Topics of workshops &#8211; Incorporando novas tend\u00eancias \/ Incorporating new tendences&#8211; Varia\u00e7\u00f5es de din\u00e2micas \/&hellip;","og_url":"https:\/\/alexdecarvalho.com.br\/ilhadozouk\/pt-br\/freddy-andressa\/","og_site_name":"Ilha do Zouk","article_publisher":"https:\/\/www.facebook.com\/ilhadozouk","article_modified_time":"2021-04-14T08:49:40+00:00","og_image":[{"url":"https:\/\/alexdecarvalho.com.br\/ilhadozouk\/wp-content\/uploads\/2021\/03\/capa-facebook-IDZ-7-1024x376.jpg","type":"","width":"","height":""}],"twitter_card":"summary_large_image","twitter_misc":{"Est. tempo de leitura":"2 minutos"},"schema":{"@context":"https:\/\/schema.org","@graph":[{"@type":"WebPage","@id":"https:\/\/alexdecarvalho.com.br\/ilhadozouk\/pt-br\/freddy-andressa\/","url":"https:\/\/alexdecarvalho.com.br\/ilhadozouk\/pt-br\/freddy-andressa\/","name":"Freddy & Andressa &#8211; Ilha do Zouk","isPartOf":{"@id":"https:\/\/alexdecarvalho.com.br\/ilhadozouk\/#website"},"primaryImageOfPage":{"@id":"https:\/\/alexdecarvalho.com.br\/ilhadozouk\/pt-br\/freddy-andressa\/#primaryimage"},"image":{"@id":"https:\/\/alexdecarvalho.com.br\/ilhadozouk\/pt-br\/freddy-andressa\/#primaryimage"},"thumbnailUrl":"https:\/\/alexdecarvalho.com.br\/ilhadozouk\/wp-content\/uploads\/2021\/03\/capa-facebook-IDZ-7-1024x376.jpg","datePublished":"2019-06-26T19:11:40+00:00","dateModified":"2021-04-14T08:49:40+00:00","breadcrumb":{"@id":"https:\/\/alexdecarvalho.com.br\/ilhadozouk\/pt-br\/freddy-andressa\/#breadcrumb"},"inLanguage":"pt-BR","potentialAction":[{"@type":"ReadAction","target":["https:\/\/alexdecarvalho.com.br\/ilhadozouk\/pt-br\/freddy-andressa\/"]}]},{"@type":"ImageObject","inLanguage":"pt-BR","@id":"https:\/\/alexdecarvalho.com.br\/ilhadozouk\/pt-br\/freddy-andressa\/#primaryimage","url":"https:\/\/alexdecarvalho.com.br\/ilhadozouk\/wp-content\/uploads\/2021\/03\/capa-facebook-IDZ-7.jpg","contentUrl":"https:\/\/alexdecarvalho.com.br\/ilhadozouk\/wp-content\/uploads\/2021\/03\/capa-facebook-IDZ-7.jpg","width":2215,"height":813},{"@type":"BreadcrumbList","@id":"https:\/\/alexdecarvalho.com.br\/ilhadozouk\/pt-br\/freddy-andressa\/#breadcrumb","itemListElement":[{"@type":"ListItem","position":1,"name":"In\u00edcio","item":"https:\/\/alexdecarvalho.com.br\/ilhadozouk\/pt-br\/"},{"@type":"ListItem","position":2,"name":"Freddy &#038; Andressa"}]},{"@type":"WebSite","@id":"https:\/\/alexdecarvalho.com.br\/ilhadozouk\/#website","url":"https:\/\/alexdecarvalho.com.br\/ilhadozouk\/","name":"Ilha do Zouk","description":"","publisher":{"@id":"https:\/\/alexdecarvalho.com.br\/ilhadozouk\/#organization"},"potentialAction":[{"@type":"SearchAction","target":{"@type":"EntryPoint","urlTemplate":"https:\/\/alexdecarvalho.com.br\/ilhadozouk\/?s={search_term_string}"},"query-input":{"@type":"PropertyValueSpecification","valueRequired":true,"valueName":"search_term_string"}}],"inLanguage":"pt-BR"},{"@type":"Organization","@id":"https:\/\/alexdecarvalho.com.br\/ilhadozouk\/#organization","name":"Ilha do Zouk","url":"https:\/\/alexdecarvalho.com.br\/ilhadozouk\/","logo":{"@type":"ImageObject","inLanguage":"pt-BR","@id":"https:\/\/alexdecarvalho.com.br\/ilhadozouk\/#\/schema\/logo\/image\/","url":"https:\/\/alexdecarvalho.com.br\/ilhadozouk\/wp-content\/uploads\/2021\/05\/app-idz-512.png","contentUrl":"https:\/\/alexdecarvalho.com.br\/ilhadozouk\/wp-content\/uploads\/2021\/05\/app-idz-512.png","width":512,"height":512,"caption":"Ilha do Zouk"},"image":{"@id":"https:\/\/alexdecarvalho.com.br\/ilhadozouk\/#\/schema\/logo\/image\/"},"sameAs":["https:\/\/www.facebook.com\/ilhadozouk","https:\/\/www.instagram.com\/ilhadozouk\/","https:\/\/www.youtube.com\/user\/CDalexdecarvalho"]}]}},"_links":{"self":[{"href":"https:\/\/alexdecarvalho.com.br\/ilhadozouk\/wp-json\/wp\/v2\/pages\/21036","targetHints":{"allow":["GET"]}}],"collection":[{"href":"https:\/\/alexdecarvalho.com.br\/ilhadozouk\/wp-json\/wp\/v2\/pages"}],"about":[{"href":"https:\/\/alexdecarvalho.com.br\/ilhadozouk\/wp-json\/wp\/v2\/types\/page"}],"author":[{"embeddable":true,"href":"https:\/\/alexdecarvalho.com.br\/ilhadozouk\/wp-json\/wp\/v2\/users\/2"}],"replies":[{"embeddable":true,"href":"https:\/\/alexdecarvalho.com.br\/ilhadozouk\/wp-json\/wp\/v2\/comments?post=21036"}],"version-history":[{"count":13,"href":"https:\/\/alexdecarvalho.com.br\/ilhadozouk\/wp-json\/wp\/v2\/pages\/21036\/revisions"}],"predecessor-version":[{"id":23870,"href":"https:\/\/alexdecarvalho.com.br\/ilhadozouk\/wp-json\/wp\/v2\/pages\/21036\/revisions\/23870"}],"wp:attachment":[{"href":"https:\/\/alexdecarvalho.com.br\/ilhadozouk\/wp-json\/wp\/v2\/media?parent=21036"}],"wp:term":[{"taxonomy":"folder","embeddable":true,"href":"https:\/\/alexdecarvalho.com.br\/ilhadozouk\/wp-json\/wp\/v2\/folder?post=21036"}],"curies":[{"name":"wp","href":"https:\/\/api.w.org\/{rel}","templated":true}]}}