{"id":21407,"date":"2019-10-24T06:58:14","date_gmt":"2019-10-24T09:58:14","guid":{"rendered":"http:\/\/alexdecarvalho.com.br\/ilhadozouk\/?page_id=21407"},"modified":"2021-04-14T09:21:59","modified_gmt":"2021-04-14T12:21:59","slug":"val-clemente-vanessa-bonilha","status":"publish","type":"page","link":"https:\/\/alexdecarvalho.com.br\/ilhadozouk\/pt-br\/val-clemente-vanessa-bonilha\/","title":{"rendered":"Val Clemente &#038; Vanessa Bonilha"},"content":{"rendered":"\t\t<div data-elementor-type=\"wp-page\" data-elementor-id=\"21407\" class=\"elementor elementor-21407\" data-elementor-post-type=\"page\">\n\t\t\t\t\t\t<section class=\"elementor-section elementor-top-section elementor-element elementor-element-817e414 elementor-section-boxed elementor-section-height-default elementor-section-height-default\" data-id=\"817e414\" data-element_type=\"section\" data-e-type=\"section\">\n\t\t\t\t\t\t<div class=\"elementor-container elementor-column-gap-default\">\n\t\t\t\t\t<div class=\"elementor-column elementor-col-100 elementor-top-column elementor-element elementor-element-373afec\" data-id=\"373afec\" data-element_type=\"column\" data-e-type=\"column\">\n\t\t\t<div class=\"elementor-widget-wrap elementor-element-populated\">\n\t\t\t\t\t\t<div class=\"elementor-element elementor-element-e4b7460 elementor-widget elementor-widget-image\" data-id=\"e4b7460\" data-element_type=\"widget\" data-e-type=\"widget\" data-widget_type=\"image.default\">\n\t\t\t\t<div class=\"elementor-widget-container\">\n\t\t\t\t\t\t\t\t\t\t\t\t\t\t\t<img fetchpriority=\"high\" decoding=\"async\" width=\"843\" height=\"310\" src=\"https:\/\/alexdecarvalho.com.br\/ilhadozouk\/wp-content\/uploads\/2021\/03\/capa-facebook-IDZ-19-1024x376.jpg\" class=\"attachment-large size-large wp-image-23593\" alt=\"\" srcset=\"https:\/\/alexdecarvalho.com.br\/ilhadozouk\/wp-content\/uploads\/2021\/03\/capa-facebook-IDZ-19-1024x376.jpg 1024w, https:\/\/alexdecarvalho.com.br\/ilhadozouk\/wp-content\/uploads\/2021\/03\/capa-facebook-IDZ-19-300x110.jpg 300w, https:\/\/alexdecarvalho.com.br\/ilhadozouk\/wp-content\/uploads\/2021\/03\/capa-facebook-IDZ-19-768x282.jpg 768w, https:\/\/alexdecarvalho.com.br\/ilhadozouk\/wp-content\/uploads\/2021\/03\/capa-facebook-IDZ-19-1536x565.jpg 1536w, https:\/\/alexdecarvalho.com.br\/ilhadozouk\/wp-content\/uploads\/2021\/03\/capa-facebook-IDZ-19-2048x753.jpg 2048w, https:\/\/alexdecarvalho.com.br\/ilhadozouk\/wp-content\/uploads\/2021\/03\/capa-facebook-IDZ-19-1670x614.jpg 1670w, https:\/\/alexdecarvalho.com.br\/ilhadozouk\/wp-content\/uploads\/2021\/03\/capa-facebook-IDZ-19-880x324.jpg 880w, https:\/\/alexdecarvalho.com.br\/ilhadozouk\/wp-content\/uploads\/2021\/03\/capa-facebook-IDZ-19-450x165.jpg 450w\" sizes=\"(max-width: 843px) 100vw, 843px\" \/>\t\t\t\t\t\t\t\t\t\t\t\t\t\t\t<\/div>\n\t\t\t\t<\/div>\n\t\t\t\t<div class=\"elementor-element elementor-element-8af268b elementor-widget elementor-widget-heading\" data-id=\"8af268b\" data-element_type=\"widget\" data-e-type=\"widget\" data-widget_type=\"heading.default\">\n\t\t\t\t<div class=\"elementor-widget-container\">\n\t\t\t\t\t<h2 class=\"elementor-heading-title elementor-size-default\">val clemente &amp; vanessa bonilha<\/h2>\t\t\t\t<\/div>\n\t\t\t\t<\/div>\n\t\t\t\t<div class=\"elementor-element elementor-element-89153bc elementor-widget elementor-widget-text-editor\" data-id=\"89153bc\" data-element_type=\"widget\" data-e-type=\"widget\" data-widget_type=\"text-editor.default\">\n\t\t\t\t<div class=\"elementor-widget-container\">\n\t\t\t\t\t\t\t\t\t<p><strong>:::::Temas das aulas \/ Topics of workshops<\/strong><\/p><p>&#8211; Como usar o quadril \/ How to move your hips<br \/>&#8211; Diferentes \u00e2ngulos \/ Different angles (head motions)<br \/>&#8211; Giros \/ Turns<\/p>\t\t\t\t\t\t\t\t<\/div>\n\t\t\t\t<\/div>\n\t\t\t\t\t<\/div>\n\t\t<\/div>\n\t\t\t\t\t<\/div>\n\t\t<\/section>\n\t\t\t\t<section class=\"elementor-section elementor-top-section elementor-element elementor-element-ac6f7df elementor-section-boxed elementor-section-height-default elementor-section-height-default\" data-id=\"ac6f7df\" data-element_type=\"section\" data-e-type=\"section\" data-settings=\"{&quot;background_background&quot;:&quot;video&quot;,&quot;background_video_link&quot;:&quot;https:\\\/\\\/youtu.be\\\/jyXQHI7EBLM&quot;,&quot;background_video_start&quot;:0,&quot;background_video_end&quot;:40,&quot;background_play_on_mobile&quot;:&quot;yes&quot;}\">\n\t\t\t\t\t\t\t\t<div class=\"elementor-background-video-container\">\n\t\t\t\t\t\t\t\t\t\t\t\t\t<div class=\"elementor-background-video-embed\" role=\"presentation\"><\/div>\n\t\t\t\t\t\t\t\t\t\t\t\t<\/div>\n\t\t\t\t\t\t\t\t<div class=\"elementor-container elementor-column-gap-default\">\n\t\t\t\t\t<div class=\"elementor-column elementor-col-100 elementor-top-column elementor-element elementor-element-ab9bd6d\" data-id=\"ab9bd6d\" data-element_type=\"column\" data-e-type=\"column\">\n\t\t\t<div class=\"elementor-widget-wrap\">\n\t\t\t\t\t\t\t<\/div>\n\t\t<\/div>\n\t\t\t\t\t<\/div>\n\t\t<\/section>\n\t\t\t\t<section class=\"elementor-section elementor-top-section elementor-element elementor-element-5ba757b elementor-section-boxed elementor-section-height-default elementor-section-height-default\" data-id=\"5ba757b\" data-element_type=\"section\" data-e-type=\"section\">\n\t\t\t\t\t\t<div class=\"elementor-container elementor-column-gap-default\">\n\t\t\t\t\t<div class=\"elementor-column elementor-col-100 elementor-top-column elementor-element elementor-element-c41567f\" data-id=\"c41567f\" data-element_type=\"column\" data-e-type=\"column\">\n\t\t\t<div class=\"elementor-widget-wrap elementor-element-populated\">\n\t\t\t\t\t\t<div class=\"elementor-element elementor-element-8d53602 elementor-tabs-view-horizontal elementor-widget elementor-widget-tabs\" data-id=\"8d53602\" data-element_type=\"widget\" data-e-type=\"widget\" data-widget_type=\"tabs.default\">\n\t\t\t\t<div class=\"elementor-widget-container\">\n\t\t\t\t\t\t\t<div class=\"elementor-tabs\">\n\t\t\t<div class=\"elementor-tabs-wrapper\" role=\"tablist\" >\n\t\t\t\t\t\t\t\t\t<div id=\"elementor-tab-title-1481\" class=\"elementor-tab-title elementor-tab-desktop-title\" aria-selected=\"true\" data-tab=\"1\" role=\"tab\" tabindex=\"0\" aria-controls=\"elementor-tab-content-1481\" aria-expanded=\"false\">English<\/div>\n\t\t\t\t\t\t\t\t\t<div id=\"elementor-tab-title-1482\" class=\"elementor-tab-title elementor-tab-desktop-title\" aria-selected=\"false\" data-tab=\"2\" role=\"tab\" tabindex=\"-1\" aria-controls=\"elementor-tab-content-1482\" aria-expanded=\"false\">Portugu\u00eas<\/div>\n\t\t\t\t\t\t\t<\/div>\n\t\t\t<div class=\"elementor-tabs-content-wrapper\" role=\"tablist\" aria-orientation=\"vertical\">\n\t\t\t\t\t\t\t\t\t<div class=\"elementor-tab-title elementor-tab-mobile-title\" aria-selected=\"true\" data-tab=\"1\" role=\"tab\" tabindex=\"0\" aria-controls=\"elementor-tab-content-1481\" aria-expanded=\"false\">English<\/div>\n\t\t\t\t\t<div id=\"elementor-tab-content-1481\" class=\"elementor-tab-content elementor-clearfix\" data-tab=\"1\" role=\"tabpanel\" aria-labelledby=\"elementor-tab-title-1481\" tabindex=\"0\" hidden=\"false\"><p>Val and Vanessa, based in Rio de Janeiro, Brazil, are known in the zouk world for their fun and entertaining way of teaching. Emphasising the importance of proper basics in the dance, they make the learning of zouk easy and joyful for everyone. They have been dancing together since 2015 and since then have become very sought after instructors at the festivals around the world.<\/p><\/div>\n\t\t\t\t\t\t\t\t\t<div class=\"elementor-tab-title elementor-tab-mobile-title\" aria-selected=\"false\" data-tab=\"2\" role=\"tab\" tabindex=\"-1\" aria-controls=\"elementor-tab-content-1482\" aria-expanded=\"false\">Portugu\u00eas<\/div>\n\t\t\t\t\t<div id=\"elementor-tab-content-1482\" class=\"elementor-tab-content elementor-clearfix\" data-tab=\"2\" role=\"tabpanel\" aria-labelledby=\"elementor-tab-title-1482\" tabindex=\"0\" hidden=\"hidden\"><p>Val e Vanessa, nascidos no Rio de Janeiro, Brasil, s\u00e3o conhecidas no mundo do zouk por sua forma divertida e divertida de ensinar. Enfatizando a import\u00e2ncia de fundamentos adequados na dan\u00e7a, eles tornam o aprendizado do zouk f\u00e1cil e alegre para todos. Eles dan\u00e7am juntos desde 2015 e desde ent\u00e3o se tornaram instrutores muito procurados em festivais ao redor do mundo.<\/p><\/div>\n\t\t\t\t\t\t\t<\/div>\n\t\t<\/div>\n\t\t\t\t\t\t<\/div>\n\t\t\t\t<\/div>\n\t\t\t\t\t<\/div>\n\t\t<\/div>\n\t\t\t\t\t<\/div>\n\t\t<\/section>\n\t\t\t\t<section class=\"elementor-section elementor-top-section elementor-element elementor-element-b54c0b6 elementor-section-boxed elementor-section-height-default elementor-section-height-default\" data-id=\"b54c0b6\" data-element_type=\"section\" data-e-type=\"section\" data-settings=\"{&quot;background_background&quot;:&quot;classic&quot;}\">\n\t\t\t\t\t\t<div class=\"elementor-container elementor-column-gap-default\">\n\t\t\t\t\t<div class=\"elementor-column elementor-col-100 elementor-top-column elementor-element elementor-element-54ffbb0\" data-id=\"54ffbb0\" data-element_type=\"column\" data-e-type=\"column\">\n\t\t\t<div class=\"elementor-widget-wrap elementor-element-populated\">\n\t\t\t\t\t\t<section class=\"elementor-section elementor-inner-section elementor-element elementor-element-ee78761 elementor-section-boxed elementor-section-height-default elementor-section-height-default\" data-id=\"ee78761\" data-element_type=\"section\" data-e-type=\"section\">\n\t\t\t\t\t\t<div class=\"elementor-container elementor-column-gap-default\">\n\t\t\t\t\t<div class=\"elementor-column elementor-col-25 elementor-inner-column elementor-element elementor-element-edab948\" data-id=\"edab948\" data-element_type=\"column\" data-e-type=\"column\">\n\t\t\t<div class=\"elementor-widget-wrap elementor-element-populated\">\n\t\t\t\t\t\t<div class=\"elementor-element elementor-element-d9a277d elementor-align-center elementor-widget elementor-widget-button\" data-id=\"d9a277d\" data-element_type=\"widget\" data-e-type=\"widget\" data-widget_type=\"button.default\">\n\t\t\t\t<div class=\"elementor-widget-container\">\n\t\t\t\t\t\t\t\t\t<div class=\"elementor-button-wrapper\">\n\t\t\t\t\t<a class=\"elementor-button elementor-button-link elementor-size-sm\" href=\"https:\/\/www.eventbrite.com.br\/e\/ilha-do-zouk-2022-tickets-146616575123\" target=\"_blank\">\n\t\t\t\t\t\t<span class=\"elementor-button-content-wrapper\">\n\t\t\t\t\t\t\t\t\t<span class=\"elementor-button-text\">INSCREVA-SE AGORA!!! BUY YOUR TICKET NOW!!<\/span>\n\t\t\t\t\t<\/span>\n\t\t\t\t\t<\/a>\n\t\t\t\t<\/div>\n\t\t\t\t\t\t\t\t<\/div>\n\t\t\t\t<\/div>\n\t\t\t\t\t<\/div>\n\t\t<\/div>\n\t\t\t\t<div class=\"elementor-column elementor-col-25 elementor-inner-column elementor-element elementor-element-f368ef8\" data-id=\"f368ef8\" data-element_type=\"column\" data-e-type=\"column\">\n\t\t\t<div class=\"elementor-widget-wrap elementor-element-populated\">\n\t\t\t\t\t\t<div class=\"elementor-element elementor-element-abde6b0 elementor-widget elementor-widget-image\" data-id=\"abde6b0\" data-element_type=\"widget\" data-e-type=\"widget\" data-widget_type=\"image.default\">\n\t\t\t\t<div class=\"elementor-widget-container\">\n\t\t\t\t\t\t\t\t\t\t\t\t\t\t\t\t<a href=\"https:\/\/www.eventbrite.com.br\/e\/ilha-do-zouk-2022-tickets-146616575123\" target=\"_blank\">\n\t\t\t\t\t\t\t<img decoding=\"async\" src=\"https:\/\/alexdecarvalho.com.br\/ilhadozouk\/wp-content\/uploads\/elementor\/thumbs\/eventbrite-oyqu0qn7yv86032jnzbohua2b9a1px86lhrci02fri.png\" title=\"eventbrite\" alt=\"eventbrite\" loading=\"lazy\" \/>\t\t\t\t\t\t\t\t<\/a>\n\t\t\t\t\t\t\t\t\t\t\t\t\t\t\t<\/div>\n\t\t\t\t<\/div>\n\t\t\t\t\t<\/div>\n\t\t<\/div>\n\t\t\t\t<div class=\"elementor-column elementor-col-25 elementor-inner-column elementor-element elementor-element-4a1eea2\" data-id=\"4a1eea2\" data-element_type=\"column\" data-e-type=\"column\">\n\t\t\t<div class=\"elementor-widget-wrap elementor-element-populated\">\n\t\t\t\t\t\t<div class=\"elementor-element elementor-element-7569fd2 elementor-widget elementor-widget-image\" data-id=\"7569fd2\" data-element_type=\"widget\" data-e-type=\"widget\" data-widget_type=\"image.default\">\n\t\t\t\t<div class=\"elementor-widget-container\">\n\t\t\t\t\t\t\t\t\t\t\t\t\t\t\t\t<a href=\"https:\/\/www.paypal.com\/paypalme\/alexdecarvalhozouk?locale.x=fr_FR\" target=\"_blank\">\n\t\t\t\t\t\t\t<img decoding=\"async\" src=\"https:\/\/alexdecarvalho.com.br\/ilhadozouk\/wp-content\/uploads\/elementor\/thumbs\/paypal-logo-oyqu4dascu70tvsrh1stmfb4vte2fumvfgfu7gopq2.png\" title=\"paypal logo\" alt=\"paypal logo\" loading=\"lazy\" \/>\t\t\t\t\t\t\t\t<\/a>\n\t\t\t\t\t\t\t\t\t\t\t\t\t\t\t<\/div>\n\t\t\t\t<\/div>\n\t\t\t\t\t<\/div>\n\t\t<\/div>\n\t\t\t\t<div class=\"elementor-column elementor-col-25 elementor-inner-column elementor-element elementor-element-f17cd39\" data-id=\"f17cd39\" data-element_type=\"column\" data-e-type=\"column\">\n\t\t\t<div class=\"elementor-widget-wrap elementor-element-populated\">\n\t\t\t\t\t\t<div class=\"elementor-element elementor-element-6c9681d elementor-widget elementor-widget-image\" data-id=\"6c9681d\" data-element_type=\"widget\" data-e-type=\"widget\" data-widget_type=\"image.default\">\n\t\t\t\t<div class=\"elementor-widget-container\">\n\t\t\t\t\t\t\t\t\t\t\t\t\t\t\t\t<a href=\"https:\/\/www.itau.com.br\/\" target=\"_blank\">\n\t\t\t\t\t\t\t<img decoding=\"async\" src=\"https:\/\/alexdecarvalho.com.br\/ilhadozouk\/wp-content\/uploads\/elementor\/thumbs\/758px-Banco_Itau_logo.svg-oyqu9691gklzg0ldava3zr5f7h2gpcuohru6bpmwdw.png\" title=\"758px-Banco_Ita\u00fa_logo.svg\" alt=\"758px-Banco_Ita\u00fa_logo.svg\" loading=\"lazy\" \/>\t\t\t\t\t\t\t\t<\/a>\n\t\t\t\t\t\t\t\t\t\t\t\t\t\t\t<\/div>\n\t\t\t\t<\/div>\n\t\t\t\t\t<\/div>\n\t\t<\/div>\n\t\t\t\t\t<\/div>\n\t\t<\/section>\n\t\t\t\t\t<\/div>\n\t\t<\/div>\n\t\t\t\t\t<\/div>\n\t\t<\/section>\n\t\t\t\t<\/div>\n\t\t","protected":false},"excerpt":{"rendered":"<p>val clemente &amp; vanessa bonilha :::::Temas das aulas \/ Topics of workshops &#8211; Como usar o quadril \/ How to move your hips&#8211; Diferentes \u00e2ngulos&hellip;<\/p>\n","protected":false},"author":2,"featured_media":0,"parent":0,"menu_order":0,"comment_status":"closed","ping_status":"closed","template":"elementor_header_footer","meta":{"footnotes":""},"folder":[526],"class_list":["post-21407","page","type-page","status-publish","hentry"],"yoast_head":"<!-- This site is optimized with the Yoast SEO Premium plugin v16.1 (Yoast SEO v27.4) - https:\/\/yoast.com\/product\/yoast-seo-premium-wordpress\/ -->\n<title>Val Clemente &amp; Vanessa Bonilha &#8211; Ilha do Zouk<\/title>\n<meta name=\"robots\" content=\"index, follow, max-snippet:-1, max-image-preview:large, max-video-preview:-1\" \/>\n<link rel=\"canonical\" href=\"https:\/\/alexdecarvalho.com.br\/ilhadozouk\/pt-br\/val-clemente-vanessa-bonilha\/\" \/>\n<meta property=\"og:locale\" content=\"pt_BR\" \/>\n<meta property=\"og:type\" content=\"article\" \/>\n<meta property=\"og:title\" content=\"Val Clemente &amp; Vanessa Bonilha &#8211; Ilha do Zouk\" \/>\n<meta property=\"og:description\" content=\"val clemente &amp; vanessa bonilha :::::Temas das aulas \/ Topics of workshops &#8211; Como usar o quadril \/ How to move your hips&#8211; Diferentes \u00e2ngulos&hellip;\" \/>\n<meta property=\"og:url\" content=\"https:\/\/alexdecarvalho.com.br\/ilhadozouk\/pt-br\/val-clemente-vanessa-bonilha\/\" \/>\n<meta property=\"og:site_name\" content=\"Ilha do Zouk\" \/>\n<meta property=\"article:publisher\" content=\"https:\/\/www.facebook.com\/ilhadozouk\" \/>\n<meta property=\"article:modified_time\" content=\"2021-04-14T12:21:59+00:00\" \/>\n<meta property=\"og:image\" content=\"https:\/\/alexdecarvalho.com.br\/ilhadozouk\/wp-content\/uploads\/2021\/03\/capa-facebook-IDZ-19-1024x376.jpg\" \/>\n<meta name=\"twitter:card\" content=\"summary_large_image\" \/>\n<meta name=\"twitter:label1\" content=\"Est. tempo de leitura\" \/>\n\t<meta name=\"twitter:data1\" content=\"1 minuto\" \/>\n<script type=\"application\/ld+json\" class=\"yoast-schema-graph\">{\"@context\":\"https:\\\/\\\/schema.org\",\"@graph\":[{\"@type\":\"WebPage\",\"@id\":\"https:\\\/\\\/alexdecarvalho.com.br\\\/ilhadozouk\\\/pt-br\\\/val-clemente-vanessa-bonilha\\\/\",\"url\":\"https:\\\/\\\/alexdecarvalho.com.br\\\/ilhadozouk\\\/pt-br\\\/val-clemente-vanessa-bonilha\\\/\",\"name\":\"Val Clemente & Vanessa Bonilha &#8211; Ilha do Zouk\",\"isPartOf\":{\"@id\":\"https:\\\/\\\/alexdecarvalho.com.br\\\/ilhadozouk\\\/#website\"},\"primaryImageOfPage\":{\"@id\":\"https:\\\/\\\/alexdecarvalho.com.br\\\/ilhadozouk\\\/pt-br\\\/val-clemente-vanessa-bonilha\\\/#primaryimage\"},\"image\":{\"@id\":\"https:\\\/\\\/alexdecarvalho.com.br\\\/ilhadozouk\\\/pt-br\\\/val-clemente-vanessa-bonilha\\\/#primaryimage\"},\"thumbnailUrl\":\"https:\\\/\\\/alexdecarvalho.com.br\\\/ilhadozouk\\\/wp-content\\\/uploads\\\/2021\\\/03\\\/capa-facebook-IDZ-19-1024x376.jpg\",\"datePublished\":\"2019-10-24T09:58:14+00:00\",\"dateModified\":\"2021-04-14T12:21:59+00:00\",\"breadcrumb\":{\"@id\":\"https:\\\/\\\/alexdecarvalho.com.br\\\/ilhadozouk\\\/pt-br\\\/val-clemente-vanessa-bonilha\\\/#breadcrumb\"},\"inLanguage\":\"pt-BR\",\"potentialAction\":[{\"@type\":\"ReadAction\",\"target\":[\"https:\\\/\\\/alexdecarvalho.com.br\\\/ilhadozouk\\\/pt-br\\\/val-clemente-vanessa-bonilha\\\/\"]}]},{\"@type\":\"ImageObject\",\"inLanguage\":\"pt-BR\",\"@id\":\"https:\\\/\\\/alexdecarvalho.com.br\\\/ilhadozouk\\\/pt-br\\\/val-clemente-vanessa-bonilha\\\/#primaryimage\",\"url\":\"https:\\\/\\\/alexdecarvalho.com.br\\\/ilhadozouk\\\/wp-content\\\/uploads\\\/2021\\\/03\\\/capa-facebook-IDZ-19.jpg\",\"contentUrl\":\"https:\\\/\\\/alexdecarvalho.com.br\\\/ilhadozouk\\\/wp-content\\\/uploads\\\/2021\\\/03\\\/capa-facebook-IDZ-19.jpg\",\"width\":2214,\"height\":814},{\"@type\":\"BreadcrumbList\",\"@id\":\"https:\\\/\\\/alexdecarvalho.com.br\\\/ilhadozouk\\\/pt-br\\\/val-clemente-vanessa-bonilha\\\/#breadcrumb\",\"itemListElement\":[{\"@type\":\"ListItem\",\"position\":1,\"name\":\"In\u00edcio\",\"item\":\"https:\\\/\\\/alexdecarvalho.com.br\\\/ilhadozouk\\\/pt-br\\\/\"},{\"@type\":\"ListItem\",\"position\":2,\"name\":\"Val Clemente &#038; Vanessa Bonilha\"}]},{\"@type\":\"WebSite\",\"@id\":\"https:\\\/\\\/alexdecarvalho.com.br\\\/ilhadozouk\\\/#website\",\"url\":\"https:\\\/\\\/alexdecarvalho.com.br\\\/ilhadozouk\\\/\",\"name\":\"Ilha do Zouk\",\"description\":\"\",\"publisher\":{\"@id\":\"https:\\\/\\\/alexdecarvalho.com.br\\\/ilhadozouk\\\/#organization\"},\"potentialAction\":[{\"@type\":\"SearchAction\",\"target\":{\"@type\":\"EntryPoint\",\"urlTemplate\":\"https:\\\/\\\/alexdecarvalho.com.br\\\/ilhadozouk\\\/?s={search_term_string}\"},\"query-input\":{\"@type\":\"PropertyValueSpecification\",\"valueRequired\":true,\"valueName\":\"search_term_string\"}}],\"inLanguage\":\"pt-BR\"},{\"@type\":\"Organization\",\"@id\":\"https:\\\/\\\/alexdecarvalho.com.br\\\/ilhadozouk\\\/#organization\",\"name\":\"Ilha do Zouk\",\"url\":\"https:\\\/\\\/alexdecarvalho.com.br\\\/ilhadozouk\\\/\",\"logo\":{\"@type\":\"ImageObject\",\"inLanguage\":\"pt-BR\",\"@id\":\"https:\\\/\\\/alexdecarvalho.com.br\\\/ilhadozouk\\\/#\\\/schema\\\/logo\\\/image\\\/\",\"url\":\"https:\\\/\\\/alexdecarvalho.com.br\\\/ilhadozouk\\\/wp-content\\\/uploads\\\/2021\\\/05\\\/app-idz-512.png\",\"contentUrl\":\"https:\\\/\\\/alexdecarvalho.com.br\\\/ilhadozouk\\\/wp-content\\\/uploads\\\/2021\\\/05\\\/app-idz-512.png\",\"width\":512,\"height\":512,\"caption\":\"Ilha do Zouk\"},\"image\":{\"@id\":\"https:\\\/\\\/alexdecarvalho.com.br\\\/ilhadozouk\\\/#\\\/schema\\\/logo\\\/image\\\/\"},\"sameAs\":[\"https:\\\/\\\/www.facebook.com\\\/ilhadozouk\",\"https:\\\/\\\/www.instagram.com\\\/ilhadozouk\\\/\",\"https:\\\/\\\/www.youtube.com\\\/user\\\/CDalexdecarvalho\"]}]}<\/script>\n<!-- \/ Yoast SEO Premium plugin. -->","yoast_head_json":{"title":"Val Clemente & Vanessa Bonilha &#8211; Ilha do Zouk","robots":{"index":"index","follow":"follow","max-snippet":"max-snippet:-1","max-image-preview":"max-image-preview:large","max-video-preview":"max-video-preview:-1"},"canonical":"https:\/\/alexdecarvalho.com.br\/ilhadozouk\/pt-br\/val-clemente-vanessa-bonilha\/","og_locale":"pt_BR","og_type":"article","og_title":"Val Clemente & Vanessa Bonilha &#8211; Ilha do Zouk","og_description":"val clemente &amp; vanessa bonilha :::::Temas das aulas \/ Topics of workshops &#8211; Como usar o quadril \/ How to move your hips&#8211; Diferentes \u00e2ngulos&hellip;","og_url":"https:\/\/alexdecarvalho.com.br\/ilhadozouk\/pt-br\/val-clemente-vanessa-bonilha\/","og_site_name":"Ilha do Zouk","article_publisher":"https:\/\/www.facebook.com\/ilhadozouk","article_modified_time":"2021-04-14T12:21:59+00:00","og_image":[{"url":"https:\/\/alexdecarvalho.com.br\/ilhadozouk\/wp-content\/uploads\/2021\/03\/capa-facebook-IDZ-19-1024x376.jpg","type":"","width":"","height":""}],"twitter_card":"summary_large_image","twitter_misc":{"Est. tempo de leitura":"1 minuto"},"schema":{"@context":"https:\/\/schema.org","@graph":[{"@type":"WebPage","@id":"https:\/\/alexdecarvalho.com.br\/ilhadozouk\/pt-br\/val-clemente-vanessa-bonilha\/","url":"https:\/\/alexdecarvalho.com.br\/ilhadozouk\/pt-br\/val-clemente-vanessa-bonilha\/","name":"Val Clemente & Vanessa Bonilha &#8211; Ilha do Zouk","isPartOf":{"@id":"https:\/\/alexdecarvalho.com.br\/ilhadozouk\/#website"},"primaryImageOfPage":{"@id":"https:\/\/alexdecarvalho.com.br\/ilhadozouk\/pt-br\/val-clemente-vanessa-bonilha\/#primaryimage"},"image":{"@id":"https:\/\/alexdecarvalho.com.br\/ilhadozouk\/pt-br\/val-clemente-vanessa-bonilha\/#primaryimage"},"thumbnailUrl":"https:\/\/alexdecarvalho.com.br\/ilhadozouk\/wp-content\/uploads\/2021\/03\/capa-facebook-IDZ-19-1024x376.jpg","datePublished":"2019-10-24T09:58:14+00:00","dateModified":"2021-04-14T12:21:59+00:00","breadcrumb":{"@id":"https:\/\/alexdecarvalho.com.br\/ilhadozouk\/pt-br\/val-clemente-vanessa-bonilha\/#breadcrumb"},"inLanguage":"pt-BR","potentialAction":[{"@type":"ReadAction","target":["https:\/\/alexdecarvalho.com.br\/ilhadozouk\/pt-br\/val-clemente-vanessa-bonilha\/"]}]},{"@type":"ImageObject","inLanguage":"pt-BR","@id":"https:\/\/alexdecarvalho.com.br\/ilhadozouk\/pt-br\/val-clemente-vanessa-bonilha\/#primaryimage","url":"https:\/\/alexdecarvalho.com.br\/ilhadozouk\/wp-content\/uploads\/2021\/03\/capa-facebook-IDZ-19.jpg","contentUrl":"https:\/\/alexdecarvalho.com.br\/ilhadozouk\/wp-content\/uploads\/2021\/03\/capa-facebook-IDZ-19.jpg","width":2214,"height":814},{"@type":"BreadcrumbList","@id":"https:\/\/alexdecarvalho.com.br\/ilhadozouk\/pt-br\/val-clemente-vanessa-bonilha\/#breadcrumb","itemListElement":[{"@type":"ListItem","position":1,"name":"In\u00edcio","item":"https:\/\/alexdecarvalho.com.br\/ilhadozouk\/pt-br\/"},{"@type":"ListItem","position":2,"name":"Val Clemente &#038; Vanessa Bonilha"}]},{"@type":"WebSite","@id":"https:\/\/alexdecarvalho.com.br\/ilhadozouk\/#website","url":"https:\/\/alexdecarvalho.com.br\/ilhadozouk\/","name":"Ilha do Zouk","description":"","publisher":{"@id":"https:\/\/alexdecarvalho.com.br\/ilhadozouk\/#organization"},"potentialAction":[{"@type":"SearchAction","target":{"@type":"EntryPoint","urlTemplate":"https:\/\/alexdecarvalho.com.br\/ilhadozouk\/?s={search_term_string}"},"query-input":{"@type":"PropertyValueSpecification","valueRequired":true,"valueName":"search_term_string"}}],"inLanguage":"pt-BR"},{"@type":"Organization","@id":"https:\/\/alexdecarvalho.com.br\/ilhadozouk\/#organization","name":"Ilha do Zouk","url":"https:\/\/alexdecarvalho.com.br\/ilhadozouk\/","logo":{"@type":"ImageObject","inLanguage":"pt-BR","@id":"https:\/\/alexdecarvalho.com.br\/ilhadozouk\/#\/schema\/logo\/image\/","url":"https:\/\/alexdecarvalho.com.br\/ilhadozouk\/wp-content\/uploads\/2021\/05\/app-idz-512.png","contentUrl":"https:\/\/alexdecarvalho.com.br\/ilhadozouk\/wp-content\/uploads\/2021\/05\/app-idz-512.png","width":512,"height":512,"caption":"Ilha do Zouk"},"image":{"@id":"https:\/\/alexdecarvalho.com.br\/ilhadozouk\/#\/schema\/logo\/image\/"},"sameAs":["https:\/\/www.facebook.com\/ilhadozouk","https:\/\/www.instagram.com\/ilhadozouk\/","https:\/\/www.youtube.com\/user\/CDalexdecarvalho"]}]}},"_links":{"self":[{"href":"https:\/\/alexdecarvalho.com.br\/ilhadozouk\/wp-json\/wp\/v2\/pages\/21407","targetHints":{"allow":["GET"]}}],"collection":[{"href":"https:\/\/alexdecarvalho.com.br\/ilhadozouk\/wp-json\/wp\/v2\/pages"}],"about":[{"href":"https:\/\/alexdecarvalho.com.br\/ilhadozouk\/wp-json\/wp\/v2\/types\/page"}],"author":[{"embeddable":true,"href":"https:\/\/alexdecarvalho.com.br\/ilhadozouk\/wp-json\/wp\/v2\/users\/2"}],"replies":[{"embeddable":true,"href":"https:\/\/alexdecarvalho.com.br\/ilhadozouk\/wp-json\/wp\/v2\/comments?post=21407"}],"version-history":[{"count":10,"href":"https:\/\/alexdecarvalho.com.br\/ilhadozouk\/wp-json\/wp\/v2\/pages\/21407\/revisions"}],"predecessor-version":[{"id":23919,"href":"https:\/\/alexdecarvalho.com.br\/ilhadozouk\/wp-json\/wp\/v2\/pages\/21407\/revisions\/23919"}],"wp:attachment":[{"href":"https:\/\/alexdecarvalho.com.br\/ilhadozouk\/wp-json\/wp\/v2\/media?parent=21407"}],"wp:term":[{"taxonomy":"folder","embeddable":true,"href":"https:\/\/alexdecarvalho.com.br\/ilhadozouk\/wp-json\/wp\/v2\/folder?post=21407"}],"curies":[{"name":"wp","href":"https:\/\/api.w.org\/{rel}","templated":true}]}}