{"id":21972,"date":"2020-11-05T19:52:29","date_gmt":"2020-11-05T22:52:29","guid":{"rendered":"http:\/\/alexdecarvalho.com.br\/ilhadozouk\/?page_id=21972"},"modified":"2021-04-13T06:40:59","modified_gmt":"2021-04-13T09:40:59","slug":"apoio","status":"publish","type":"page","link":"https:\/\/alexdecarvalho.com.br\/ilhadozouk\/pt-br\/apoio\/","title":{"rendered":"Apoio"},"content":{"rendered":"\t\t<div data-elementor-type=\"wp-post\" data-elementor-id=\"21972\" class=\"elementor elementor-21972\" data-elementor-post-type=\"page\">\n\t\t\t\t\t\t<section class=\"elementor-section elementor-top-section elementor-element elementor-element-8d1c25b elementor-section-boxed elementor-section-height-default elementor-section-height-default\" data-id=\"8d1c25b\" data-element_type=\"section\" data-e-type=\"section\">\n\t\t\t\t\t\t<div class=\"elementor-container elementor-column-gap-default\">\n\t\t\t\t\t<div class=\"elementor-column elementor-col-100 elementor-top-column elementor-element elementor-element-aa9ec15\" data-id=\"aa9ec15\" data-element_type=\"column\" data-e-type=\"column\">\n\t\t\t<div class=\"elementor-widget-wrap elementor-element-populated\">\n\t\t\t\t\t\t<div class=\"elementor-element elementor-element-4689ee7 elementor-widget elementor-widget-spacer\" data-id=\"4689ee7\" data-element_type=\"widget\" data-e-type=\"widget\" data-widget_type=\"spacer.default\">\n\t\t\t\t<div class=\"elementor-widget-container\">\n\t\t\t\t\t\t\t<div class=\"elementor-spacer\">\n\t\t\t<div class=\"elementor-spacer-inner\"><\/div>\n\t\t<\/div>\n\t\t\t\t\t\t<\/div>\n\t\t\t\t<\/div>\n\t\t\t\t<div class=\"elementor-element elementor-element-6fa2e37 elementor-widget elementor-widget-heading\" data-id=\"6fa2e37\" data-element_type=\"widget\" data-e-type=\"widget\" data-widget_type=\"heading.default\">\n\t\t\t\t<div class=\"elementor-widget-container\">\n\t\t\t\t\t<h2 class=\"elementor-heading-title elementor-size-small\">Agradecemos tamb\u00e9m \u00e0 todas as pousadas parceiras, aos organizadores de grupo de congressistas, \naos participantes das noites de espet\u00e1culo, a equipe de produ\u00e7\u00e3o\/staff, aos moradores e o com\u00e9rcio local.<\/h2>\t\t\t\t<\/div>\n\t\t\t\t<\/div>\n\t\t\t\t\t<\/div>\n\t\t<\/div>\n\t\t\t\t\t<\/div>\n\t\t<\/section>\n\t\t\t\t<section class=\"elementor-section elementor-top-section elementor-element elementor-element-c0529e7 elementor-section-boxed elementor-section-height-default elementor-section-height-default\" data-id=\"c0529e7\" data-element_type=\"section\" data-e-type=\"section\">\n\t\t\t\t\t\t<div class=\"elementor-container elementor-column-gap-default\">\n\t\t\t\t\t<div class=\"elementor-column elementor-col-100 elementor-top-column elementor-element elementor-element-4b8ab38\" data-id=\"4b8ab38\" data-element_type=\"column\" data-e-type=\"column\">\n\t\t\t<div class=\"elementor-widget-wrap elementor-element-populated\">\n\t\t\t\t\t\t<div class=\"elementor-element elementor-element-bd030b2 elementor-widget elementor-widget-spacer\" data-id=\"bd030b2\" data-element_type=\"widget\" data-e-type=\"widget\" data-widget_type=\"spacer.default\">\n\t\t\t\t<div class=\"elementor-widget-container\">\n\t\t\t\t\t\t\t<div class=\"elementor-spacer\">\n\t\t\t<div class=\"elementor-spacer-inner\"><\/div>\n\t\t<\/div>\n\t\t\t\t\t\t<\/div>\n\t\t\t\t<\/div>\n\t\t\t\t<div class=\"elementor-element elementor-element-82ea5b8 elementor-widget elementor-widget-image\" data-id=\"82ea5b8\" data-element_type=\"widget\" data-e-type=\"widget\" data-widget_type=\"image.default\">\n\t\t\t\t<div class=\"elementor-widget-container\">\n\t\t\t\t\t\t\t\t\t\t\t\t\t\t\t<img fetchpriority=\"high\" decoding=\"async\" width=\"843\" height=\"715\" src=\"https:\/\/alexdecarvalho.com.br\/ilhadozouk\/wp-content\/uploads\/2020\/10\/apoio-pag-1024x868.png\" class=\"attachment-large size-large wp-image-21977\" alt=\"\" srcset=\"https:\/\/alexdecarvalho.com.br\/ilhadozouk\/wp-content\/uploads\/2020\/10\/apoio-pag-1024x868.png 1024w, https:\/\/alexdecarvalho.com.br\/ilhadozouk\/wp-content\/uploads\/2020\/10\/apoio-pag-300x254.png 300w, https:\/\/alexdecarvalho.com.br\/ilhadozouk\/wp-content\/uploads\/2020\/10\/apoio-pag-768x651.png 768w, https:\/\/alexdecarvalho.com.br\/ilhadozouk\/wp-content\/uploads\/2020\/10\/apoio-pag-1536x1301.png 1536w, https:\/\/alexdecarvalho.com.br\/ilhadozouk\/wp-content\/uploads\/2020\/10\/apoio-pag-2048x1735.png 2048w, https:\/\/alexdecarvalho.com.br\/ilhadozouk\/wp-content\/uploads\/2020\/10\/apoio-pag-1670x1415.png 1670w, https:\/\/alexdecarvalho.com.br\/ilhadozouk\/wp-content\/uploads\/2020\/10\/apoio-pag-880x746.png 880w, https:\/\/alexdecarvalho.com.br\/ilhadozouk\/wp-content\/uploads\/2020\/10\/apoio-pag-450x381.png 450w\" sizes=\"(max-width: 843px) 100vw, 843px\" \/>\t\t\t\t\t\t\t\t\t\t\t\t\t\t\t<\/div>\n\t\t\t\t<\/div>\n\t\t\t\t\t<\/div>\n\t\t<\/div>\n\t\t\t\t\t<\/div>\n\t\t<\/section>\n\t\t\t\t<section class=\"elementor-section elementor-top-section elementor-element elementor-element-e4fe79e elementor-section-boxed elementor-section-height-default elementor-section-height-default\" data-id=\"e4fe79e\" data-element_type=\"section\" data-e-type=\"section\" data-settings=\"{&quot;background_background&quot;:&quot;classic&quot;}\">\n\t\t\t\t\t\t<div class=\"elementor-container elementor-column-gap-default\">\n\t\t\t\t\t<div class=\"elementor-column elementor-col-100 elementor-top-column elementor-element elementor-element-e43f8c0\" data-id=\"e43f8c0\" data-element_type=\"column\" data-e-type=\"column\">\n\t\t\t<div class=\"elementor-widget-wrap elementor-element-populated\">\n\t\t\t\t\t\t<section class=\"elementor-section elementor-inner-section elementor-element elementor-element-0965941 elementor-section-boxed elementor-section-height-default elementor-section-height-default\" data-id=\"0965941\" data-element_type=\"section\" data-e-type=\"section\">\n\t\t\t\t\t\t<div class=\"elementor-container elementor-column-gap-default\">\n\t\t\t\t\t<div class=\"elementor-column elementor-col-25 elementor-inner-column elementor-element elementor-element-d0fbea7\" data-id=\"d0fbea7\" data-element_type=\"column\" data-e-type=\"column\">\n\t\t\t<div class=\"elementor-widget-wrap elementor-element-populated\">\n\t\t\t\t\t\t<div class=\"elementor-element elementor-element-e72dee7 elementor-align-center elementor-widget elementor-widget-button\" data-id=\"e72dee7\" data-element_type=\"widget\" data-e-type=\"widget\" data-widget_type=\"button.default\">\n\t\t\t\t<div class=\"elementor-widget-container\">\n\t\t\t\t\t\t\t\t\t<div class=\"elementor-button-wrapper\">\n\t\t\t\t\t<a class=\"elementor-button elementor-button-link elementor-size-sm\" href=\"https:\/\/www.eventbrite.com.br\/e\/ilha-do-zouk-2022-tickets-146616575123\" target=\"_blank\">\n\t\t\t\t\t\t<span class=\"elementor-button-content-wrapper\">\n\t\t\t\t\t\t\t\t\t<span class=\"elementor-button-text\">INSCREVA-SE AGORA!!!<\/span>\n\t\t\t\t\t<\/span>\n\t\t\t\t\t<\/a>\n\t\t\t\t<\/div>\n\t\t\t\t\t\t\t\t<\/div>\n\t\t\t\t<\/div>\n\t\t\t\t\t<\/div>\n\t\t<\/div>\n\t\t\t\t<div class=\"elementor-column elementor-col-25 elementor-inner-column elementor-element elementor-element-b4986f0\" data-id=\"b4986f0\" data-element_type=\"column\" data-e-type=\"column\">\n\t\t\t<div class=\"elementor-widget-wrap elementor-element-populated\">\n\t\t\t\t\t\t<div class=\"elementor-element elementor-element-7ae3ca5 elementor-widget elementor-widget-image\" data-id=\"7ae3ca5\" data-element_type=\"widget\" data-e-type=\"widget\" data-widget_type=\"image.default\">\n\t\t\t\t<div class=\"elementor-widget-container\">\n\t\t\t\t\t\t\t\t\t\t\t\t\t\t\t\t<a href=\"https:\/\/www.eventbrite.com.br\/e\/ilha-do-zouk-2022-tickets-146616575123\" target=\"_blank\">\n\t\t\t\t\t\t\t<img decoding=\"async\" src=\"https:\/\/alexdecarvalho.com.br\/ilhadozouk\/wp-content\/uploads\/elementor\/thumbs\/eventbrite-oyqu0qn7yv86032jnzbohua2b9a1px86lhrci02fri.png\" title=\"eventbrite\" alt=\"eventbrite\" loading=\"lazy\" \/>\t\t\t\t\t\t\t\t<\/a>\n\t\t\t\t\t\t\t\t\t\t\t\t\t\t\t<\/div>\n\t\t\t\t<\/div>\n\t\t\t\t\t<\/div>\n\t\t<\/div>\n\t\t\t\t<div class=\"elementor-column elementor-col-25 elementor-inner-column elementor-element elementor-element-bbb4f4e\" data-id=\"bbb4f4e\" data-element_type=\"column\" data-e-type=\"column\">\n\t\t\t<div class=\"elementor-widget-wrap elementor-element-populated\">\n\t\t\t\t\t\t<div class=\"elementor-element elementor-element-3eee9bf elementor-widget elementor-widget-image\" data-id=\"3eee9bf\" data-element_type=\"widget\" data-e-type=\"widget\" data-widget_type=\"image.default\">\n\t\t\t\t<div class=\"elementor-widget-container\">\n\t\t\t\t\t\t\t\t\t\t\t\t\t\t\t\t<a href=\"https:\/\/www.paypal.com\/paypalme\/alexdecarvalhozouk?locale.x=fr_FR\" target=\"_blank\">\n\t\t\t\t\t\t\t<img decoding=\"async\" src=\"https:\/\/alexdecarvalho.com.br\/ilhadozouk\/wp-content\/uploads\/elementor\/thumbs\/paypal-logo-oyqu4dascu70tvsrh1stmfb4vte2fumvfgfu7gopq2.png\" title=\"paypal logo\" alt=\"paypal logo\" loading=\"lazy\" \/>\t\t\t\t\t\t\t\t<\/a>\n\t\t\t\t\t\t\t\t\t\t\t\t\t\t\t<\/div>\n\t\t\t\t<\/div>\n\t\t\t\t\t<\/div>\n\t\t<\/div>\n\t\t\t\t<div class=\"elementor-column elementor-col-25 elementor-inner-column elementor-element elementor-element-8664600\" data-id=\"8664600\" data-element_type=\"column\" data-e-type=\"column\">\n\t\t\t<div class=\"elementor-widget-wrap elementor-element-populated\">\n\t\t\t\t\t\t<div class=\"elementor-element elementor-element-f728c49 elementor-widget elementor-widget-image\" data-id=\"f728c49\" data-element_type=\"widget\" data-e-type=\"widget\" data-widget_type=\"image.default\">\n\t\t\t\t<div class=\"elementor-widget-container\">\n\t\t\t\t\t\t\t\t\t\t\t\t\t\t\t\t<a href=\"https:\/\/www.itau.com.br\/\" target=\"_blank\">\n\t\t\t\t\t\t\t<img decoding=\"async\" src=\"https:\/\/alexdecarvalho.com.br\/ilhadozouk\/wp-content\/uploads\/elementor\/thumbs\/758px-Banco_Itau_logo.svg-oyqu9691gklzg0ldava3zr5f7h2gpcuohru6bpmwdw.png\" title=\"758px-Banco_Ita\u00fa_logo.svg\" alt=\"758px-Banco_Ita\u00fa_logo.svg\" loading=\"lazy\" \/>\t\t\t\t\t\t\t\t<\/a>\n\t\t\t\t\t\t\t\t\t\t\t\t\t\t\t<\/div>\n\t\t\t\t<\/div>\n\t\t\t\t\t<\/div>\n\t\t<\/div>\n\t\t\t\t\t<\/div>\n\t\t<\/section>\n\t\t\t\t\t<\/div>\n\t\t<\/div>\n\t\t\t\t\t<\/div>\n\t\t<\/section>\n\t\t\t\t<\/div>\n\t\t","protected":false},"excerpt":{"rendered":"<p>Agradecemos tamb\u00e9m \u00e0 todas as pousadas parceiras, aos organizadores de grupo de congressistas, aos participantes das noites de espet\u00e1culo, a equipe de produ\u00e7\u00e3o\/staff, aos moradores&hellip;<\/p>\n","protected":false},"author":2,"featured_media":0,"parent":0,"menu_order":0,"comment_status":"closed","ping_status":"closed","template":"elementor_header_footer","meta":{"footnotes":""},"folder":[531],"class_list":["post-21972","page","type-page","status-publish","hentry"],"yoast_head":"<!-- This site is optimized with the Yoast SEO Premium plugin v16.1 (Yoast SEO v27.4) - https:\/\/yoast.com\/product\/yoast-seo-premium-wordpress\/ -->\n<title>Apoio &#8211; Ilha do Zouk<\/title>\n<meta name=\"robots\" content=\"index, follow, max-snippet:-1, max-image-preview:large, max-video-preview:-1\" \/>\n<link rel=\"canonical\" href=\"https:\/\/alexdecarvalho.com.br\/ilhadozouk\/pt-br\/apoio\/\" \/>\n<meta property=\"og:locale\" content=\"pt_BR\" \/>\n<meta property=\"og:type\" content=\"article\" \/>\n<meta property=\"og:title\" content=\"Apoio &#8211; Ilha do Zouk\" \/>\n<meta property=\"og:description\" content=\"Agradecemos tamb\u00e9m \u00e0 todas as pousadas parceiras, aos organizadores de grupo de congressistas, aos participantes das noites de espet\u00e1culo, a equipe de produ\u00e7\u00e3o\/staff, aos moradores&hellip;\" \/>\n<meta property=\"og:url\" content=\"https:\/\/alexdecarvalho.com.br\/ilhadozouk\/pt-br\/apoio\/\" \/>\n<meta property=\"og:site_name\" content=\"Ilha do Zouk\" \/>\n<meta property=\"article:publisher\" content=\"https:\/\/www.facebook.com\/ilhadozouk\" \/>\n<meta property=\"article:modified_time\" content=\"2021-04-13T09:40:59+00:00\" \/>\n<meta property=\"og:image\" content=\"https:\/\/alexdecarvalho.com.br\/ilhadozouk\/wp-content\/uploads\/2020\/10\/apoio-pag-1024x868.png\" \/>\n<meta name=\"twitter:card\" content=\"summary_large_image\" \/>\n<script type=\"application\/ld+json\" class=\"yoast-schema-graph\">{\"@context\":\"https:\\\/\\\/schema.org\",\"@graph\":[{\"@type\":\"WebPage\",\"@id\":\"https:\\\/\\\/alexdecarvalho.com.br\\\/ilhadozouk\\\/pt-br\\\/apoio\\\/\",\"url\":\"https:\\\/\\\/alexdecarvalho.com.br\\\/ilhadozouk\\\/pt-br\\\/apoio\\\/\",\"name\":\"Apoio &#8211; Ilha do Zouk\",\"isPartOf\":{\"@id\":\"https:\\\/\\\/alexdecarvalho.com.br\\\/ilhadozouk\\\/#website\"},\"primaryImageOfPage\":{\"@id\":\"https:\\\/\\\/alexdecarvalho.com.br\\\/ilhadozouk\\\/pt-br\\\/apoio\\\/#primaryimage\"},\"image\":{\"@id\":\"https:\\\/\\\/alexdecarvalho.com.br\\\/ilhadozouk\\\/pt-br\\\/apoio\\\/#primaryimage\"},\"thumbnailUrl\":\"https:\\\/\\\/alexdecarvalho.com.br\\\/ilhadozouk\\\/wp-content\\\/uploads\\\/2020\\\/10\\\/apoio-pag-1024x868.png\",\"datePublished\":\"2020-11-05T22:52:29+00:00\",\"dateModified\":\"2021-04-13T09:40:59+00:00\",\"breadcrumb\":{\"@id\":\"https:\\\/\\\/alexdecarvalho.com.br\\\/ilhadozouk\\\/pt-br\\\/apoio\\\/#breadcrumb\"},\"inLanguage\":\"pt-BR\",\"potentialAction\":[{\"@type\":\"ReadAction\",\"target\":[\"https:\\\/\\\/alexdecarvalho.com.br\\\/ilhadozouk\\\/pt-br\\\/apoio\\\/\"]}]},{\"@type\":\"ImageObject\",\"inLanguage\":\"pt-BR\",\"@id\":\"https:\\\/\\\/alexdecarvalho.com.br\\\/ilhadozouk\\\/pt-br\\\/apoio\\\/#primaryimage\",\"url\":\"https:\\\/\\\/alexdecarvalho.com.br\\\/ilhadozouk\\\/wp-content\\\/uploads\\\/2020\\\/10\\\/apoio-pag.png\",\"contentUrl\":\"https:\\\/\\\/alexdecarvalho.com.br\\\/ilhadozouk\\\/wp-content\\\/uploads\\\/2020\\\/10\\\/apoio-pag.png\",\"width\":2336,\"height\":1979},{\"@type\":\"BreadcrumbList\",\"@id\":\"https:\\\/\\\/alexdecarvalho.com.br\\\/ilhadozouk\\\/pt-br\\\/apoio\\\/#breadcrumb\",\"itemListElement\":[{\"@type\":\"ListItem\",\"position\":1,\"name\":\"In\u00edcio\",\"item\":\"https:\\\/\\\/alexdecarvalho.com.br\\\/ilhadozouk\\\/pt-br\\\/\"},{\"@type\":\"ListItem\",\"position\":2,\"name\":\"Apoio\"}]},{\"@type\":\"WebSite\",\"@id\":\"https:\\\/\\\/alexdecarvalho.com.br\\\/ilhadozouk\\\/#website\",\"url\":\"https:\\\/\\\/alexdecarvalho.com.br\\\/ilhadozouk\\\/\",\"name\":\"Ilha do Zouk\",\"description\":\"\",\"publisher\":{\"@id\":\"https:\\\/\\\/alexdecarvalho.com.br\\\/ilhadozouk\\\/#organization\"},\"potentialAction\":[{\"@type\":\"SearchAction\",\"target\":{\"@type\":\"EntryPoint\",\"urlTemplate\":\"https:\\\/\\\/alexdecarvalho.com.br\\\/ilhadozouk\\\/?s={search_term_string}\"},\"query-input\":{\"@type\":\"PropertyValueSpecification\",\"valueRequired\":true,\"valueName\":\"search_term_string\"}}],\"inLanguage\":\"pt-BR\"},{\"@type\":\"Organization\",\"@id\":\"https:\\\/\\\/alexdecarvalho.com.br\\\/ilhadozouk\\\/#organization\",\"name\":\"Ilha do Zouk\",\"url\":\"https:\\\/\\\/alexdecarvalho.com.br\\\/ilhadozouk\\\/\",\"logo\":{\"@type\":\"ImageObject\",\"inLanguage\":\"pt-BR\",\"@id\":\"https:\\\/\\\/alexdecarvalho.com.br\\\/ilhadozouk\\\/#\\\/schema\\\/logo\\\/image\\\/\",\"url\":\"https:\\\/\\\/alexdecarvalho.com.br\\\/ilhadozouk\\\/wp-content\\\/uploads\\\/2021\\\/05\\\/app-idz-512.png\",\"contentUrl\":\"https:\\\/\\\/alexdecarvalho.com.br\\\/ilhadozouk\\\/wp-content\\\/uploads\\\/2021\\\/05\\\/app-idz-512.png\",\"width\":512,\"height\":512,\"caption\":\"Ilha do Zouk\"},\"image\":{\"@id\":\"https:\\\/\\\/alexdecarvalho.com.br\\\/ilhadozouk\\\/#\\\/schema\\\/logo\\\/image\\\/\"},\"sameAs\":[\"https:\\\/\\\/www.facebook.com\\\/ilhadozouk\",\"https:\\\/\\\/www.instagram.com\\\/ilhadozouk\\\/\",\"https:\\\/\\\/www.youtube.com\\\/user\\\/CDalexdecarvalho\"]}]}<\/script>\n<!-- \/ Yoast SEO Premium plugin. -->","yoast_head_json":{"title":"Apoio &#8211; Ilha do Zouk","robots":{"index":"index","follow":"follow","max-snippet":"max-snippet:-1","max-image-preview":"max-image-preview:large","max-video-preview":"max-video-preview:-1"},"canonical":"https:\/\/alexdecarvalho.com.br\/ilhadozouk\/pt-br\/apoio\/","og_locale":"pt_BR","og_type":"article","og_title":"Apoio &#8211; Ilha do Zouk","og_description":"Agradecemos tamb\u00e9m \u00e0 todas as pousadas parceiras, aos organizadores de grupo de congressistas, aos participantes das noites de espet\u00e1culo, a equipe de produ\u00e7\u00e3o\/staff, aos moradores&hellip;","og_url":"https:\/\/alexdecarvalho.com.br\/ilhadozouk\/pt-br\/apoio\/","og_site_name":"Ilha do Zouk","article_publisher":"https:\/\/www.facebook.com\/ilhadozouk","article_modified_time":"2021-04-13T09:40:59+00:00","og_image":[{"url":"https:\/\/alexdecarvalho.com.br\/ilhadozouk\/wp-content\/uploads\/2020\/10\/apoio-pag-1024x868.png","type":"","width":"","height":""}],"twitter_card":"summary_large_image","schema":{"@context":"https:\/\/schema.org","@graph":[{"@type":"WebPage","@id":"https:\/\/alexdecarvalho.com.br\/ilhadozouk\/pt-br\/apoio\/","url":"https:\/\/alexdecarvalho.com.br\/ilhadozouk\/pt-br\/apoio\/","name":"Apoio &#8211; Ilha do Zouk","isPartOf":{"@id":"https:\/\/alexdecarvalho.com.br\/ilhadozouk\/#website"},"primaryImageOfPage":{"@id":"https:\/\/alexdecarvalho.com.br\/ilhadozouk\/pt-br\/apoio\/#primaryimage"},"image":{"@id":"https:\/\/alexdecarvalho.com.br\/ilhadozouk\/pt-br\/apoio\/#primaryimage"},"thumbnailUrl":"https:\/\/alexdecarvalho.com.br\/ilhadozouk\/wp-content\/uploads\/2020\/10\/apoio-pag-1024x868.png","datePublished":"2020-11-05T22:52:29+00:00","dateModified":"2021-04-13T09:40:59+00:00","breadcrumb":{"@id":"https:\/\/alexdecarvalho.com.br\/ilhadozouk\/pt-br\/apoio\/#breadcrumb"},"inLanguage":"pt-BR","potentialAction":[{"@type":"ReadAction","target":["https:\/\/alexdecarvalho.com.br\/ilhadozouk\/pt-br\/apoio\/"]}]},{"@type":"ImageObject","inLanguage":"pt-BR","@id":"https:\/\/alexdecarvalho.com.br\/ilhadozouk\/pt-br\/apoio\/#primaryimage","url":"https:\/\/alexdecarvalho.com.br\/ilhadozouk\/wp-content\/uploads\/2020\/10\/apoio-pag.png","contentUrl":"https:\/\/alexdecarvalho.com.br\/ilhadozouk\/wp-content\/uploads\/2020\/10\/apoio-pag.png","width":2336,"height":1979},{"@type":"BreadcrumbList","@id":"https:\/\/alexdecarvalho.com.br\/ilhadozouk\/pt-br\/apoio\/#breadcrumb","itemListElement":[{"@type":"ListItem","position":1,"name":"In\u00edcio","item":"https:\/\/alexdecarvalho.com.br\/ilhadozouk\/pt-br\/"},{"@type":"ListItem","position":2,"name":"Apoio"}]},{"@type":"WebSite","@id":"https:\/\/alexdecarvalho.com.br\/ilhadozouk\/#website","url":"https:\/\/alexdecarvalho.com.br\/ilhadozouk\/","name":"Ilha do Zouk","description":"","publisher":{"@id":"https:\/\/alexdecarvalho.com.br\/ilhadozouk\/#organization"},"potentialAction":[{"@type":"SearchAction","target":{"@type":"EntryPoint","urlTemplate":"https:\/\/alexdecarvalho.com.br\/ilhadozouk\/?s={search_term_string}"},"query-input":{"@type":"PropertyValueSpecification","valueRequired":true,"valueName":"search_term_string"}}],"inLanguage":"pt-BR"},{"@type":"Organization","@id":"https:\/\/alexdecarvalho.com.br\/ilhadozouk\/#organization","name":"Ilha do Zouk","url":"https:\/\/alexdecarvalho.com.br\/ilhadozouk\/","logo":{"@type":"ImageObject","inLanguage":"pt-BR","@id":"https:\/\/alexdecarvalho.com.br\/ilhadozouk\/#\/schema\/logo\/image\/","url":"https:\/\/alexdecarvalho.com.br\/ilhadozouk\/wp-content\/uploads\/2021\/05\/app-idz-512.png","contentUrl":"https:\/\/alexdecarvalho.com.br\/ilhadozouk\/wp-content\/uploads\/2021\/05\/app-idz-512.png","width":512,"height":512,"caption":"Ilha do Zouk"},"image":{"@id":"https:\/\/alexdecarvalho.com.br\/ilhadozouk\/#\/schema\/logo\/image\/"},"sameAs":["https:\/\/www.facebook.com\/ilhadozouk","https:\/\/www.instagram.com\/ilhadozouk\/","https:\/\/www.youtube.com\/user\/CDalexdecarvalho"]}]}},"_links":{"self":[{"href":"https:\/\/alexdecarvalho.com.br\/ilhadozouk\/wp-json\/wp\/v2\/pages\/21972","targetHints":{"allow":["GET"]}}],"collection":[{"href":"https:\/\/alexdecarvalho.com.br\/ilhadozouk\/wp-json\/wp\/v2\/pages"}],"about":[{"href":"https:\/\/alexdecarvalho.com.br\/ilhadozouk\/wp-json\/wp\/v2\/types\/page"}],"author":[{"embeddable":true,"href":"https:\/\/alexdecarvalho.com.br\/ilhadozouk\/wp-json\/wp\/v2\/users\/2"}],"replies":[{"embeddable":true,"href":"https:\/\/alexdecarvalho.com.br\/ilhadozouk\/wp-json\/wp\/v2\/comments?post=21972"}],"version-history":[{"count":21,"href":"https:\/\/alexdecarvalho.com.br\/ilhadozouk\/wp-json\/wp\/v2\/pages\/21972\/revisions"}],"predecessor-version":[{"id":23762,"href":"https:\/\/alexdecarvalho.com.br\/ilhadozouk\/wp-json\/wp\/v2\/pages\/21972\/revisions\/23762"}],"wp:attachment":[{"href":"https:\/\/alexdecarvalho.com.br\/ilhadozouk\/wp-json\/wp\/v2\/media?parent=21972"}],"wp:term":[{"taxonomy":"folder","embeddable":true,"href":"https:\/\/alexdecarvalho.com.br\/ilhadozouk\/wp-json\/wp\/v2\/folder?post=21972"}],"curies":[{"name":"wp","href":"https:\/\/api.w.org\/{rel}","templated":true}]}}