{"id":23735,"date":"2021-04-13T06:02:07","date_gmt":"2021-04-13T09:02:07","guid":{"rendered":"https:\/\/alexdecarvalho.com.br\/ilhadozouk\/?page_id=23735"},"modified":"2021-04-14T07:15:18","modified_gmt":"2021-04-14T10:15:18","slug":"lui-larissa","status":"publish","type":"page","link":"https:\/\/alexdecarvalho.com.br\/ilhadozouk\/pt-br\/lui-larissa\/","title":{"rendered":"Lui &#038; Larissa"},"content":{"rendered":"\t\t<div data-elementor-type=\"wp-page\" data-elementor-id=\"23735\" class=\"elementor elementor-23735\" data-elementor-post-type=\"page\">\n\t\t\t\t\t\t<section class=\"elementor-section elementor-top-section elementor-element elementor-element-ed34bff elementor-section-boxed elementor-section-height-default elementor-section-height-default\" data-id=\"ed34bff\" data-element_type=\"section\" data-e-type=\"section\">\n\t\t\t\t\t\t<div class=\"elementor-container elementor-column-gap-default\">\n\t\t\t\t\t<div class=\"elementor-column elementor-col-100 elementor-top-column elementor-element elementor-element-ca267b6\" data-id=\"ca267b6\" data-element_type=\"column\" data-e-type=\"column\">\n\t\t\t<div class=\"elementor-widget-wrap elementor-element-populated\">\n\t\t\t\t\t\t<div class=\"elementor-element elementor-element-42a5483 elementor-widget elementor-widget-image\" data-id=\"42a5483\" data-element_type=\"widget\" data-e-type=\"widget\" data-widget_type=\"image.default\">\n\t\t\t\t<div class=\"elementor-widget-container\">\n\t\t\t\t\t\t\t\t\t\t\t\t\t\t\t<img fetchpriority=\"high\" decoding=\"async\" width=\"843\" height=\"310\" src=\"https:\/\/alexdecarvalho.com.br\/ilhadozouk\/wp-content\/uploads\/2021\/04\/capa-facebook-IDZ-48-1024x377.jpg\" class=\"attachment-large size-large wp-image-23738\" alt=\"\" srcset=\"https:\/\/alexdecarvalho.com.br\/ilhadozouk\/wp-content\/uploads\/2021\/04\/capa-facebook-IDZ-48-1024x377.jpg 1024w, https:\/\/alexdecarvalho.com.br\/ilhadozouk\/wp-content\/uploads\/2021\/04\/capa-facebook-IDZ-48-300x110.jpg 300w, https:\/\/alexdecarvalho.com.br\/ilhadozouk\/wp-content\/uploads\/2021\/04\/capa-facebook-IDZ-48-768x283.jpg 768w, https:\/\/alexdecarvalho.com.br\/ilhadozouk\/wp-content\/uploads\/2021\/04\/capa-facebook-IDZ-48-1536x566.jpg 1536w, https:\/\/alexdecarvalho.com.br\/ilhadozouk\/wp-content\/uploads\/2021\/04\/capa-facebook-IDZ-48-2048x754.jpg 2048w, https:\/\/alexdecarvalho.com.br\/ilhadozouk\/wp-content\/uploads\/2021\/04\/capa-facebook-IDZ-48-1670x615.jpg 1670w, https:\/\/alexdecarvalho.com.br\/ilhadozouk\/wp-content\/uploads\/2021\/04\/capa-facebook-IDZ-48-880x324.jpg 880w, https:\/\/alexdecarvalho.com.br\/ilhadozouk\/wp-content\/uploads\/2021\/04\/capa-facebook-IDZ-48-450x166.jpg 450w\" sizes=\"(max-width: 843px) 100vw, 843px\" \/>\t\t\t\t\t\t\t\t\t\t\t\t\t\t\t<\/div>\n\t\t\t\t<\/div>\n\t\t\t\t<div class=\"elementor-element elementor-element-613539d elementor-widget elementor-widget-heading\" data-id=\"613539d\" data-element_type=\"widget\" data-e-type=\"widget\" data-widget_type=\"heading.default\">\n\t\t\t\t<div class=\"elementor-widget-container\">\n\t\t\t\t\t<h2 class=\"elementor-heading-title elementor-size-default\">lui salton &amp; larissa almeida<\/h2>\t\t\t\t<\/div>\n\t\t\t\t<\/div>\n\t\t\t\t<div class=\"elementor-element elementor-element-50ec06e elementor-widget elementor-widget-text-editor\" data-id=\"50ec06e\" data-element_type=\"widget\" data-e-type=\"widget\" data-widget_type=\"text-editor.default\">\n\t\t\t\t<div class=\"elementor-widget-container\">\n\t\t\t\t\t\t\t\t\t<p><strong>::::: Temas das aulas \/ Topics of workshops<\/strong><\/p><p>&#8211; Conex\u00e3o (Frame e vetores horizontais) \/ Connection (Frame and horizontal vectors)<br \/>&#8211; Movimentos de cabe\u00e7a fora da caixa &#8211; Cela de cavalo &#8211; \/ Head Movements Outside the Box &#8211; Horse Saddle &#8211;<br \/>&#8211; Colgado com troca de posi\u00e7\u00e3o fluida e constante \/ Counterbalance with fluid and constant position change<\/p>\t\t\t\t\t\t\t\t<\/div>\n\t\t\t\t<\/div>\n\t\t\t\t\t<\/div>\n\t\t<\/div>\n\t\t\t\t\t<\/div>\n\t\t<\/section>\n\t\t\t\t<section class=\"elementor-section elementor-top-section elementor-element elementor-element-b825233 elementor-section-boxed elementor-section-height-default elementor-section-height-default\" data-id=\"b825233\" data-element_type=\"section\" data-e-type=\"section\" data-settings=\"{&quot;background_background&quot;:&quot;video&quot;,&quot;background_video_link&quot;:&quot;https:\\\/\\\/youtu.be\\\/A2guBNJf8Zc&quot;,&quot;background_video_start&quot;:0,&quot;background_video_end&quot;:45,&quot;background_play_on_mobile&quot;:&quot;yes&quot;}\">\n\t\t\t\t\t\t\t\t<div class=\"elementor-background-video-container\">\n\t\t\t\t\t\t\t\t\t\t\t\t\t<div class=\"elementor-background-video-embed\" role=\"presentation\"><\/div>\n\t\t\t\t\t\t\t\t\t\t\t\t<\/div>\n\t\t\t\t\t\t\t\t<div class=\"elementor-container elementor-column-gap-default\">\n\t\t\t\t\t<div class=\"elementor-column elementor-col-100 elementor-top-column elementor-element elementor-element-d15f9c7\" data-id=\"d15f9c7\" data-element_type=\"column\" data-e-type=\"column\">\n\t\t\t<div class=\"elementor-widget-wrap\">\n\t\t\t\t\t\t\t<\/div>\n\t\t<\/div>\n\t\t\t\t\t<\/div>\n\t\t<\/section>\n\t\t\t\t<section class=\"elementor-section elementor-top-section elementor-element elementor-element-56130a2 elementor-section-boxed elementor-section-height-default elementor-section-height-default\" data-id=\"56130a2\" data-element_type=\"section\" data-e-type=\"section\">\n\t\t\t\t\t\t<div class=\"elementor-container elementor-column-gap-default\">\n\t\t\t\t\t<div class=\"elementor-column elementor-col-100 elementor-top-column elementor-element elementor-element-5e45709\" data-id=\"5e45709\" data-element_type=\"column\" data-e-type=\"column\">\n\t\t\t<div class=\"elementor-widget-wrap elementor-element-populated\">\n\t\t\t\t\t\t<div class=\"elementor-element elementor-element-ad90f94 elementor-tabs-view-horizontal elementor-widget elementor-widget-tabs\" data-id=\"ad90f94\" data-element_type=\"widget\" data-e-type=\"widget\" data-widget_type=\"tabs.default\">\n\t\t\t\t<div class=\"elementor-widget-container\">\n\t\t\t\t\t\t\t<div class=\"elementor-tabs\">\n\t\t\t<div class=\"elementor-tabs-wrapper\" role=\"tablist\" >\n\t\t\t\t\t\t\t\t\t<div id=\"elementor-tab-title-1811\" class=\"elementor-tab-title elementor-tab-desktop-title\" aria-selected=\"true\" data-tab=\"1\" role=\"tab\" tabindex=\"0\" aria-controls=\"elementor-tab-content-1811\" aria-expanded=\"false\">English<\/div>\n\t\t\t\t\t\t\t\t\t<div id=\"elementor-tab-title-1812\" class=\"elementor-tab-title elementor-tab-desktop-title\" aria-selected=\"false\" data-tab=\"2\" role=\"tab\" tabindex=\"-1\" aria-controls=\"elementor-tab-content-1812\" aria-expanded=\"false\">Portugu\u00eas<\/div>\n\t\t\t\t\t\t\t<\/div>\n\t\t\t<div class=\"elementor-tabs-content-wrapper\" role=\"tablist\" aria-orientation=\"vertical\">\n\t\t\t\t\t\t\t\t\t<div class=\"elementor-tab-title elementor-tab-mobile-title\" aria-selected=\"true\" data-tab=\"1\" role=\"tab\" tabindex=\"0\" aria-controls=\"elementor-tab-content-1811\" aria-expanded=\"false\">English<\/div>\n\t\t\t\t\t<div id=\"elementor-tab-content-1811\" class=\"elementor-tab-content elementor-clearfix\" data-tab=\"1\" role=\"tabpanel\" aria-labelledby=\"elementor-tab-title-1811\" tabindex=\"0\" hidden=\"false\"><p><strong>Lu\u00ed and Larissa are two young Brazilian Zouk teachers from S\u00e3o Paulo. With an organic and innovative approach, they promote studies that contribute to Brazilian Zouk reaching new levels.\u00a0<\/strong><\/p><p><strong>They have been studying social couple dances since 2012 and in 2015 they focused their specialization on Brazilian Zouk. In 2019, they enrolled in their first international tour to teach in the United States and Europe.\u00a0<\/strong><\/p><p><strong>They are world renowned for their teaching skills. Focusing on non-choreographic methods, their classes follow a constructivist model, where learning takes place through individual discovery. In their classes, L&amp;L prioritize the sharing of tools, which allow dancers to express their individuality, while connecting to their partner and the culture of Brazilian Zouk.\u00a0<\/strong><\/p><p><strong>In their dancing, they are recognized for exploring the codes of Zouk in a profound way, and for their harmony and dance connection.\u00a0<\/strong><\/p><p><strong>Their main teachers were Charles Matias, with whom they took their first steps in Zouk, and Rubia Frutuoso, as members of their dance company.\u00a0<\/strong><\/p><p><strong>Among their various theoretical studies are topics such as counterbalance, frame and connection, head movements and time distribution of the steps. Resulting in technical discoveries that are shared with joy and passion.\u00a0<\/strong><\/p><p><strong>Their mission is to contribute to a happier and more empathetic society through art. They work to spread what they learn with lightness and love.<\/strong><\/p><\/div>\n\t\t\t\t\t\t\t\t\t<div class=\"elementor-tab-title elementor-tab-mobile-title\" aria-selected=\"false\" data-tab=\"2\" role=\"tab\" tabindex=\"-1\" aria-controls=\"elementor-tab-content-1812\" aria-expanded=\"false\">Portugu\u00eas<\/div>\n\t\t\t\t\t<div id=\"elementor-tab-content-1812\" class=\"elementor-tab-content elementor-clearfix\" data-tab=\"2\" role=\"tabpanel\" aria-labelledby=\"elementor-tab-title-1812\" tabindex=\"0\" hidden=\"hidden\"><p><strong>Lu\u00ed e Larissa s\u00e3o dois jovens professores de Zouk Brasileiro de S\u00e3o Paulo. Com uma abordagem org\u00e2nica e inovadora, promovem estudos que contribuem para que o Zouk Brasileiro alcance novos patamares.\u00a0<\/strong><\/p><p><strong>Estudam a dan\u00e7a a dois desde 2012 e em 2015 focaram sua especializa\u00e7\u00e3o no Zouk Brasileiro.<\/strong><\/p><p><strong>Em 2019, ingressaram em seu primeiro Tour internacional para lecionar nos Estados Unidos e Europa.\u00a0<\/strong><\/p><p><strong>S\u00e3o mundialmente conhecidos pelas suas habilidades did\u00e1ticas. Com foco em m\u00e9todos n\u00e3o coreogr\u00e1ficos, suas aulas seguem um modelo construtivista, onde o aprendizado se d\u00e1 atrav\u00e9s da descoberta individual. Em suas aulas, L&amp;L priorizam o compartilhamento de ferramentas, tais quais permitem aos dan\u00e7arinos expressarem sua individualidade, enquanto se conectam ao parceiro e \u00e0 cultura do Zouk Brasileiro.\u00a0<\/strong><\/p><p><strong>J\u00e1 em sua dan\u00e7a, s\u00e3o reconhecidos por explorar os c\u00f3digos do Zouk de forma profunda, e por sua sintonia e conex\u00e3o dan\u00e7ante.\u00a0<\/strong><\/p><p><strong>Seus principais professores foram Charles Matias, com quem deram os primeiros passos no Zouk, e Rubia Frutuoso, como membros de sua Companhia de dan\u00e7a.\u00a0<\/strong><\/p><p><strong>Entre seus diversos estudos te\u00f3ricos, encontram-se t\u00f3picos como contrapeso, frame e conex\u00e3o, movimentos de cabe\u00e7a e distribui\u00e7\u00e3o temporal dos passos. Resultando em descobertas t\u00e9cnicas que s\u00e3o compartilhadas com alegria e paix\u00e3o.\u00a0<\/strong><\/p><p><strong>Sua miss\u00e3o \u00e9 contribuir para uma sociedade mais feliz e emp\u00e1tica atrav\u00e9s da arte. Trabalham para espalhar o que aprendem com leveza e amor.<\/strong><\/p><p>\u00a0<\/p><\/div>\n\t\t\t\t\t\t\t<\/div>\n\t\t<\/div>\n\t\t\t\t\t\t<\/div>\n\t\t\t\t<\/div>\n\t\t\t\t\t<\/div>\n\t\t<\/div>\n\t\t\t\t\t<\/div>\n\t\t<\/section>\n\t\t\t\t<section class=\"elementor-section elementor-top-section elementor-element elementor-element-afbd50d elementor-section-boxed elementor-section-height-default elementor-section-height-default\" data-id=\"afbd50d\" data-element_type=\"section\" data-e-type=\"section\" data-settings=\"{&quot;background_background&quot;:&quot;classic&quot;}\">\n\t\t\t\t\t\t<div class=\"elementor-container elementor-column-gap-default\">\n\t\t\t\t\t<div class=\"elementor-column elementor-col-100 elementor-top-column elementor-element elementor-element-86d6828\" data-id=\"86d6828\" data-element_type=\"column\" data-e-type=\"column\">\n\t\t\t<div class=\"elementor-widget-wrap elementor-element-populated\">\n\t\t\t\t\t\t<section class=\"elementor-section elementor-inner-section elementor-element elementor-element-4d2e5cc elementor-section-boxed elementor-section-height-default elementor-section-height-default\" data-id=\"4d2e5cc\" data-element_type=\"section\" data-e-type=\"section\">\n\t\t\t\t\t\t<div class=\"elementor-container elementor-column-gap-default\">\n\t\t\t\t\t<div class=\"elementor-column elementor-col-25 elementor-inner-column elementor-element elementor-element-339739f\" data-id=\"339739f\" data-element_type=\"column\" data-e-type=\"column\">\n\t\t\t<div class=\"elementor-widget-wrap elementor-element-populated\">\n\t\t\t\t\t\t<div class=\"elementor-element elementor-element-f8b27f0 elementor-align-center elementor-widget elementor-widget-button\" data-id=\"f8b27f0\" data-element_type=\"widget\" data-e-type=\"widget\" data-widget_type=\"button.default\">\n\t\t\t\t<div class=\"elementor-widget-container\">\n\t\t\t\t\t\t\t\t\t<div class=\"elementor-button-wrapper\">\n\t\t\t\t\t<a class=\"elementor-button elementor-button-link elementor-size-sm\" href=\"https:\/\/www.eventbrite.com.br\/e\/ilha-do-zouk-2022-tickets-146616575123\" target=\"_blank\">\n\t\t\t\t\t\t<span class=\"elementor-button-content-wrapper\">\n\t\t\t\t\t\t\t\t\t<span class=\"elementor-button-text\">INSCREVA-SE AGORA!!! BUY YOUR TICKET NOW!!<\/span>\n\t\t\t\t\t<\/span>\n\t\t\t\t\t<\/a>\n\t\t\t\t<\/div>\n\t\t\t\t\t\t\t\t<\/div>\n\t\t\t\t<\/div>\n\t\t\t\t\t<\/div>\n\t\t<\/div>\n\t\t\t\t<div class=\"elementor-column elementor-col-25 elementor-inner-column elementor-element elementor-element-04ed5f9\" data-id=\"04ed5f9\" data-element_type=\"column\" data-e-type=\"column\">\n\t\t\t<div class=\"elementor-widget-wrap elementor-element-populated\">\n\t\t\t\t\t\t<div class=\"elementor-element elementor-element-2c8f43a elementor-widget elementor-widget-image\" data-id=\"2c8f43a\" data-element_type=\"widget\" data-e-type=\"widget\" data-widget_type=\"image.default\">\n\t\t\t\t<div class=\"elementor-widget-container\">\n\t\t\t\t\t\t\t\t\t\t\t\t\t\t\t\t<a href=\"https:\/\/www.eventbrite.com.br\/e\/ilha-do-zouk-2022-tickets-146616575123\" target=\"_blank\">\n\t\t\t\t\t\t\t<img decoding=\"async\" src=\"https:\/\/alexdecarvalho.com.br\/ilhadozouk\/wp-content\/uploads\/elementor\/thumbs\/eventbrite-oyqu0qn7yv86032jnzbohua2b9a1px86lhrci02fri.png\" title=\"eventbrite\" alt=\"eventbrite\" loading=\"lazy\" \/>\t\t\t\t\t\t\t\t<\/a>\n\t\t\t\t\t\t\t\t\t\t\t\t\t\t\t<\/div>\n\t\t\t\t<\/div>\n\t\t\t\t\t<\/div>\n\t\t<\/div>\n\t\t\t\t<div class=\"elementor-column elementor-col-25 elementor-inner-column elementor-element elementor-element-7b3a80a\" data-id=\"7b3a80a\" data-element_type=\"column\" data-e-type=\"column\">\n\t\t\t<div class=\"elementor-widget-wrap elementor-element-populated\">\n\t\t\t\t\t\t<div class=\"elementor-element elementor-element-61dc4a7 elementor-widget elementor-widget-image\" data-id=\"61dc4a7\" data-element_type=\"widget\" data-e-type=\"widget\" data-widget_type=\"image.default\">\n\t\t\t\t<div class=\"elementor-widget-container\">\n\t\t\t\t\t\t\t\t\t\t\t\t\t\t\t\t<a href=\"https:\/\/www.paypal.com\/paypalme\/alexdecarvalhozouk?locale.x=fr_FR\" target=\"_blank\">\n\t\t\t\t\t\t\t<img decoding=\"async\" src=\"https:\/\/alexdecarvalho.com.br\/ilhadozouk\/wp-content\/uploads\/elementor\/thumbs\/paypal-logo-oyqu4dascu70tvsrh1stmfb4vte2fumvfgfu7gopq2.png\" title=\"paypal logo\" alt=\"paypal logo\" loading=\"lazy\" \/>\t\t\t\t\t\t\t\t<\/a>\n\t\t\t\t\t\t\t\t\t\t\t\t\t\t\t<\/div>\n\t\t\t\t<\/div>\n\t\t\t\t\t<\/div>\n\t\t<\/div>\n\t\t\t\t<div class=\"elementor-column elementor-col-25 elementor-inner-column elementor-element elementor-element-eda3307\" data-id=\"eda3307\" data-element_type=\"column\" data-e-type=\"column\">\n\t\t\t<div class=\"elementor-widget-wrap elementor-element-populated\">\n\t\t\t\t\t\t<div class=\"elementor-element elementor-element-38c8696 elementor-widget elementor-widget-image\" data-id=\"38c8696\" data-element_type=\"widget\" data-e-type=\"widget\" data-widget_type=\"image.default\">\n\t\t\t\t<div class=\"elementor-widget-container\">\n\t\t\t\t\t\t\t\t\t\t\t\t\t\t\t\t<a href=\"https:\/\/www.itau.com.br\/\" target=\"_blank\">\n\t\t\t\t\t\t\t<img decoding=\"async\" src=\"https:\/\/alexdecarvalho.com.br\/ilhadozouk\/wp-content\/uploads\/elementor\/thumbs\/758px-Banco_Itau_logo.svg-oyqu9691gklzg0ldava3zr5f7h2gpcuohru6bpmwdw.png\" title=\"758px-Banco_Ita\u00fa_logo.svg\" alt=\"758px-Banco_Ita\u00fa_logo.svg\" loading=\"lazy\" \/>\t\t\t\t\t\t\t\t<\/a>\n\t\t\t\t\t\t\t\t\t\t\t\t\t\t\t<\/div>\n\t\t\t\t<\/div>\n\t\t\t\t\t<\/div>\n\t\t<\/div>\n\t\t\t\t\t<\/div>\n\t\t<\/section>\n\t\t\t\t\t<\/div>\n\t\t<\/div>\n\t\t\t\t\t<\/div>\n\t\t<\/section>\n\t\t\t\t<\/div>\n\t\t","protected":false},"excerpt":{"rendered":"<p>lui salton &amp; larissa almeida ::::: Temas das aulas \/ Topics of workshops &#8211; Conex\u00e3o (Frame e vetores horizontais) \/ Connection (Frame and horizontal vectors)&#8211;&hellip;<\/p>\n","protected":false},"author":2,"featured_media":0,"parent":0,"menu_order":0,"comment_status":"closed","ping_status":"closed","template":"elementor_header_footer","meta":{"footnotes":""},"folder":[526],"class_list":["post-23735","page","type-page","status-publish","hentry"],"yoast_head":"<!-- This site is optimized with the Yoast SEO Premium plugin v16.1 (Yoast SEO v27.4) - https:\/\/yoast.com\/product\/yoast-seo-premium-wordpress\/ -->\n<title>Lui &amp; Larissa &#8211; Ilha do Zouk<\/title>\n<meta name=\"robots\" content=\"index, follow, max-snippet:-1, max-image-preview:large, max-video-preview:-1\" \/>\n<link rel=\"canonical\" href=\"https:\/\/alexdecarvalho.com.br\/ilhadozouk\/pt-br\/lui-larissa\/\" \/>\n<meta property=\"og:locale\" content=\"pt_BR\" \/>\n<meta property=\"og:type\" content=\"article\" \/>\n<meta property=\"og:title\" content=\"Lui &amp; Larissa &#8211; Ilha do Zouk\" \/>\n<meta property=\"og:description\" content=\"lui salton &amp; larissa almeida ::::: Temas das aulas \/ Topics of workshops &#8211; Conex\u00e3o (Frame e vetores horizontais) \/ Connection (Frame and horizontal vectors)&#8211;&hellip;\" \/>\n<meta property=\"og:url\" content=\"https:\/\/alexdecarvalho.com.br\/ilhadozouk\/pt-br\/lui-larissa\/\" \/>\n<meta property=\"og:site_name\" content=\"Ilha do Zouk\" \/>\n<meta property=\"article:publisher\" content=\"https:\/\/www.facebook.com\/ilhadozouk\" \/>\n<meta property=\"article:modified_time\" content=\"2021-04-14T10:15:18+00:00\" \/>\n<meta property=\"og:image\" content=\"https:\/\/alexdecarvalho.com.br\/ilhadozouk\/wp-content\/uploads\/2021\/04\/capa-facebook-IDZ-48-1024x377.jpg\" \/>\n<meta name=\"twitter:card\" content=\"summary_large_image\" \/>\n<meta name=\"twitter:label1\" content=\"Est. tempo de leitura\" \/>\n\t<meta name=\"twitter:data1\" content=\"3 minutos\" \/>\n<script type=\"application\/ld+json\" class=\"yoast-schema-graph\">{\"@context\":\"https:\\\/\\\/schema.org\",\"@graph\":[{\"@type\":\"WebPage\",\"@id\":\"https:\\\/\\\/alexdecarvalho.com.br\\\/ilhadozouk\\\/pt-br\\\/lui-larissa\\\/\",\"url\":\"https:\\\/\\\/alexdecarvalho.com.br\\\/ilhadozouk\\\/pt-br\\\/lui-larissa\\\/\",\"name\":\"Lui & Larissa &#8211; Ilha do Zouk\",\"isPartOf\":{\"@id\":\"https:\\\/\\\/alexdecarvalho.com.br\\\/ilhadozouk\\\/#website\"},\"primaryImageOfPage\":{\"@id\":\"https:\\\/\\\/alexdecarvalho.com.br\\\/ilhadozouk\\\/pt-br\\\/lui-larissa\\\/#primaryimage\"},\"image\":{\"@id\":\"https:\\\/\\\/alexdecarvalho.com.br\\\/ilhadozouk\\\/pt-br\\\/lui-larissa\\\/#primaryimage\"},\"thumbnailUrl\":\"https:\\\/\\\/alexdecarvalho.com.br\\\/ilhadozouk\\\/wp-content\\\/uploads\\\/2021\\\/04\\\/capa-facebook-IDZ-48-1024x377.jpg\",\"datePublished\":\"2021-04-13T09:02:07+00:00\",\"dateModified\":\"2021-04-14T10:15:18+00:00\",\"breadcrumb\":{\"@id\":\"https:\\\/\\\/alexdecarvalho.com.br\\\/ilhadozouk\\\/pt-br\\\/lui-larissa\\\/#breadcrumb\"},\"inLanguage\":\"pt-BR\",\"potentialAction\":[{\"@type\":\"ReadAction\",\"target\":[\"https:\\\/\\\/alexdecarvalho.com.br\\\/ilhadozouk\\\/pt-br\\\/lui-larissa\\\/\"]}]},{\"@type\":\"ImageObject\",\"inLanguage\":\"pt-BR\",\"@id\":\"https:\\\/\\\/alexdecarvalho.com.br\\\/ilhadozouk\\\/pt-br\\\/lui-larissa\\\/#primaryimage\",\"url\":\"https:\\\/\\\/alexdecarvalho.com.br\\\/ilhadozouk\\\/wp-content\\\/uploads\\\/2021\\\/04\\\/capa-facebook-IDZ-48-1024x377.jpg\",\"contentUrl\":\"https:\\\/\\\/alexdecarvalho.com.br\\\/ilhadozouk\\\/wp-content\\\/uploads\\\/2021\\\/04\\\/capa-facebook-IDZ-48-1024x377.jpg\"},{\"@type\":\"BreadcrumbList\",\"@id\":\"https:\\\/\\\/alexdecarvalho.com.br\\\/ilhadozouk\\\/pt-br\\\/lui-larissa\\\/#breadcrumb\",\"itemListElement\":[{\"@type\":\"ListItem\",\"position\":1,\"name\":\"In\u00edcio\",\"item\":\"https:\\\/\\\/alexdecarvalho.com.br\\\/ilhadozouk\\\/pt-br\\\/\"},{\"@type\":\"ListItem\",\"position\":2,\"name\":\"Lui &#038; Larissa\"}]},{\"@type\":\"WebSite\",\"@id\":\"https:\\\/\\\/alexdecarvalho.com.br\\\/ilhadozouk\\\/#website\",\"url\":\"https:\\\/\\\/alexdecarvalho.com.br\\\/ilhadozouk\\\/\",\"name\":\"Ilha do Zouk\",\"description\":\"\",\"publisher\":{\"@id\":\"https:\\\/\\\/alexdecarvalho.com.br\\\/ilhadozouk\\\/#organization\"},\"potentialAction\":[{\"@type\":\"SearchAction\",\"target\":{\"@type\":\"EntryPoint\",\"urlTemplate\":\"https:\\\/\\\/alexdecarvalho.com.br\\\/ilhadozouk\\\/?s={search_term_string}\"},\"query-input\":{\"@type\":\"PropertyValueSpecification\",\"valueRequired\":true,\"valueName\":\"search_term_string\"}}],\"inLanguage\":\"pt-BR\"},{\"@type\":\"Organization\",\"@id\":\"https:\\\/\\\/alexdecarvalho.com.br\\\/ilhadozouk\\\/#organization\",\"name\":\"Ilha do Zouk\",\"url\":\"https:\\\/\\\/alexdecarvalho.com.br\\\/ilhadozouk\\\/\",\"logo\":{\"@type\":\"ImageObject\",\"inLanguage\":\"pt-BR\",\"@id\":\"https:\\\/\\\/alexdecarvalho.com.br\\\/ilhadozouk\\\/#\\\/schema\\\/logo\\\/image\\\/\",\"url\":\"https:\\\/\\\/alexdecarvalho.com.br\\\/ilhadozouk\\\/wp-content\\\/uploads\\\/2021\\\/05\\\/app-idz-512.png\",\"contentUrl\":\"https:\\\/\\\/alexdecarvalho.com.br\\\/ilhadozouk\\\/wp-content\\\/uploads\\\/2021\\\/05\\\/app-idz-512.png\",\"width\":512,\"height\":512,\"caption\":\"Ilha do Zouk\"},\"image\":{\"@id\":\"https:\\\/\\\/alexdecarvalho.com.br\\\/ilhadozouk\\\/#\\\/schema\\\/logo\\\/image\\\/\"},\"sameAs\":[\"https:\\\/\\\/www.facebook.com\\\/ilhadozouk\",\"https:\\\/\\\/www.instagram.com\\\/ilhadozouk\\\/\",\"https:\\\/\\\/www.youtube.com\\\/user\\\/CDalexdecarvalho\"]}]}<\/script>\n<!-- \/ Yoast SEO Premium plugin. -->","yoast_head_json":{"title":"Lui & Larissa &#8211; Ilha do Zouk","robots":{"index":"index","follow":"follow","max-snippet":"max-snippet:-1","max-image-preview":"max-image-preview:large","max-video-preview":"max-video-preview:-1"},"canonical":"https:\/\/alexdecarvalho.com.br\/ilhadozouk\/pt-br\/lui-larissa\/","og_locale":"pt_BR","og_type":"article","og_title":"Lui & Larissa &#8211; Ilha do Zouk","og_description":"lui salton &amp; larissa almeida ::::: Temas das aulas \/ Topics of workshops &#8211; Conex\u00e3o (Frame e vetores horizontais) \/ Connection (Frame and horizontal vectors)&#8211;&hellip;","og_url":"https:\/\/alexdecarvalho.com.br\/ilhadozouk\/pt-br\/lui-larissa\/","og_site_name":"Ilha do Zouk","article_publisher":"https:\/\/www.facebook.com\/ilhadozouk","article_modified_time":"2021-04-14T10:15:18+00:00","og_image":[{"url":"https:\/\/alexdecarvalho.com.br\/ilhadozouk\/wp-content\/uploads\/2021\/04\/capa-facebook-IDZ-48-1024x377.jpg","type":"","width":"","height":""}],"twitter_card":"summary_large_image","twitter_misc":{"Est. tempo de leitura":"3 minutos"},"schema":{"@context":"https:\/\/schema.org","@graph":[{"@type":"WebPage","@id":"https:\/\/alexdecarvalho.com.br\/ilhadozouk\/pt-br\/lui-larissa\/","url":"https:\/\/alexdecarvalho.com.br\/ilhadozouk\/pt-br\/lui-larissa\/","name":"Lui & Larissa &#8211; Ilha do Zouk","isPartOf":{"@id":"https:\/\/alexdecarvalho.com.br\/ilhadozouk\/#website"},"primaryImageOfPage":{"@id":"https:\/\/alexdecarvalho.com.br\/ilhadozouk\/pt-br\/lui-larissa\/#primaryimage"},"image":{"@id":"https:\/\/alexdecarvalho.com.br\/ilhadozouk\/pt-br\/lui-larissa\/#primaryimage"},"thumbnailUrl":"https:\/\/alexdecarvalho.com.br\/ilhadozouk\/wp-content\/uploads\/2021\/04\/capa-facebook-IDZ-48-1024x377.jpg","datePublished":"2021-04-13T09:02:07+00:00","dateModified":"2021-04-14T10:15:18+00:00","breadcrumb":{"@id":"https:\/\/alexdecarvalho.com.br\/ilhadozouk\/pt-br\/lui-larissa\/#breadcrumb"},"inLanguage":"pt-BR","potentialAction":[{"@type":"ReadAction","target":["https:\/\/alexdecarvalho.com.br\/ilhadozouk\/pt-br\/lui-larissa\/"]}]},{"@type":"ImageObject","inLanguage":"pt-BR","@id":"https:\/\/alexdecarvalho.com.br\/ilhadozouk\/pt-br\/lui-larissa\/#primaryimage","url":"https:\/\/alexdecarvalho.com.br\/ilhadozouk\/wp-content\/uploads\/2021\/04\/capa-facebook-IDZ-48-1024x377.jpg","contentUrl":"https:\/\/alexdecarvalho.com.br\/ilhadozouk\/wp-content\/uploads\/2021\/04\/capa-facebook-IDZ-48-1024x377.jpg"},{"@type":"BreadcrumbList","@id":"https:\/\/alexdecarvalho.com.br\/ilhadozouk\/pt-br\/lui-larissa\/#breadcrumb","itemListElement":[{"@type":"ListItem","position":1,"name":"In\u00edcio","item":"https:\/\/alexdecarvalho.com.br\/ilhadozouk\/pt-br\/"},{"@type":"ListItem","position":2,"name":"Lui &#038; Larissa"}]},{"@type":"WebSite","@id":"https:\/\/alexdecarvalho.com.br\/ilhadozouk\/#website","url":"https:\/\/alexdecarvalho.com.br\/ilhadozouk\/","name":"Ilha do Zouk","description":"","publisher":{"@id":"https:\/\/alexdecarvalho.com.br\/ilhadozouk\/#organization"},"potentialAction":[{"@type":"SearchAction","target":{"@type":"EntryPoint","urlTemplate":"https:\/\/alexdecarvalho.com.br\/ilhadozouk\/?s={search_term_string}"},"query-input":{"@type":"PropertyValueSpecification","valueRequired":true,"valueName":"search_term_string"}}],"inLanguage":"pt-BR"},{"@type":"Organization","@id":"https:\/\/alexdecarvalho.com.br\/ilhadozouk\/#organization","name":"Ilha do Zouk","url":"https:\/\/alexdecarvalho.com.br\/ilhadozouk\/","logo":{"@type":"ImageObject","inLanguage":"pt-BR","@id":"https:\/\/alexdecarvalho.com.br\/ilhadozouk\/#\/schema\/logo\/image\/","url":"https:\/\/alexdecarvalho.com.br\/ilhadozouk\/wp-content\/uploads\/2021\/05\/app-idz-512.png","contentUrl":"https:\/\/alexdecarvalho.com.br\/ilhadozouk\/wp-content\/uploads\/2021\/05\/app-idz-512.png","width":512,"height":512,"caption":"Ilha do Zouk"},"image":{"@id":"https:\/\/alexdecarvalho.com.br\/ilhadozouk\/#\/schema\/logo\/image\/"},"sameAs":["https:\/\/www.facebook.com\/ilhadozouk","https:\/\/www.instagram.com\/ilhadozouk\/","https:\/\/www.youtube.com\/user\/CDalexdecarvalho"]}]}},"_links":{"self":[{"href":"https:\/\/alexdecarvalho.com.br\/ilhadozouk\/wp-json\/wp\/v2\/pages\/23735","targetHints":{"allow":["GET"]}}],"collection":[{"href":"https:\/\/alexdecarvalho.com.br\/ilhadozouk\/wp-json\/wp\/v2\/pages"}],"about":[{"href":"https:\/\/alexdecarvalho.com.br\/ilhadozouk\/wp-json\/wp\/v2\/types\/page"}],"author":[{"embeddable":true,"href":"https:\/\/alexdecarvalho.com.br\/ilhadozouk\/wp-json\/wp\/v2\/users\/2"}],"replies":[{"embeddable":true,"href":"https:\/\/alexdecarvalho.com.br\/ilhadozouk\/wp-json\/wp\/v2\/comments?post=23735"}],"version-history":[{"count":14,"href":"https:\/\/alexdecarvalho.com.br\/ilhadozouk\/wp-json\/wp\/v2\/pages\/23735\/revisions"}],"predecessor-version":[{"id":23897,"href":"https:\/\/alexdecarvalho.com.br\/ilhadozouk\/wp-json\/wp\/v2\/pages\/23735\/revisions\/23897"}],"wp:attachment":[{"href":"https:\/\/alexdecarvalho.com.br\/ilhadozouk\/wp-json\/wp\/v2\/media?parent=23735"}],"wp:term":[{"taxonomy":"folder","embeddable":true,"href":"https:\/\/alexdecarvalho.com.br\/ilhadozouk\/wp-json\/wp\/v2\/folder?post=23735"}],"curies":[{"name":"wp","href":"https:\/\/api.w.org\/{rel}","templated":true}]}}